{"id":16025,"date":"2022-05-30T08:58:49","date_gmt":"2022-05-30T06:58:49","guid":{"rendered":"https:\/\/www.raschvin.com\/vare\/plantation-rum-original-dark\/"},"modified":"2026-02-12T19:54:34","modified_gmt":"2026-02-12T18:54:34","slug":"plantation-rum-original-dark","status":"publish","type":"product","link":"https:\/\/www.raschvin.com\/sv\/produkt\/plantation-rum-original-dark\/","title":{"rendered":"Planteray Rum \u2013 Original Dark 70 cl. 40%"},"content":{"rendered":"<p data-start=\"100\" data-end=\"463\">Planteray Original Dark \u00e4r en m\u00f6rk rom med gener\u00f6s karakt\u00e4r och tydlig mjukhet \u2013 perfekt n\u00e4r du vill ha en rom som b\u00e5de fungerar i drinkar och smakar riktigt bra som den \u00e4r. Stilen \u00e4r varm och rund med klassiska toner av karamell, vanilj och m\u00f6rk frukt, tillsammans med ett l\u00e4tt kryddigt avslut som ger djup utan att bli tungt.<\/p>\n<p data-start=\"465\" data-end=\"677\">Det h\u00e4r \u00e4r en riktig \u201cgo-to\u201d-rom f\u00f6r hemmabaren: grym i <strong data-start=\"521\" data-end=\"540\">Dark \u2019n\u2019 Stormy<\/strong>, <strong data-start=\"542\" data-end=\"556\">Rum &amp; Cola<\/strong> och rombaserade cocktails d\u00e4r du vill ha mer kropp och smak. Den funkar ocks\u00e5 utm\u00e4rkt att sippa l\u00e4tt kyld eller \u00f6ver is.<\/p>\n<p data-start=\"679\" data-end=\"784\"><strong data-start=\"679\" data-end=\"693\">Smakprofil<\/strong><br data-start=\"693\" data-end=\"696\" \/>M\u00f6rk rom med mjuka toner av karamell, vanilj, kryddighet och ett runt, behagligt avslut.<\/p>\n<p data-start=\"786\" data-end=\"910\"><strong data-start=\"786\" data-end=\"801\">Passar till<\/strong><br data-start=\"801\" data-end=\"804\" \/>Drinkar med ingef\u00e4ra, cola och citrus, tropiska cocktails \u2013 eller som en smakrik rom i glaset efter maten.<\/p>\n","protected":false},"excerpt":{"rendered":"<p>Artisanal Rum \u2013 Product of France<\/p>\n","protected":false},"featured_media":115823,"template":"","meta":{"_acf_changed":false,"rs_blank_template":"","rs_page_bg_color":"","slide_template_v7":""},"product_brand":[],"product_cat":[2387,2391,4624],"product_tag":[],"class_list":{"0":"post-16025","1":"product","2":"type-product","3":"status-publish","4":"has-post-thumbnail","6":"product_cat-avec-sv","7":"product_cat-rom-sv","8":"product_cat-dark-sv","9":"pa_land-frankrike","10":"pa_procent-40-sv-2","11":"pa_producent-maison-ferrand-sv","12":"pa_volume-70-sv-2","14":"first","15":"instock","16":"taxable","17":"shipping-taxable","18":"purchasable","19":"product-type-simple"},"bundled_by":["58779","115807"],"bundle_stock_status":"instock","bundle_stock_quantity":null,"bundle_virtual":false,"bundle_layout":"","bundle_add_to_cart_form_location":"","bundle_editable_in_cart":false,"bundle_sold_individually_context":"","bundle_item_grouping":"","bundle_min_size":"","bundle_max_size":"","bundle_price":[],"bundled_items":[],"bundle_sell_ids":[],"acf":[],"_links":{"self":[{"href":"https:\/\/www.raschvin.com\/sv\/wp-json\/wp\/v2\/product\/16025","targetHints":{"allow":["GET"]}}],"collection":[{"href":"https:\/\/www.raschvin.com\/sv\/wp-json\/wp\/v2\/product"}],"about":[{"href":"https:\/\/www.raschvin.com\/sv\/wp-json\/wp\/v2\/types\/product"}],"wp:featuredmedia":[{"embeddable":true,"href":"https:\/\/www.raschvin.com\/sv\/wp-json\/wp\/v2\/media\/115823"}],"wp:attachment":[{"href":"https:\/\/www.raschvin.com\/sv\/wp-json\/wp\/v2\/media?parent=16025"}],"wp:term":[{"taxonomy":"product_brand","embeddable":true,"href":"https:\/\/www.raschvin.com\/sv\/wp-json\/wp\/v2\/product_brand?post=16025"},{"taxonomy":"product_cat","embeddable":true,"href":"https:\/\/www.raschvin.com\/sv\/wp-json\/wp\/v2\/product_cat?post=16025"},{"taxonomy":"product_tag","embeddable":true,"href":"https:\/\/www.raschvin.com\/sv\/wp-json\/wp\/v2\/product_tag?post=16025"}],"curies":[{"name":"wp","href":"https:\/\/api.w.org\/{rel}","templated":true}]}}