{"id":16021,"date":"2022-05-30T08:57:42","date_gmt":"2022-05-30T06:57:42","guid":{"rendered":"https:\/\/www.raschvin.com\/vare\/plantation-pineapple\/"},"modified":"2026-03-02T16:58:29","modified_gmt":"2026-03-02T15:58:29","slug":"plantation-pineapple","status":"publish","type":"product","link":"https:\/\/www.raschvin.com\/sv\/produkt\/plantation-pineapple\/","title":{"rendered":"Planteray Rum &#8211; Stiggins Fancy Pineapple 70 cl. 40%"},"content":{"rendered":"<p data-start=\"2192\" data-end=\"2520\"><strong data-start=\"2192\" data-end=\"2235\">Planteray Stiggins\u2019 Fancy Pineapple Rum<\/strong> \u00e4r en aromatisk och fyllig ananasrom som kombinerar klassisk karibisk romkarakt\u00e4r med tydlig tropisk frukt. Smaken \u00e4r intensiv men balanserad, med toner av <strong data-start=\"2392\" data-end=\"2477\">mogen ananas, karamelliserad frukt, vanilj, mild kryddighet och en hint av citrus<\/strong>, f\u00f6ljt av en mjuk och v\u00e4rmande avslutning.<\/p>\n<p data-start=\"2522\" data-end=\"2780\"><strong data-start=\"2522\" data-end=\"2546\">Ursprung &amp; producent<\/strong><br data-start=\"2546\" data-end=\"2549\" \/>Stiggins\u2019 Fancy ing\u00e5r i <strong data-start=\"2573\" data-end=\"2586\">Planteray<\/strong>-sortimentet under <strong data-start=\"2605\" data-end=\"2635\">Maison Ferrand (Frankrike)<\/strong>. Den bygger p\u00e5 <strong data-start=\"2651\" data-end=\"2667\">karibisk rom<\/strong> och s\u00e4tts samman\/finjusteras av Planterays team med fokus p\u00e5 djup, balans och en naturligt fruktig ananasprofil.<\/p>\n<p data-start=\"2782\" data-end=\"2797\"><strong data-start=\"2782\" data-end=\"2797\">Anv\u00e4ndning:<\/strong><\/p>\n<ul data-start=\"2798\" data-end=\"3095\">\n<li data-start=\"2798\" data-end=\"2882\">\n<p data-start=\"2800\" data-end=\"2882\"><strong data-start=\"2800\" data-end=\"2830\">Tiki &amp; tropiska cocktails:<\/strong> Suver\u00e4n i Mai Tai-twists och fruktiga romdrinkar.<\/p>\n<\/li>\n<li data-start=\"2883\" data-end=\"2939\">\n<p data-start=\"2885\" data-end=\"2939\"><strong data-start=\"2885\" data-end=\"2902\">Rum &amp; ginger:<\/strong> Klockren med ginger beer och lime.<\/p>\n<\/li>\n<li data-start=\"2940\" data-end=\"3006\">\n<p data-start=\"2942\" data-end=\"3006\"><strong data-start=\"2942\" data-end=\"2970\">Old Fashioned med twist:<\/strong> Ger fruktig, kryddig komplexitet.<\/p>\n<\/li>\n<li data-start=\"3007\" data-end=\"3095\">\n<p data-start=\"3009\" data-end=\"3095\"><strong data-start=\"3009\" data-end=\"3029\">Dessert &amp; kaffe:<\/strong> Riktigt fin med kaffe, choklad eller som smaks\u00e4ttare i desserter.<\/p>\n<\/li>\n<\/ul>\n<p data-start=\"3097\" data-end=\"3171\"><strong data-start=\"3097\" data-end=\"3111\">Servering:<\/strong> \u00d6ver is med limezest \u2013 eller som longdrink med ginger beer.<\/p>\n","protected":false},"excerpt":{"rendered":"<p>Artisanal Rum \u2013 Product of France<\/p>\n","protected":false},"featured_media":117427,"template":"","meta":{"_acf_changed":false,"rs_blank_template":"","rs_page_bg_color":"","slide_template_v7":""},"product_brand":[],"product_cat":[2387,4642,6188,8359,2391],"product_tag":[],"class_list":{"0":"post-16021","1":"product","2":"type-product","3":"status-publish","4":"has-post-thumbnail","6":"product_cat-avec-sv","7":"product_cat-flavoured-rom-sv","8":"product_cat-gold-sv","9":"product_cat-planteray-sv","10":"product_cat-rom-sv","11":"pa_land-frankrike","12":"pa_procent-40-sv-2","13":"pa_producent-maison-ferrand-sv","14":"pa_region-trinidad-sv","15":"pa_volume-70-sv-2","17":"first","18":"instock","19":"taxable","20":"shipping-taxable","21":"purchasable","22":"product-type-simple"},"bundled_by":["117414"],"bundle_stock_status":"instock","bundle_stock_quantity":null,"bundle_virtual":false,"bundle_layout":"","bundle_add_to_cart_form_location":"","bundle_editable_in_cart":false,"bundle_sold_individually_context":"","bundle_item_grouping":"","bundle_min_size":"","bundle_max_size":"","bundle_price":[],"bundled_items":[],"bundle_sell_ids":[],"acf":[],"_links":{"self":[{"href":"https:\/\/www.raschvin.com\/sv\/wp-json\/wp\/v2\/product\/16021","targetHints":{"allow":["GET"]}}],"collection":[{"href":"https:\/\/www.raschvin.com\/sv\/wp-json\/wp\/v2\/product"}],"about":[{"href":"https:\/\/www.raschvin.com\/sv\/wp-json\/wp\/v2\/types\/product"}],"wp:featuredmedia":[{"embeddable":true,"href":"https:\/\/www.raschvin.com\/sv\/wp-json\/wp\/v2\/media\/117427"}],"wp:attachment":[{"href":"https:\/\/www.raschvin.com\/sv\/wp-json\/wp\/v2\/media?parent=16021"}],"wp:term":[{"taxonomy":"product_brand","embeddable":true,"href":"https:\/\/www.raschvin.com\/sv\/wp-json\/wp\/v2\/product_brand?post=16021"},{"taxonomy":"product_cat","embeddable":true,"href":"https:\/\/www.raschvin.com\/sv\/wp-json\/wp\/v2\/product_cat?post=16021"},{"taxonomy":"product_tag","embeddable":true,"href":"https:\/\/www.raschvin.com\/sv\/wp-json\/wp\/v2\/product_tag?post=16021"}],"curies":[{"name":"wp","href":"https:\/\/api.w.org\/{rel}","templated":true}]}}