{"id":16012,"date":"2022-05-30T08:56:15","date_gmt":"2022-05-30T06:56:15","guid":{"rendered":"https:\/\/www.raschvin.com\/vare\/rastoff-pomegranate\/"},"modified":"2022-11-27T21:12:53","modified_gmt":"2022-11-27T20:12:53","slug":"raastoff-pomegranate","status":"publish","type":"product","link":"https:\/\/www.raschvin.com\/sv\/produkt\/raastoff-pomegranate\/","title":{"rendered":"R\u00e5stoff Pomegranate 70 cl. 16,4%"},"content":{"rendered":"<p>Precis som de andra varianterna i R\u00e5stoff-serien \u00e4r R\u00e5stoff Granat\u00e4pple \u00d8ko av h\u00f6g kvalitet gjord p\u00e5 bas av vodka med noggrant utvalda ingredienser tillsatta. Lakritspulver och \u00e4kta r\u00e5lakrits extraherad fr\u00e5n lakritsrot anv\u00e4nds.<br \/>\nR\u00e5stoff Granat\u00e4pple \u00d8ko \u00e4r baserad p\u00e5 ett lakritspulver vars ursprung kan dateras tillbaka till 1930. Det utvinns fr\u00e5n lakritsr\u00f6tter fr\u00e5n Centralasien, d\u00e4r jordm\u00e5n och klimat ger de b\u00e4sta v\u00e4xtf\u00f6rh\u00e5llandena. R\u00f6tterna kokas l\u00e4nge, och sedan filtreras allt organiskt material bort. Slutligen indunstas produkten vid l\u00e5g temperatur, varefter den \u00e4r klar f\u00f6r torkning.<br \/>\nR\u00e5stoff Granat\u00e4pple \u00d8ko har en s\u00f6t och rik smak av lakrits och granat\u00e4pple \u2013 en lakritsshot i lyxklassen.<br \/>\nAvnjuts b\u00e4st i rumstemperatur eller l\u00e4tt kyld \u2013 det \u00e4r ren njutning! Skaka innan servering.<\/p>\n<p>R\u00c5MATERIAL<br \/>\nR\u00e5stoff \u00e4r f\u00f6r den kr\u00e4sna konsumenten som uppskattar rena r\u00e5varor, h\u00f6g kvalitet och en f\u00f6rfinad smak. Det \u00e4r en serie lyxshots som kan drickas som shots eller anv\u00e4ndas som mixer i drinkar och cocktails.<\/p>\n","protected":false},"excerpt":{"rendered":"<p>Danish Licorice Vodka Liqueur<\/p>\n","protected":false},"featured_media":30420,"template":"","meta":{"_acf_changed":false,"rs_blank_template":"","rs_page_bg_color":"","slide_template_v7":""},"product_brand":[],"product_cat":[2387,2390,2402,2407,4666],"product_tag":[],"class_list":{"0":"post-16012","1":"product","2":"type-product","3":"status-publish","4":"has-post-thumbnail","6":"product_cat-avec-sv","7":"product_cat-sprit","8":"product_cat-sprit-sv","9":"product_cat-shots-sv","10":"product_cat-lakrits-sprit","11":"pa_land-danmark-sv","12":"pa_procent-16-4-sv","13":"pa_producent-spritfabrikken-danmark-sv","14":"pa_volume-70-sv-2","16":"first","17":"instock","18":"taxable","19":"shipping-taxable","20":"purchasable","21":"product-type-simple"},"bundled_by":[],"bundle_stock_status":"instock","bundle_stock_quantity":null,"bundle_virtual":false,"bundle_layout":"","bundle_add_to_cart_form_location":"","bundle_editable_in_cart":false,"bundle_sold_individually_context":"","bundle_item_grouping":"","bundle_min_size":"","bundle_max_size":"","bundle_price":[],"bundled_items":[],"bundle_sell_ids":[],"acf":[],"_links":{"self":[{"href":"https:\/\/www.raschvin.com\/sv\/wp-json\/wp\/v2\/product\/16012","targetHints":{"allow":["GET"]}}],"collection":[{"href":"https:\/\/www.raschvin.com\/sv\/wp-json\/wp\/v2\/product"}],"about":[{"href":"https:\/\/www.raschvin.com\/sv\/wp-json\/wp\/v2\/types\/product"}],"wp:featuredmedia":[{"embeddable":true,"href":"https:\/\/www.raschvin.com\/sv\/wp-json\/wp\/v2\/media\/30420"}],"wp:attachment":[{"href":"https:\/\/www.raschvin.com\/sv\/wp-json\/wp\/v2\/media?parent=16012"}],"wp:term":[{"taxonomy":"product_brand","embeddable":true,"href":"https:\/\/www.raschvin.com\/sv\/wp-json\/wp\/v2\/product_brand?post=16012"},{"taxonomy":"product_cat","embeddable":true,"href":"https:\/\/www.raschvin.com\/sv\/wp-json\/wp\/v2\/product_cat?post=16012"},{"taxonomy":"product_tag","embeddable":true,"href":"https:\/\/www.raschvin.com\/sv\/wp-json\/wp\/v2\/product_tag?post=16012"}],"curies":[{"name":"wp","href":"https:\/\/api.w.org\/{rel}","templated":true}]}}