{"id":16009,"date":"2022-05-30T08:56:15","date_gmt":"2022-05-30T06:56:15","guid":{"rendered":"https:\/\/www.raschvin.com\/vare\/rastoff-strawberry-rhubarb\/"},"modified":"2022-11-27T21:16:38","modified_gmt":"2022-11-27T20:16:38","slug":"raastoff-strawberry-rhubarb","status":"publish","type":"product","link":"https:\/\/www.raschvin.com\/sv\/produkt\/raastoff-strawberry-rhubarb\/","title":{"rendered":"R\u00e5stoff Strawberry-Rhubarb 70 cl. 16,4%"},"content":{"rendered":"<p>R\u00e5stoff Strawberry-Rabarber \u00e4r en l\u00e4cker shot baserad p\u00e5 de b\u00e4sta r\u00e5varorna, som t.ex inneh\u00e5ller naturlig jordgubbs- och rabarberjuice. Denna blandning ger en behaglig, naturlig s\u00f6tma av solmogna jordgubbar kombinerat med en frisk syra fr\u00e5n rabarber.<br \/>\nR\u00e5stoff Jordgubbs-Rabarber kan avnjutas l\u00e4tt kyld som shot, ev med gr\u00e4ddtopp, med isbitar eller mixar f\u00f6r sp\u00e4nnande drinkar och cocktails. Prova dig fram med till exempel tonic, bubbelvatten eller din favoritmixer\/l\u00e4sk. Blanda med vaniljglass och njut av en kr\u00e4mig fruktdrink eller prova en Strawberry-Rabarber Spritz med svalt, mousserande vin.<\/p>\n<p>F\u00d6RSLAG<\/p>\n<p>ASTRONAUT<br \/>\n&#8211; 4 cl. R\u00e5vara Jordgubb-Rabarber<br \/>\n&#8211; Citronl\u00e4sk<br \/>\n&#8211; Isbitar<br \/>\n&#8211; F\u00e4rskpressad limejuice<br \/>\n&#8211; F\u00e4rska jordgubbar<br \/>\n&#8211; Limeskivor<br \/>\nTillv\u00e4gag\u00e5ngss\u00e4tt:<br \/>\nH\u00e4ll upp R\u00e5stoff Jordgubbs-Rabarber i ett fint glas med isbitar. Pressa i en kvarts lime och fyll p\u00e5 med citronsoda. Garnera med f\u00e4rska jordgubbar och limeskivor och servera.<\/p>\n<p>R\u00c5MATERIAL<\/p>\n<p>R\u00e5stoff \u00e4r f\u00f6r den kr\u00e4sna konsumenten som uppskattar rena r\u00e5varor, h\u00f6g kvalitet och en f\u00f6rfinad smak. Det \u00e4r en serie lyxshots som kan drickas som shots eller anv\u00e4ndas som mixer i drinkar och cocktails.<\/p>\n","protected":false},"excerpt":{"rendered":"<p>Danish Vodka Liqueur<\/p>\n","protected":false},"featured_media":30428,"template":"","meta":{"_acf_changed":false,"rs_blank_template":"","rs_page_bg_color":"","slide_template_v7":""},"product_brand":[],"product_cat":[2387,4670,2407,2390,2402],"product_tag":[],"class_list":{"0":"post-16009","1":"product","2":"type-product","3":"status-publish","4":"has-post-thumbnail","6":"product_cat-avec-sv","7":"product_cat-frukt","8":"product_cat-shots-sv","9":"product_cat-sprit","10":"product_cat-sprit-sv","11":"pa_land-danmark-sv","12":"pa_procent-16-4-sv","13":"pa_producent-spritfabrikken-danmark-sv","14":"pa_volume-70-sv-2","16":"first","17":"instock","18":"taxable","19":"shipping-taxable","20":"purchasable","21":"product-type-simple"},"bundled_by":["58288","115729"],"bundle_stock_status":"instock","bundle_stock_quantity":null,"bundle_virtual":false,"bundle_layout":"","bundle_add_to_cart_form_location":"","bundle_editable_in_cart":false,"bundle_sold_individually_context":"","bundle_item_grouping":"","bundle_min_size":"","bundle_max_size":"","bundle_price":[],"bundled_items":[],"bundle_sell_ids":[],"acf":[],"_links":{"self":[{"href":"https:\/\/www.raschvin.com\/sv\/wp-json\/wp\/v2\/product\/16009","targetHints":{"allow":["GET"]}}],"collection":[{"href":"https:\/\/www.raschvin.com\/sv\/wp-json\/wp\/v2\/product"}],"about":[{"href":"https:\/\/www.raschvin.com\/sv\/wp-json\/wp\/v2\/types\/product"}],"wp:featuredmedia":[{"embeddable":true,"href":"https:\/\/www.raschvin.com\/sv\/wp-json\/wp\/v2\/media\/30428"}],"wp:attachment":[{"href":"https:\/\/www.raschvin.com\/sv\/wp-json\/wp\/v2\/media?parent=16009"}],"wp:term":[{"taxonomy":"product_brand","embeddable":true,"href":"https:\/\/www.raschvin.com\/sv\/wp-json\/wp\/v2\/product_brand?post=16009"},{"taxonomy":"product_cat","embeddable":true,"href":"https:\/\/www.raschvin.com\/sv\/wp-json\/wp\/v2\/product_cat?post=16009"},{"taxonomy":"product_tag","embeddable":true,"href":"https:\/\/www.raschvin.com\/sv\/wp-json\/wp\/v2\/product_tag?post=16009"}],"curies":[{"name":"wp","href":"https:\/\/api.w.org\/{rel}","templated":true}]}}