{"id":15994,"date":"2022-05-30T08:50:56","date_gmt":"2022-05-30T06:50:56","guid":{"rendered":"https:\/\/www.raschvin.com\/vare\/ciroc-pineapple\/"},"modified":"2022-11-10T10:24:08","modified_gmt":"2022-11-10T09:24:08","slug":"ciroc-pineapple","status":"publish","type":"product","link":"https:\/\/www.raschvin.com\/sv\/produkt\/ciroc-pineapple\/","title":{"rendered":"Ciroc Vodka &#8211; Pineapple 70 cl. 37,5%"},"content":{"rendered":"<p>Sean Combs Alias \u200b\u200bDiddy gick tillsammans med C\u00eeroc Vodka 2007. Har n\u00e5gonsin att h\u00f6ra varum\u00e4rket f\u00f6r de b\u00e4sta hyllorna i Premium Vodkas. I september 2014 tillsattes C\u00eeroc Pineapple till varum\u00e4rkets portf\u00f6lj.<\/p>\n<p>Vodka produceras p\u00e5 grundval av druvor i den franska regionen Gaillac. Efter en femfaldig destillation l\u00e4ggs naturligt ananasarom till vodka av h\u00f6g kvalitet. Cioroc ananas presenterar en fruktig karakt\u00e4r som \u00e4r perfekt balanserad mellan s\u00f6ta och sura toner. P\u00e5 grund av sin milda och uppfriskande smak kan denna smaksatta vodka njutas snyggt, p\u00e5 klipporna eller i en cocktail!<\/p>\n","protected":false},"excerpt":{"rendered":"<p>Premium Vodka From Fine French Grapes \u2013 Pineapple Flavored<\/p>\n","protected":false},"featured_media":1581,"template":"","meta":{"_acf_changed":false,"rs_blank_template":"","rs_page_bg_color":"","slide_template_v7":""},"product_brand":[],"product_cat":[4614,2402,2409],"product_tag":[],"class_list":{"0":"post-15994","1":"product","2":"type-product","3":"status-publish","4":"has-post-thumbnail","6":"product_cat-flavoured-sv","7":"product_cat-sprit-sv","8":"product_cat-vodka-sv","9":"pa_land-frankrike","10":"pa_procent-37-5-sv","11":"pa_producent-ciroc-sv","12":"pa_volume-70-sv-2","14":"first","15":"instock","16":"taxable","17":"shipping-taxable","18":"purchasable","19":"product-type-simple"},"bundled_by":[],"bundle_stock_status":"instock","bundle_stock_quantity":null,"bundle_virtual":false,"bundle_layout":"","bundle_add_to_cart_form_location":"","bundle_editable_in_cart":false,"bundle_sold_individually_context":"","bundle_item_grouping":"","bundle_min_size":"","bundle_max_size":"","bundle_price":[],"bundled_items":[],"bundle_sell_ids":[],"acf":[],"_links":{"self":[{"href":"https:\/\/www.raschvin.com\/sv\/wp-json\/wp\/v2\/product\/15994","targetHints":{"allow":["GET"]}}],"collection":[{"href":"https:\/\/www.raschvin.com\/sv\/wp-json\/wp\/v2\/product"}],"about":[{"href":"https:\/\/www.raschvin.com\/sv\/wp-json\/wp\/v2\/types\/product"}],"wp:featuredmedia":[{"embeddable":true,"href":"https:\/\/www.raschvin.com\/sv\/wp-json\/wp\/v2\/media\/1581"}],"wp:attachment":[{"href":"https:\/\/www.raschvin.com\/sv\/wp-json\/wp\/v2\/media?parent=15994"}],"wp:term":[{"taxonomy":"product_brand","embeddable":true,"href":"https:\/\/www.raschvin.com\/sv\/wp-json\/wp\/v2\/product_brand?post=15994"},{"taxonomy":"product_cat","embeddable":true,"href":"https:\/\/www.raschvin.com\/sv\/wp-json\/wp\/v2\/product_cat?post=15994"},{"taxonomy":"product_tag","embeddable":true,"href":"https:\/\/www.raschvin.com\/sv\/wp-json\/wp\/v2\/product_tag?post=15994"}],"curies":[{"name":"wp","href":"https:\/\/api.w.org\/{rel}","templated":true}]}}