{"id":15992,"date":"2022-05-30T08:50:56","date_gmt":"2022-05-30T06:50:56","guid":{"rendered":"https:\/\/www.raschvin.com\/vare\/ciroc-pech\/"},"modified":"2022-11-10T10:21:35","modified_gmt":"2022-11-10T09:21:35","slug":"ciroc-pech","status":"publish","type":"product","link":"https:\/\/www.raschvin.com\/sv\/produkt\/ciroc-pech\/","title":{"rendered":"Ciroc Vodka &#8211; Peach 70 cl. 37,5%"},"content":{"rendered":"<p>C\u00eeroc Peach \u00e4r m\u00e4sterligt tillagt med en markerad blandning av persika och andra naturliga smaker, vilket resulterar i en smakupplevelse som \u00e4r saftig och uts\u00f6kt med hint av persika och frukttr\u00e4dg\u00e5rd.<\/p>\n<p>Prova ett klassiskt bellini recept med c\u00eeroc persika och champagne. H\u00e4ll ihop och njut av din vodka cocktail!<\/p>\n<p>Ingredienser<br \/>\n40 ml C\u00eeroc persika<br \/>\n10 ml champagne<\/p>\n<p>METOD<br \/>\n1. Kombinera C\u00eeroc persika med kyld champagne i en champagnefl\u00f6jt.<\/p>\n<p>Till skillnad fr\u00e5n de flesta vodkas gjorda av spannm\u00e5l destilleras Cioroc Vodka fr\u00e5n fina franska druvor; En process inspirerad av \u00f6ver ett sekel av vinframst\u00e4llning och hantverk. Det \u00e4r de fina franska druvorna och den femte destillationen vid den historiska destilleriet De Chevanceaux i s\u00f6dra Frankrike, vilket ger C\u00eeroc vodka en karakteristisk smak med en ovanligt fr\u00e4sch, citrusmak.<\/p>\n<p>Fina franska druvor \u00e4r speciellt utvalda f\u00f6r sk\u00f6rd och gjort f\u00f6r ett vin. Vinet destilleras fyra g\u00e5nger i kolumn stillbilder. I den femte destillationen skapas C\u00eeroc Vodka verkligen i en traditionell, skr\u00e4ddarsydd kopparkruka, fortfarande p\u00e5 den historiska destilleriet De Maison Villert &#8211; Chevanceaux i s\u00f6dra Frankrike.<\/p>\n","protected":false},"excerpt":{"rendered":"<p>Premium Vodka From Fine French Grapes \u2013 Peach Flavored<\/p>\n","protected":false},"featured_media":1561,"template":"","meta":{"_acf_changed":false,"rs_blank_template":"","rs_page_bg_color":"","slide_template_v7":""},"product_brand":[],"product_cat":[4614,2402,2409],"product_tag":[],"class_list":{"0":"post-15992","1":"product","2":"type-product","3":"status-publish","4":"has-post-thumbnail","6":"product_cat-flavoured-sv","7":"product_cat-sprit-sv","8":"product_cat-vodka-sv","9":"pa_land-frankrike","10":"pa_procent-37-5-sv","11":"pa_producent-ciroc-sv","12":"pa_volume-70-sv-2","14":"first","15":"instock","16":"taxable","17":"shipping-taxable","18":"purchasable","19":"product-type-simple"},"bundled_by":[],"bundle_stock_status":"instock","bundle_stock_quantity":null,"bundle_virtual":false,"bundle_layout":"","bundle_add_to_cart_form_location":"","bundle_editable_in_cart":false,"bundle_sold_individually_context":"","bundle_item_grouping":"","bundle_min_size":"","bundle_max_size":"","bundle_price":[],"bundled_items":[],"bundle_sell_ids":[],"acf":[],"_links":{"self":[{"href":"https:\/\/www.raschvin.com\/sv\/wp-json\/wp\/v2\/product\/15992","targetHints":{"allow":["GET"]}}],"collection":[{"href":"https:\/\/www.raschvin.com\/sv\/wp-json\/wp\/v2\/product"}],"about":[{"href":"https:\/\/www.raschvin.com\/sv\/wp-json\/wp\/v2\/types\/product"}],"wp:featuredmedia":[{"embeddable":true,"href":"https:\/\/www.raschvin.com\/sv\/wp-json\/wp\/v2\/media\/1561"}],"wp:attachment":[{"href":"https:\/\/www.raschvin.com\/sv\/wp-json\/wp\/v2\/media?parent=15992"}],"wp:term":[{"taxonomy":"product_brand","embeddable":true,"href":"https:\/\/www.raschvin.com\/sv\/wp-json\/wp\/v2\/product_brand?post=15992"},{"taxonomy":"product_cat","embeddable":true,"href":"https:\/\/www.raschvin.com\/sv\/wp-json\/wp\/v2\/product_cat?post=15992"},{"taxonomy":"product_tag","embeddable":true,"href":"https:\/\/www.raschvin.com\/sv\/wp-json\/wp\/v2\/product_tag?post=15992"}],"curies":[{"name":"wp","href":"https:\/\/api.w.org\/{rel}","templated":true}]}}