{"id":15988,"date":"2022-05-30T08:50:56","date_gmt":"2022-05-30T06:50:56","guid":{"rendered":"https:\/\/www.raschvin.com\/vare\/ciroc-snap-frost-vodka\/"},"modified":"2022-11-10T09:56:52","modified_gmt":"2022-11-10T08:56:52","slug":"ciroc-snap-frost-vodka","status":"publish","type":"product","link":"https:\/\/www.raschvin.com\/sv\/produkt\/ciroc-snap-frost-vodka\/","title":{"rendered":"Ciroc Vodka &#8211; Original &#8221;Snap Frost&#8221; 70 cl. 40%"},"content":{"rendered":"<p>C\u00eeroc vodka \u00e4r en modern, ultra premium vodka gjord p\u00e5 franska druvor sk\u00f6rdade i slutet av \u00e5ret, vilket inneb\u00e4r att druvorna \u00e4r frusna. Denna erk\u00e4nda och popul\u00e4ra vodka fermenteras p\u00e5 ett mycket unikt s\u00e4tt, varefter det destilleras fem g\u00e5nger. Vodkaen tappas sedan p\u00e5 en super trevlig och exklusiv flaska. Vodka har en karakteristisk j\u00e4mn, ren och sofistikerad profil, som g\u00f6r det bra, \u00f6ver isbitar och i cocktails.<\/p>\n<p>Cioroc vodka destilleras fr\u00e5n fina franska druvor. En \u00e4kta innovation i franska hantverk, c\u00eeroc vodka destilleras fem g\u00e5nger, f\u00e4rdigst\u00e4lld i en skr\u00e4ddarsydd kopparkruk fortfarande i s\u00f6dra Frankrike. Cioroc Vodka erbjuder en smakupplevelse som \u00e4r uts\u00f6kt annorlunda och elegant smidigt.<\/p>\n","protected":false},"excerpt":{"rendered":"<p>Premium Vodka From Fine French Grapes<\/p>\n","protected":false},"featured_media":1521,"template":"","meta":{"_acf_changed":false,"rs_blank_template":"","rs_page_bg_color":"","slide_template_v7":""},"product_brand":[],"product_cat":[4609,2402,2409],"product_tag":[],"class_list":{"0":"post-15988","1":"product","2":"type-product","3":"status-publish","4":"has-post-thumbnail","6":"product_cat-plain-sv","7":"product_cat-sprit-sv","8":"product_cat-vodka-sv","9":"pa_land-frankrike","10":"pa_procent-40-sv-2","11":"pa_producent-ciroc-sv","12":"pa_volume-70-sv-2","14":"first","15":"instock","16":"taxable","17":"shipping-taxable","18":"purchasable","19":"product-type-simple"},"bundled_by":[],"bundle_stock_status":"instock","bundle_stock_quantity":null,"bundle_virtual":false,"bundle_layout":"","bundle_add_to_cart_form_location":"","bundle_editable_in_cart":false,"bundle_sold_individually_context":"","bundle_item_grouping":"","bundle_min_size":"","bundle_max_size":"","bundle_price":[],"bundled_items":[],"bundle_sell_ids":[],"acf":[],"_links":{"self":[{"href":"https:\/\/www.raschvin.com\/sv\/wp-json\/wp\/v2\/product\/15988","targetHints":{"allow":["GET"]}}],"collection":[{"href":"https:\/\/www.raschvin.com\/sv\/wp-json\/wp\/v2\/product"}],"about":[{"href":"https:\/\/www.raschvin.com\/sv\/wp-json\/wp\/v2\/types\/product"}],"wp:featuredmedia":[{"embeddable":true,"href":"https:\/\/www.raschvin.com\/sv\/wp-json\/wp\/v2\/media\/1521"}],"wp:attachment":[{"href":"https:\/\/www.raschvin.com\/sv\/wp-json\/wp\/v2\/media?parent=15988"}],"wp:term":[{"taxonomy":"product_brand","embeddable":true,"href":"https:\/\/www.raschvin.com\/sv\/wp-json\/wp\/v2\/product_brand?post=15988"},{"taxonomy":"product_cat","embeddable":true,"href":"https:\/\/www.raschvin.com\/sv\/wp-json\/wp\/v2\/product_cat?post=15988"},{"taxonomy":"product_tag","embeddable":true,"href":"https:\/\/www.raschvin.com\/sv\/wp-json\/wp\/v2\/product_tag?post=15988"}],"curies":[{"name":"wp","href":"https:\/\/api.w.org\/{rel}","templated":true}]}}