{"id":15987,"date":"2022-05-30T08:50:56","date_gmt":"2022-05-30T06:50:56","guid":{"rendered":"https:\/\/www.raschvin.com\/vare\/tarquins-gin-original\/"},"modified":"2022-12-07T19:50:53","modified_gmt":"2022-12-07T18:50:53","slug":"tarquins-gin-original","status":"publish","type":"product","link":"https:\/\/www.raschvin.com\/sv\/produkt\/tarquins-gin-original\/","title":{"rendered":"Tarquin&#8217;s Cornish Dry Gin 70 cl. 42%"},"content":{"rendered":"<p>Tarquins Cornish Gin \u00e4r en modern ta p\u00e5 den klassiska London Dry Gin. Det \u00e4r gjord p\u00e5 12 utvalda botaniska, b\u00e5de lokala och mer exotiska &#8211; f\u00f6r tillr\u00e4ckligt, \u00e4r klimatet mildt i s\u00f6dra k\u00f6rteln, men kardemum, kanel och bittermanel m\u00e5ste tas hem &#8221;fr\u00e5n utsidan&#8221;. Juniorsna \u00e4r italienska och violetter fr\u00e5n Devon ger en delikat, floralt touch f\u00f6r denna rika, men f\u00e4rska gin.<\/p>\n<p>F\u00e4rg: Klar.<br \/>\nFragrance: massor av fin citrus, enb\u00e4r och heta anteckningar fr\u00e5n kardemumma och kanel.<br \/>\nSmakmunstycken: St\u00e4ng och rik p\u00e5 smaken. F\u00e4rska enb\u00e6rots, koriander, apelsinskal och en l\u00e4tt oljad s\u00f6tma i eftersmaken.<\/p>\n<p>Serveringsf\u00f6rslag: kan avnjutas ren, 1: 2 med tonic eller i cocktails.<\/p>\n","protected":false},"excerpt":{"rendered":"<p>Handcrafted Cornish Dry Gin \u2013 Created On The Wild Cornish Coast<\/p>\n","protected":false},"featured_media":30868,"template":"","meta":{"_acf_changed":false,"rs_blank_template":"","rs_page_bg_color":"","slide_template_v7":""},"product_brand":[],"product_cat":[4711,2404,2402],"product_tag":[],"class_list":{"0":"post-15987","1":"product","2":"type-product","3":"status-publish","4":"has-post-thumbnail","6":"product_cat-andra-gins","7":"product_cat-gin-sv","8":"product_cat-sprit-sv","9":"pa_land-england-sv","10":"pa_procent-42-sv","11":"pa_producent-southwestern-distillery-sv","12":"pa_volume-70-sv-2","14":"first","15":"instock","16":"sale","17":"taxable","18":"shipping-taxable","19":"purchasable","20":"product-type-simple"},"bundled_by":[],"bundle_stock_status":"instock","bundle_stock_quantity":null,"bundle_virtual":false,"bundle_layout":"","bundle_add_to_cart_form_location":"","bundle_editable_in_cart":false,"bundle_sold_individually_context":"","bundle_item_grouping":"","bundle_min_size":"","bundle_max_size":"","bundle_price":[],"bundled_items":[],"bundle_sell_ids":[],"acf":[],"_links":{"self":[{"href":"https:\/\/www.raschvin.com\/sv\/wp-json\/wp\/v2\/product\/15987","targetHints":{"allow":["GET"]}}],"collection":[{"href":"https:\/\/www.raschvin.com\/sv\/wp-json\/wp\/v2\/product"}],"about":[{"href":"https:\/\/www.raschvin.com\/sv\/wp-json\/wp\/v2\/types\/product"}],"wp:featuredmedia":[{"embeddable":true,"href":"https:\/\/www.raschvin.com\/sv\/wp-json\/wp\/v2\/media\/30868"}],"wp:attachment":[{"href":"https:\/\/www.raschvin.com\/sv\/wp-json\/wp\/v2\/media?parent=15987"}],"wp:term":[{"taxonomy":"product_brand","embeddable":true,"href":"https:\/\/www.raschvin.com\/sv\/wp-json\/wp\/v2\/product_brand?post=15987"},{"taxonomy":"product_cat","embeddable":true,"href":"https:\/\/www.raschvin.com\/sv\/wp-json\/wp\/v2\/product_cat?post=15987"},{"taxonomy":"product_tag","embeddable":true,"href":"https:\/\/www.raschvin.com\/sv\/wp-json\/wp\/v2\/product_tag?post=15987"}],"curies":[{"name":"wp","href":"https:\/\/api.w.org\/{rel}","templated":true}]}}