{"id":15986,"date":"2022-05-30T08:50:56","date_gmt":"2022-05-30T06:50:56","guid":{"rendered":"https:\/\/www.raschvin.com\/vare\/tarquins-gin-british-blackberry\/"},"modified":"2022-12-07T19:44:38","modified_gmt":"2022-12-07T18:44:38","slug":"tarquins-gin-british-blackberry","status":"publish","type":"product","link":"https:\/\/www.raschvin.com\/sv\/produkt\/tarquins-gin-british-blackberry\/","title":{"rendered":"Tarquin&#8217;s British Blackberry Gin 38% 70 cl."},"content":{"rendered":"<p>Tarquins brittiska BlackBerry Gin \u00e4r en fruktgin fr\u00e5n Cornwall i s\u00f6dra England. Basen f\u00f6r fruktgin \u00e4r Tarquins egna Cornish Dry Gin, som \u00e4r gjord p\u00e5 Wheatspiritus och 12 valda botaniska \u00e4mnen (inklusive kardemumma och violett). Gin, som vid denna tidpunkt i processen innehar 76% alkohol, \u00e4r d\u00e5 infunderad med engelska bj\u00f6rnb\u00e4r, och n\u00e4r Tarquin k\u00e4nner balansen \u00e4r det r\u00e4tt, blir det vatten ner till 38% och rundad med en touch av honung.<\/p>\n<p>F\u00e4rg: Dybread med en violett sk\u00e4rning.<br \/>\nDoft: m\u00f6rk och &#8221;saftig&#8221; doft av mogna bj\u00f6rnb\u00e4r, lemonorbet, violett och enb\u00e4r.<br \/>\nSmak Anm\u00e4rkningar: St\u00e4ng, intensiv och rik smak med enb\u00e4r, skogsborste m\u00e5ltid och l\u00e4tt s\u00f6tma.<\/p>\n<p>Serveringsf\u00f6rslag: Njut av det rena eller i cocktails &#8211; prova det till exempel i en spritz med mousserande vin och en vridning av citronskal.<\/p>\n","protected":false},"excerpt":{"rendered":"<p>Handcrafted Cornish Dry Gin \u2013 Created On The Wild Cornish Coast<\/p>\n","protected":false},"featured_media":30866,"template":"","meta":{"_acf_changed":false,"rs_blank_template":"","rs_page_bg_color":"","slide_template_v7":""},"product_brand":[],"product_cat":[4700,2404,2402],"product_tag":[],"class_list":{"0":"post-15986","1":"product","2":"type-product","3":"status-publish","4":"has-post-thumbnail","6":"product_cat-flavoured-gin-sv","7":"product_cat-gin-sv","8":"product_cat-sprit-sv","9":"pa_land-england-sv","10":"pa_procent-38-sv","11":"pa_producent-southwestern-distillery-sv","12":"pa_volume-70-sv-2","14":"first","15":"instock","16":"sale","17":"taxable","18":"shipping-taxable","19":"purchasable","20":"product-type-simple"},"bundled_by":[],"bundle_stock_status":"instock","bundle_stock_quantity":null,"bundle_virtual":false,"bundle_layout":"","bundle_add_to_cart_form_location":"","bundle_editable_in_cart":false,"bundle_sold_individually_context":"","bundle_item_grouping":"","bundle_min_size":"","bundle_max_size":"","bundle_price":[],"bundled_items":[],"bundle_sell_ids":[],"acf":[],"_links":{"self":[{"href":"https:\/\/www.raschvin.com\/sv\/wp-json\/wp\/v2\/product\/15986","targetHints":{"allow":["GET"]}}],"collection":[{"href":"https:\/\/www.raschvin.com\/sv\/wp-json\/wp\/v2\/product"}],"about":[{"href":"https:\/\/www.raschvin.com\/sv\/wp-json\/wp\/v2\/types\/product"}],"wp:featuredmedia":[{"embeddable":true,"href":"https:\/\/www.raschvin.com\/sv\/wp-json\/wp\/v2\/media\/30866"}],"wp:attachment":[{"href":"https:\/\/www.raschvin.com\/sv\/wp-json\/wp\/v2\/media?parent=15986"}],"wp:term":[{"taxonomy":"product_brand","embeddable":true,"href":"https:\/\/www.raschvin.com\/sv\/wp-json\/wp\/v2\/product_brand?post=15986"},{"taxonomy":"product_cat","embeddable":true,"href":"https:\/\/www.raschvin.com\/sv\/wp-json\/wp\/v2\/product_cat?post=15986"},{"taxonomy":"product_tag","embeddable":true,"href":"https:\/\/www.raschvin.com\/sv\/wp-json\/wp\/v2\/product_tag?post=15986"}],"curies":[{"name":"wp","href":"https:\/\/api.w.org\/{rel}","templated":true}]}}