{"id":15981,"date":"2022-05-30T08:48:04","date_gmt":"2022-05-30T06:48:04","guid":{"rendered":"https:\/\/www.raschvin.com\/vare\/botica-small-batch-03\/"},"modified":"2022-10-30T19:10:54","modified_gmt":"2022-10-30T18:10:54","slug":"botica-small-batch-03","status":"publish","type":"product","link":"https:\/\/www.raschvin.com\/sv\/produkt\/botica-small-batch-03\/","title":{"rendered":"Botica Small Batch 03"},"content":{"rendered":"<p>BOTICA London Dry Gin \u00e4r h\u00f6rnstenen i Boticas Ginserie. Det \u00e4r gjord i mycket liten potion (liten batchgin) av endast de b\u00e4sta botanikerna.<\/p>\n<p>Ett familjerecept som kombinerar fyra botaniska \u00e4mnen g\u00f6r detta London torrgin f\u00f6r ett unikt och balanserat gin. En friskhet som \u00f6verraskar tack vare den perfekta blandningen av ingredienser.<\/p>\n<p>\u00d6rter: Juniper, koriander, kardemumma och humle.<\/p>\n<p>Historien bakom Botica \u00e4r att historien var sp\u00e4nnande, speciellt delen om Christopher Heirwegh som \u00e4r fr\u00e5n Antwerpen i Belgien. Han tycktes f\u00f6r familjens Petrus Ludovicus Oscar Nalin, som hade en \u00f6rtaff\u00e4r tillsammans med Maria Josephina Poppe i Antwerpen i b\u00f6rjan av 1800-talet. I deras \u00f6rt bland annat en lokal sprit som hade ett hemligt recept och hette: &#8221;De Meesterlijke Christopher ville d\u00e4rf\u00f6r \u00e5teruppliva de m\u00e5nga \u00e5r av cava som producerats i Spanien, och gammalt recept &#8221;De Meesterlijke shop, sold de Formule&#8221;. Formula&#8221; i en ny ginserie. Han har d\u00e4rf\u00f6r det var naturligt att sj\u00e4lva tillverkningen av ginen skulle ske i Spanien, n\u00e4rmare best\u00e4mt strax utanf\u00f6r Barcelona.<\/p>\n","protected":false},"excerpt":{"rendered":"<p>London Dry Spanish Premium Gin<\/p>\n","protected":false},"featured_media":1460,"template":"","meta":{"_acf_changed":false,"rs_blank_template":"","rs_page_bg_color":"","slide_template_v7":""},"product_brand":[],"product_cat":[4688,2402,2404],"product_tag":[],"class_list":{"0":"post-15981","1":"product","2":"type-product","3":"status-publish","4":"has-post-thumbnail","6":"product_cat-london-dry-sv","7":"product_cat-sprit-sv","8":"product_cat-gin-sv","9":"pa_land-spanien-sv","10":"pa_procent-37-5-sv","11":"pa_volume-70-sv-2","13":"first","14":"instock","15":"sale","16":"taxable","17":"shipping-taxable","18":"purchasable","19":"product-type-simple"},"bundled_by":[],"bundle_stock_status":"instock","bundle_stock_quantity":null,"bundle_virtual":false,"bundle_layout":"","bundle_add_to_cart_form_location":"","bundle_editable_in_cart":false,"bundle_sold_individually_context":"","bundle_item_grouping":"","bundle_min_size":"","bundle_max_size":"","bundle_price":[],"bundled_items":[],"bundle_sell_ids":[],"acf":[],"_links":{"self":[{"href":"https:\/\/www.raschvin.com\/sv\/wp-json\/wp\/v2\/product\/15981","targetHints":{"allow":["GET"]}}],"collection":[{"href":"https:\/\/www.raschvin.com\/sv\/wp-json\/wp\/v2\/product"}],"about":[{"href":"https:\/\/www.raschvin.com\/sv\/wp-json\/wp\/v2\/types\/product"}],"wp:featuredmedia":[{"embeddable":true,"href":"https:\/\/www.raschvin.com\/sv\/wp-json\/wp\/v2\/media\/1460"}],"wp:attachment":[{"href":"https:\/\/www.raschvin.com\/sv\/wp-json\/wp\/v2\/media?parent=15981"}],"wp:term":[{"taxonomy":"product_brand","embeddable":true,"href":"https:\/\/www.raschvin.com\/sv\/wp-json\/wp\/v2\/product_brand?post=15981"},{"taxonomy":"product_cat","embeddable":true,"href":"https:\/\/www.raschvin.com\/sv\/wp-json\/wp\/v2\/product_cat?post=15981"},{"taxonomy":"product_tag","embeddable":true,"href":"https:\/\/www.raschvin.com\/sv\/wp-json\/wp\/v2\/product_tag?post=15981"}],"curies":[{"name":"wp","href":"https:\/\/api.w.org\/{rel}","templated":true}]}}