{"id":15979,"date":"2022-05-30T08:48:04","date_gmt":"2022-05-30T06:48:04","guid":{"rendered":"https:\/\/www.raschvin.com\/vare\/macallan-15-years-triple-cask\/"},"modified":"2022-11-24T08:07:00","modified_gmt":"2022-11-24T07:07:00","slug":"macallan-15-years-triple-cask","status":"publish","type":"product","link":"https:\/\/www.raschvin.com\/sv\/produkt\/macallan-15-years-triple-cask\/","title":{"rendered":"Macallan &#8211; 15 Years Triple Cask 70 cl. 43%"},"content":{"rendered":"<p>Triple Cask-serien, som introducerades i mitten av 2018, tar platsen f\u00f6r Fine Oak i Macallan-stallet. Detta uttryck g\u00f6rs uteslutande med whisky som lagrats i minst 15 \u00e5r i en kombination av europeiska sherrykryddade fat, amerikanska sherrykryddade fat och amerikanska ex-bourbonfat.<\/p>\n<p>N\u00e4sa: Citrusblom, varm choklad, kardemummafr\u00f6, sirap.<\/p>\n<p>Smak: Kvitten, saltat sm\u00f6r, pocherat p\u00e4ron, en aning av cigarrl\u00e5da.<\/p>\n<p>Avslutning: H\u00e5llbar kanel och russin, med en touch av citron.<\/p>\n","protected":false},"excerpt":{"rendered":"<p>Highland Single Malt Scotch Whisky<\/p>\n","protected":false},"featured_media":1434,"template":"","meta":{"_acf_changed":false,"rs_blank_template":"","rs_page_bg_color":"","slide_template_v7":""},"product_brand":[],"product_cat":[2387,4651,2392],"product_tag":[],"class_list":{"0":"post-15979","1":"product","2":"type-product","3":"status-publish","4":"has-post-thumbnail","6":"product_cat-avec-sv","7":"product_cat-single-malt-sv","8":"product_cat-whisky-sv","9":"pa_lagring-15-sv","10":"pa_land-skottland","11":"pa_procent-40-sv-2","12":"pa_producent-the-macallan-sv","13":"pa_region-speyside-sv","14":"pa_volume-70-sv-2","16":"first","17":"outofstock","18":"taxable","19":"shipping-taxable","20":"purchasable","21":"product-type-simple"},"bundled_by":[],"bundle_stock_status":"outofstock","bundle_stock_quantity":null,"bundle_virtual":false,"bundle_layout":"","bundle_add_to_cart_form_location":"","bundle_editable_in_cart":false,"bundle_sold_individually_context":"","bundle_item_grouping":"","bundle_min_size":"","bundle_max_size":"","bundle_price":[],"bundled_items":[],"bundle_sell_ids":[],"acf":[],"_links":{"self":[{"href":"https:\/\/www.raschvin.com\/sv\/wp-json\/wp\/v2\/product\/15979","targetHints":{"allow":["GET"]}}],"collection":[{"href":"https:\/\/www.raschvin.com\/sv\/wp-json\/wp\/v2\/product"}],"about":[{"href":"https:\/\/www.raschvin.com\/sv\/wp-json\/wp\/v2\/types\/product"}],"wp:featuredmedia":[{"embeddable":true,"href":"https:\/\/www.raschvin.com\/sv\/wp-json\/wp\/v2\/media\/1434"}],"wp:attachment":[{"href":"https:\/\/www.raschvin.com\/sv\/wp-json\/wp\/v2\/media?parent=15979"}],"wp:term":[{"taxonomy":"product_brand","embeddable":true,"href":"https:\/\/www.raschvin.com\/sv\/wp-json\/wp\/v2\/product_brand?post=15979"},{"taxonomy":"product_cat","embeddable":true,"href":"https:\/\/www.raschvin.com\/sv\/wp-json\/wp\/v2\/product_cat?post=15979"},{"taxonomy":"product_tag","embeddable":true,"href":"https:\/\/www.raschvin.com\/sv\/wp-json\/wp\/v2\/product_tag?post=15979"}],"curies":[{"name":"wp","href":"https:\/\/api.w.org\/{rel}","templated":true}]}}