{"id":15976,"date":"2022-05-30T08:48:04","date_gmt":"2022-05-30T06:48:04","guid":{"rendered":"https:\/\/www.raschvin.com\/vare\/cardhu-12-years\/"},"modified":"2022-11-08T18:16:38","modified_gmt":"2022-11-08T17:16:38","slug":"cardhu-12-years","status":"publish","type":"product","link":"https:\/\/www.raschvin.com\/sv\/produkt\/cardhu-12-years\/","title":{"rendered":"Cardhu 12 Years 70 cl. 40%"},"content":{"rendered":"<p>Cardhu 12 \u00e5r \u00e4r en lockande och silkeslen mjuk speyside single malt whisky, som lyser med anteckningar av gyllene honung och delikat fruktig karakt\u00e4r. Whiskyen erbjuder en doft med p\u00e4rondroppar, lyng, harts och s\u00f6ta honungsindikationer \u00e5tf\u00f6ljd av en v\u00e4lbalanserad, sl\u00e4t munnen och en s\u00f6t, fr\u00e4sch och torr smak.<br \/>\nDenna sl\u00e4ta honungs\u00e4lskande cardhu 12 \u00e5r \u00e4r b\u00e4st att servera ren eller \u00f6ver is<\/p>\n","protected":false},"excerpt":{"rendered":"<p>Speyside Single Malt Scotch Whisky<\/p>\n","protected":false},"featured_media":31072,"template":"","meta":{"_acf_changed":false,"rs_blank_template":"","rs_page_bg_color":"","slide_template_v7":""},"product_brand":[],"product_cat":[2387,4651,2392],"product_tag":[],"class_list":{"0":"post-15976","1":"product","2":"type-product","3":"status-publish","4":"has-post-thumbnail","6":"product_cat-avec-sv","7":"product_cat-single-malt-sv","8":"product_cat-whisky-sv","9":"pa_lagring-12-sv","10":"pa_land-skottland","11":"pa_procent-40-sv-2","12":"pa_producent-cardu-distillery-sv","13":"pa_region-speyside-sv","14":"pa_volume-70-sv-2","16":"first","17":"outofstock","18":"taxable","19":"shipping-taxable","20":"purchasable","21":"product-type-simple"},"bundled_by":[],"bundle_stock_status":"outofstock","bundle_stock_quantity":null,"bundle_virtual":false,"bundle_layout":"","bundle_add_to_cart_form_location":"","bundle_editable_in_cart":false,"bundle_sold_individually_context":"","bundle_item_grouping":"","bundle_min_size":"","bundle_max_size":"","bundle_price":[],"bundled_items":[],"bundle_sell_ids":[],"acf":[],"_links":{"self":[{"href":"https:\/\/www.raschvin.com\/sv\/wp-json\/wp\/v2\/product\/15976","targetHints":{"allow":["GET"]}}],"collection":[{"href":"https:\/\/www.raschvin.com\/sv\/wp-json\/wp\/v2\/product"}],"about":[{"href":"https:\/\/www.raschvin.com\/sv\/wp-json\/wp\/v2\/types\/product"}],"wp:featuredmedia":[{"embeddable":true,"href":"https:\/\/www.raschvin.com\/sv\/wp-json\/wp\/v2\/media\/31072"}],"wp:attachment":[{"href":"https:\/\/www.raschvin.com\/sv\/wp-json\/wp\/v2\/media?parent=15976"}],"wp:term":[{"taxonomy":"product_brand","embeddable":true,"href":"https:\/\/www.raschvin.com\/sv\/wp-json\/wp\/v2\/product_brand?post=15976"},{"taxonomy":"product_cat","embeddable":true,"href":"https:\/\/www.raschvin.com\/sv\/wp-json\/wp\/v2\/product_cat?post=15976"},{"taxonomy":"product_tag","embeddable":true,"href":"https:\/\/www.raschvin.com\/sv\/wp-json\/wp\/v2\/product_tag?post=15976"}],"curies":[{"name":"wp","href":"https:\/\/api.w.org\/{rel}","templated":true}]}}