{"id":15975,"date":"2022-05-30T08:48:04","date_gmt":"2022-05-30T06:48:04","guid":{"rendered":"https:\/\/www.raschvin.com\/vare\/monkey-shoulder\/"},"modified":"2022-11-28T09:07:18","modified_gmt":"2022-11-28T08:07:18","slug":"monkey-shoulder","status":"publish","type":"product","link":"https:\/\/www.raschvin.com\/sv\/produkt\/monkey-shoulder\/","title":{"rendered":"Monkey Shoulder 70 cl. 40%"},"content":{"rendered":"<p>Monkey axel \u00e4r en s\u00e5 kallad blandad malt whisky fr\u00e5n Skottland. Det \u00e4r, det blandas av enskilda malts fr\u00e5n olika k\u00e4llor (3 k\u00e4nda men hemliga speyside destillerier), men utan anv\u00e4ndning av spannm\u00e5l, vilket \u00e4r det som g\u00f6r de flesta blandningar f\u00f6r en tunn kopp te. Monkey axel har blivit enormt popul\u00e4r, inte bara p\u00e5 grund av h\u00f6gkvalitativ och det l\u00e5ga priset, men ocks\u00e5 f\u00f6r att det fungerar framst\u00e5ende i cocktails &#8211; det \u00e4r faktiskt &#8221;gjord f\u00f6r blandning&#8221; enligt sig sj\u00e4lv!<\/p>\n<p>F\u00e4rg: karamelll gul.<br \/>\nDoft: Mainted och vaniljliknande doft, som ocks\u00e5 visar nyanser av kakao, kr\u00e4mbrul\u00e9e och muskotn\u00f6t.<br \/>\nSmak Anm\u00e4rkningar: Mjuk och rund smak, fylld med honung, rostad malt, vanilj och varma kryddor.<\/p>\n<p>Serveringsf\u00f6rslag: F\u00f6rs\u00f6k det toppat med Gingerale eller i en gammaldags!<\/p>\n","protected":false},"excerpt":{"rendered":"<p>Blended Malt Scotch Whisky<\/p>\n","protected":false},"featured_media":1400,"template":"","meta":{"_acf_changed":false,"rs_blank_template":"","rs_page_bg_color":"","slide_template_v7":""},"product_brand":[],"product_cat":[2387,2392,4648],"product_tag":[],"class_list":{"0":"post-15975","1":"product","2":"type-product","3":"status-publish","4":"has-post-thumbnail","6":"product_cat-avec-sv","7":"product_cat-whisky-sv","8":"product_cat-blended-malt","9":"pa_land-skottland","10":"pa_procent-40-sv-2","11":"pa_volume-70-sv-2","13":"first","14":"instock","15":"sale","16":"taxable","17":"shipping-taxable","18":"purchasable","19":"product-type-simple"},"bundled_by":[],"bundle_stock_status":"instock","bundle_stock_quantity":null,"bundle_virtual":false,"bundle_layout":"","bundle_add_to_cart_form_location":"","bundle_editable_in_cart":false,"bundle_sold_individually_context":"","bundle_item_grouping":"","bundle_min_size":"","bundle_max_size":"","bundle_price":[],"bundled_items":[],"bundle_sell_ids":[],"acf":[],"_links":{"self":[{"href":"https:\/\/www.raschvin.com\/sv\/wp-json\/wp\/v2\/product\/15975","targetHints":{"allow":["GET"]}}],"collection":[{"href":"https:\/\/www.raschvin.com\/sv\/wp-json\/wp\/v2\/product"}],"about":[{"href":"https:\/\/www.raschvin.com\/sv\/wp-json\/wp\/v2\/types\/product"}],"wp:featuredmedia":[{"embeddable":true,"href":"https:\/\/www.raschvin.com\/sv\/wp-json\/wp\/v2\/media\/1400"}],"wp:attachment":[{"href":"https:\/\/www.raschvin.com\/sv\/wp-json\/wp\/v2\/media?parent=15975"}],"wp:term":[{"taxonomy":"product_brand","embeddable":true,"href":"https:\/\/www.raschvin.com\/sv\/wp-json\/wp\/v2\/product_brand?post=15975"},{"taxonomy":"product_cat","embeddable":true,"href":"https:\/\/www.raschvin.com\/sv\/wp-json\/wp\/v2\/product_cat?post=15975"},{"taxonomy":"product_tag","embeddable":true,"href":"https:\/\/www.raschvin.com\/sv\/wp-json\/wp\/v2\/product_tag?post=15975"}],"curies":[{"name":"wp","href":"https:\/\/api.w.org\/{rel}","templated":true}]}}