{"id":15974,"date":"2025-11-06T08:28:04","date_gmt":"2025-11-06T07:28:04","guid":{"rendered":"https:\/\/www.raschvin.com\/vare\/chivas-regal-12-years\/"},"modified":"2024-12-16T09:37:17","modified_gmt":"2024-12-16T08:37:17","slug":"chivas-regal-12-years","status":"publish","type":"product","link":"https:\/\/www.raschvin.com\/sv\/produkt\/chivas-regal-12-years\/","title":{"rendered":"Chivas Regal Aged 12 Years 70 cl. 40%"},"content":{"rendered":"<p>Chivas Regal 12 Year Old Blended Scotch Whisky \u00e4r Chivas Regals signaturwhisky. Den skapades p\u00e5 1800-talet av Chivas Regals grundare John och James Chivas, som var pionj\u00e4rer f\u00f6r blandad skotsk whisky.<br \/>\nDet \u00e4r en klassisk lyxwhisky som \u00e4r sammansatt av de b\u00e4sta malt- och grainwhisky fr\u00e5n Skottland och lagrad i minst 12 \u00e5r. De m\u00e5nga \u00e5ren av fatlagring ger whiskyn ett st\u00f6rre djup och karakt\u00e4r.<br \/>\nDet \u00e4r en len, rik och gener\u00f6s whisky med en aromatisk infusion av vilda \u00f6rter, ljung, honung och plantagefrukt. I munnen \u00e4r den rund och kr\u00e4mig med en fyllig, rik smak av honung och mogna p\u00e4ron samt toner av vanilj, hasseln\u00f6tter och kola. Eftersmaken \u00e4r rik och sitter kvar i munnen.<br \/>\nUTM\u00c4RKELSER<br \/>\n\u2022 Guld | International Spirits Challenge, 2020<br \/>\n\u2022 Silver | Internationell vin- och spritt\u00e4vling, 2019<br \/>\n\u2022 Guld | International Spirits Challenge, 2018<br \/>\nCHIVAS<br \/>\nTv\u00e5 br\u00f6ders pionj\u00e4randa och gener\u00f6sa inst\u00e4llning str\u00e4vade efter v\u00e4rldens f\u00f6rsta lyxwhisky och mycket mer. James och John Chivas v\u00e4xte upp p\u00e5 en avl\u00e4gsen g\u00e5rd i Skottland, men trots sitt lantliv var de alltid medvetna om att v\u00e4rlden hade mer att erbjuda och att de var tvungna att bidra p\u00e5 n\u00e5got s\u00e4tt.<br \/>\nDe b\u00f6rjade med att vidga sina vyer till fots p\u00e5 en tredagarsresa. H\u00e4r hamnade de i Aberdeen. En st\u00f6rre stad som inspirerade br\u00f6derna att leva ut sina ambitioner. Dr\u00f6mmen f\u00f6rverkligades med h\u00e5rt arbete och framg\u00e5ng, som de gener\u00f6st delade med omgivningen. Best\u00e4llningar kom fr\u00e5n hela v\u00e4rlden och 1843 blev de verkligen k\u00e4nda n\u00e4r deras whisky erk\u00e4ndes av det kungliga hush\u00e5llet och serverades till drottning Victoria p\u00e5 hennes lantst\u00e4lle.<\/p>\n","protected":false},"excerpt":{"rendered":"<p>Blended Scotch Whisky<\/p>\n","protected":false},"featured_media":78681,"template":"","meta":{"_acf_changed":false,"rs_blank_template":"","rs_page_bg_color":"","slide_template_v7":""},"product_brand":[],"product_cat":[2387,4648,2392],"product_tag":[],"class_list":{"0":"post-15974","1":"product","2":"type-product","3":"status-publish","4":"has-post-thumbnail","6":"product_cat-avec-sv","7":"product_cat-blended-malt","8":"product_cat-whisky-sv","9":"pa_land-skottland","10":"pa_procent-40-sv-2","11":"pa_volume-70-sv-2","13":"first","14":"instock","15":"sale","16":"taxable","17":"shipping-taxable","18":"purchasable","19":"product-type-simple"},"bundled_by":[],"bundle_stock_status":"instock","bundle_stock_quantity":null,"bundle_virtual":false,"bundle_layout":"","bundle_add_to_cart_form_location":"","bundle_editable_in_cart":false,"bundle_sold_individually_context":"","bundle_item_grouping":"","bundle_min_size":"","bundle_max_size":"","bundle_price":[],"bundled_items":[],"bundle_sell_ids":[],"acf":[],"_links":{"self":[{"href":"https:\/\/www.raschvin.com\/sv\/wp-json\/wp\/v2\/product\/15974","targetHints":{"allow":["GET"]}}],"collection":[{"href":"https:\/\/www.raschvin.com\/sv\/wp-json\/wp\/v2\/product"}],"about":[{"href":"https:\/\/www.raschvin.com\/sv\/wp-json\/wp\/v2\/types\/product"}],"wp:featuredmedia":[{"embeddable":true,"href":"https:\/\/www.raschvin.com\/sv\/wp-json\/wp\/v2\/media\/78681"}],"wp:attachment":[{"href":"https:\/\/www.raschvin.com\/sv\/wp-json\/wp\/v2\/media?parent=15974"}],"wp:term":[{"taxonomy":"product_brand","embeddable":true,"href":"https:\/\/www.raschvin.com\/sv\/wp-json\/wp\/v2\/product_brand?post=15974"},{"taxonomy":"product_cat","embeddable":true,"href":"https:\/\/www.raschvin.com\/sv\/wp-json\/wp\/v2\/product_cat?post=15974"},{"taxonomy":"product_tag","embeddable":true,"href":"https:\/\/www.raschvin.com\/sv\/wp-json\/wp\/v2\/product_tag?post=15974"}],"curies":[{"name":"wp","href":"https:\/\/api.w.org\/{rel}","templated":true}]}}