{"id":15971,"date":"2022-05-30T08:48:04","date_gmt":"2022-05-30T06:48:04","guid":{"rendered":"https:\/\/www.raschvin.com\/vare\/ardbeg-corryvreckan\/"},"modified":"2023-03-13T09:30:53","modified_gmt":"2023-03-13T08:30:53","slug":"ardbeg-corryvreckan","status":"publish","type":"product","link":"https:\/\/www.raschvin.com\/sv\/produkt\/ardbeg-corryvreckan\/","title":{"rendered":"Ardbeg Corryvreckan 70 cl. 57,1%"},"content":{"rendered":"<p>Ardbeg Corryvreckan har sitt namn fr\u00e5n den ber\u00f6mda Malstream norr om Islay, d\u00e4r endast de modiga sj\u00e4larna kommer att v\u00e5ga ut. Whirling aromer och snabba str\u00f6mmar av djupt, torv, pubbed smak lurar under ytan av denna vackert balanserade dram. Liksom malstream \u00e4r CorryVreckan inte f\u00f6r den blygsamma! Namngivna &#8221;v\u00e4rldens b\u00e4sta singelmalt&#8221; 2010 av World Whiskys Awards.<\/p>\n<p>Ardbeg Corryvreckan har en trevlig gult f\u00e4rg och en berusande, intensiv och kraftfull doft. Sv\u00e4ng glaset och djupt n\u00e4san i snabba str\u00f6mmar av tj\u00e4rt, Kreosote och linolja. En kollision mellan vaxartad m\u00f6rk choklad, varm svartb\u00e4r och brun farin med en explosion av rika k\u00f6rsb\u00e4r och jordiska talln\u00e5lar fr\u00e5n djupet. Fr\u00e5n salta kryddor kommer ett saltkarakt\u00e4r med surt, krispigt t\u00e5ng och r\u00f6kig bacon som virvlar p\u00e5 ytan, med tips av s\u00f6ta vanilj, kryddiga nejlikor och bl\u00e5b\u00e4r. Uppmuntra sitt farliga djup med den berusande kraften i mentol, melass och chilisauce.<\/p>\n<p>V\u00e5ren i malstretch och snabba str\u00f6mmar av smak \u00f6ver huvudet p\u00e5 gommen och bombardera tungan: djupt, dyr och cool. Den f\u00f6rsta v\u00e5ren producerar cool, dyr biff i peppars\u00e5s med surheten i krispiga t\u00e5ng. N\u00e4r du kommer djupare, kan du st\u00f6ta p\u00e5 en munnen svart, tj\u00e4rt espressokaffe som t\u00e4cker munnen med rika m\u00f6rka frukter (svarta vinb\u00e4r, bl\u00e5b\u00e4r och k\u00f6rsb\u00e4r) och bittra mandel. N\u00e4r smaken tr\u00e4nger in djupare, drar stj\u00e4rnanis och valn\u00f6ttr\u00e4d gommen innan \u00f6verraskande kalkarliga violer kommer till ytan.<\/p>\n<p>Efter magan \u00e4r l\u00e5ng, djup och f\u00f6rblir stark, med svart tj\u00e4ra kaffe, chokladbelagd k\u00f6rsb\u00e4r och stark peppars\u00e5s. De l\u00e5ngvariga minnena av din mystiska och dj\u00e4rta resa till Corryvreckan.<\/p>\n<p>Ardbeg \u00e4r ett whisky-destilleri p\u00e5 den skotska \u00f6ns sydkust, Islay. \u00d6n \u00e4r k\u00e4nd f\u00f6r sina starkt r\u00f6ka whiskys, och Ardbeg \u00e4r inget undantag med en ppm (fenoldelar per miljon), som vanligtvis \u00e4r cirka 55.<\/p>\n<p>Destilleraren grundades 1815, och den f\u00f6rseglade och s\u00f6ta maltwhiskyen fr\u00e5n Ardbt har varit otroligt popul\u00e4ra under de senaste \u00e5ren.<\/p>\n<p>Kapaciteten \u00e4r 1,4 miljoner liter ren alkohol per \u00e5r, och ArdBbeg k\u00f6rs f\u00f6r full \u00e5nga. F\u00f6rl\u00e4ngningar \u00e4r planerade som \u00f6kar kapaciteten till 2,4 miljoner liter, vilket \u00e4r en bra id\u00e9 f\u00f6r Ardbegmanien som inte vill sluta.<\/p>\n","protected":false},"excerpt":{"rendered":"<p>Islay Single Malt Scotch Whisky<\/p>\n","protected":false},"featured_media":1348,"template":"","meta":{"_acf_changed":false,"rs_blank_template":"","rs_page_bg_color":"","slide_template_v7":""},"product_brand":[],"product_cat":[2387,4651,2392],"product_tag":[],"class_list":{"0":"post-15971","1":"product","2":"type-product","3":"status-publish","4":"has-post-thumbnail","6":"product_cat-avec-sv","7":"product_cat-single-malt-sv","8":"product_cat-whisky-sv","9":"pa_land-skottland","10":"pa_procent-57-1-sv","11":"pa_producent-ardbeg-distillery-sv","12":"pa_region-islay-sv","13":"pa_volume-70-sv-2","15":"first","16":"instock","17":"sale","18":"taxable","19":"shipping-taxable","20":"purchasable","21":"product-type-simple"},"bundled_by":[],"bundle_stock_status":"instock","bundle_stock_quantity":null,"bundle_virtual":false,"bundle_layout":"","bundle_add_to_cart_form_location":"","bundle_editable_in_cart":false,"bundle_sold_individually_context":"","bundle_item_grouping":"","bundle_min_size":"","bundle_max_size":"","bundle_price":[],"bundled_items":[],"bundle_sell_ids":[],"acf":[],"_links":{"self":[{"href":"https:\/\/www.raschvin.com\/sv\/wp-json\/wp\/v2\/product\/15971","targetHints":{"allow":["GET"]}}],"collection":[{"href":"https:\/\/www.raschvin.com\/sv\/wp-json\/wp\/v2\/product"}],"about":[{"href":"https:\/\/www.raschvin.com\/sv\/wp-json\/wp\/v2\/types\/product"}],"wp:featuredmedia":[{"embeddable":true,"href":"https:\/\/www.raschvin.com\/sv\/wp-json\/wp\/v2\/media\/1348"}],"wp:attachment":[{"href":"https:\/\/www.raschvin.com\/sv\/wp-json\/wp\/v2\/media?parent=15971"}],"wp:term":[{"taxonomy":"product_brand","embeddable":true,"href":"https:\/\/www.raschvin.com\/sv\/wp-json\/wp\/v2\/product_brand?post=15971"},{"taxonomy":"product_cat","embeddable":true,"href":"https:\/\/www.raschvin.com\/sv\/wp-json\/wp\/v2\/product_cat?post=15971"},{"taxonomy":"product_tag","embeddable":true,"href":"https:\/\/www.raschvin.com\/sv\/wp-json\/wp\/v2\/product_tag?post=15971"}],"curies":[{"name":"wp","href":"https:\/\/api.w.org\/{rel}","templated":true}]}}