{"id":15954,"date":"2022-05-30T08:45:37","date_gmt":"2022-05-30T06:45:37","guid":{"rendered":"https:\/\/www.raschvin.com\/vare\/amrut-fusion\/"},"modified":"2022-10-31T17:52:11","modified_gmt":"2022-10-31T16:52:11","slug":"amrut-fusion","status":"publish","type":"product","link":"https:\/\/www.raschvin.com\/sv\/produkt\/amrut-fusion\/","title":{"rendered":"Amrut Fusion 70 cl. 50%"},"content":{"rendered":"<p>Amrut Fusion \u00e4r en r\u00f6kt singel malt whisky fr\u00e5n Bangalore i Indien. Fusion sticker ut fr\u00e5n de andra vikarna i AMRETs sortiment genom att bli gjorda med lite r\u00f6kt malt fr\u00e5n Skottland; Cirka 75% \u00e4r smaksatta, indiska malt, medan resten \u00e4r fr\u00e5n Skottland och med en betydande m\u00e4ngd r\u00f6k. Den tappas vid f\u00f6rnuftig 50% alkohol och \u00e4r inte tillagd f\u00e4rg\u00e4mne eller kylfiltrerad.<br \/>\nF\u00e4rg: Golden.<br \/>\nDoft: Massor av malt, chokladfudge, \u00f6rter och b\u00e5l.<br \/>\nSmak Anm\u00e4rkningar: Intensiv och oljad smak med choklad, kaffe och plommon. Fin underliggande notering av torkning och en bra saltbalans.<\/p>\n<p>Serveringsf\u00f6rslag: b\u00f6r avnjutas ren, eventuellt. med n\u00e5gra droppar vatten.<\/p>\n","protected":false},"excerpt":{"rendered":"<p>Indian Single Malt Whisky<\/p>\n","protected":false},"featured_media":1244,"template":"","meta":{"_acf_changed":false,"rs_blank_template":"","rs_page_bg_color":"","slide_template_v7":""},"product_brand":[],"product_cat":[2387,4651,2392],"product_tag":[],"class_list":{"0":"post-15954","1":"product","2":"type-product","3":"status-publish","4":"has-post-thumbnail","6":"product_cat-avec-sv","7":"product_cat-single-malt-sv","8":"product_cat-whisky-sv","9":"pa_land-indien-sv","10":"pa_procent-50-sv","11":"pa_producent-amrut-sv","12":"pa_volume-70-sv-2","14":"first","15":"instock","16":"taxable","17":"shipping-taxable","18":"purchasable","19":"product-type-simple"},"bundled_by":[],"bundle_stock_status":"instock","bundle_stock_quantity":null,"bundle_virtual":false,"bundle_layout":"","bundle_add_to_cart_form_location":"","bundle_editable_in_cart":false,"bundle_sold_individually_context":"","bundle_item_grouping":"","bundle_min_size":"","bundle_max_size":"","bundle_price":[],"bundled_items":[],"bundle_sell_ids":[],"acf":[],"_links":{"self":[{"href":"https:\/\/www.raschvin.com\/sv\/wp-json\/wp\/v2\/product\/15954","targetHints":{"allow":["GET"]}}],"collection":[{"href":"https:\/\/www.raschvin.com\/sv\/wp-json\/wp\/v2\/product"}],"about":[{"href":"https:\/\/www.raschvin.com\/sv\/wp-json\/wp\/v2\/types\/product"}],"wp:featuredmedia":[{"embeddable":true,"href":"https:\/\/www.raschvin.com\/sv\/wp-json\/wp\/v2\/media\/1244"}],"wp:attachment":[{"href":"https:\/\/www.raschvin.com\/sv\/wp-json\/wp\/v2\/media?parent=15954"}],"wp:term":[{"taxonomy":"product_brand","embeddable":true,"href":"https:\/\/www.raschvin.com\/sv\/wp-json\/wp\/v2\/product_brand?post=15954"},{"taxonomy":"product_cat","embeddable":true,"href":"https:\/\/www.raschvin.com\/sv\/wp-json\/wp\/v2\/product_cat?post=15954"},{"taxonomy":"product_tag","embeddable":true,"href":"https:\/\/www.raschvin.com\/sv\/wp-json\/wp\/v2\/product_tag?post=15954"}],"curies":[{"name":"wp","href":"https:\/\/api.w.org\/{rel}","templated":true}]}}