{"id":15953,"date":"2022-05-30T08:45:37","date_gmt":"2022-05-30T06:45:37","guid":{"rendered":"https:\/\/www.raschvin.com\/vare\/amrut-peated-org\/"},"modified":"2022-10-31T17:56:16","modified_gmt":"2022-10-31T16:56:16","slug":"amrut-peated-org","status":"publish","type":"product","link":"https:\/\/www.raschvin.com\/sv\/produkt\/amrut-peated-org\/","title":{"rendered":"Amrut Peated 70 cl. 46%"},"content":{"rendered":"<p>Amrut Peated Single Malt \u00e4r en r\u00f6kt whisky fr\u00e5n Bangalore i Indien. Denna suver\u00e4na, mellanliggande Amrut ligger p\u00e5 Bourbon-sk\u00e5len i Amrafants v\u00e4rme\u00f6kar tills den tappas till 46% alkohol, utan karamelllf\u00e4rg eller kylfiltrering. Den goda Jim Murray har erk\u00e4nt under 94 po\u00e4ng i sin whiskybibel, och vi h\u00e5ller med &#8211; det \u00e4r fenomenal whisky som absolut inte st\u00e5r i skuggan av skotten!<br \/>\nF\u00e4rg: Golden.<br \/>\nDoft: torkning, bacon, l\u00e4der och citrus.<br \/>\nSmak Anm\u00e4rkningar: En s\u00f6t smak av melass och brun farin. F\u00f6ljs av r\u00f6k, kryddor, karamelll och vanilj.<\/p>\n<p>Serveringsf\u00f6rslag: b\u00f6r avnjutas ren.<\/p>\n","protected":false},"excerpt":{"rendered":"<p>Indian Single Malt Whisky<\/p>\n","protected":false},"featured_media":1240,"template":"","meta":{"_acf_changed":false,"rs_blank_template":"","rs_page_bg_color":"","slide_template_v7":""},"product_brand":[],"product_cat":[2387,2392,4651],"product_tag":[],"class_list":{"0":"post-15953","1":"product","2":"type-product","3":"status-publish","4":"has-post-thumbnail","6":"product_cat-avec-sv","7":"product_cat-whisky-sv","8":"product_cat-single-malt-sv","9":"pa_land-indien-sv","10":"pa_procent-46-sv","11":"pa_producent-amrut-sv","12":"pa_region-bangalore-sv","13":"pa_volume-70-sv-2","15":"first","16":"instock","17":"taxable","18":"shipping-taxable","19":"purchasable","20":"product-type-simple"},"bundled_by":[],"bundle_stock_status":"instock","bundle_stock_quantity":null,"bundle_virtual":false,"bundle_layout":"","bundle_add_to_cart_form_location":"","bundle_editable_in_cart":false,"bundle_sold_individually_context":"","bundle_item_grouping":"","bundle_min_size":"","bundle_max_size":"","bundle_price":[],"bundled_items":[],"bundle_sell_ids":[],"acf":[],"_links":{"self":[{"href":"https:\/\/www.raschvin.com\/sv\/wp-json\/wp\/v2\/product\/15953","targetHints":{"allow":["GET"]}}],"collection":[{"href":"https:\/\/www.raschvin.com\/sv\/wp-json\/wp\/v2\/product"}],"about":[{"href":"https:\/\/www.raschvin.com\/sv\/wp-json\/wp\/v2\/types\/product"}],"wp:featuredmedia":[{"embeddable":true,"href":"https:\/\/www.raschvin.com\/sv\/wp-json\/wp\/v2\/media\/1240"}],"wp:attachment":[{"href":"https:\/\/www.raschvin.com\/sv\/wp-json\/wp\/v2\/media?parent=15953"}],"wp:term":[{"taxonomy":"product_brand","embeddable":true,"href":"https:\/\/www.raschvin.com\/sv\/wp-json\/wp\/v2\/product_brand?post=15953"},{"taxonomy":"product_cat","embeddable":true,"href":"https:\/\/www.raschvin.com\/sv\/wp-json\/wp\/v2\/product_cat?post=15953"},{"taxonomy":"product_tag","embeddable":true,"href":"https:\/\/www.raschvin.com\/sv\/wp-json\/wp\/v2\/product_tag?post=15953"}],"curies":[{"name":"wp","href":"https:\/\/api.w.org\/{rel}","templated":true}]}}