{"id":15941,"date":"2022-05-30T08:42:50","date_gmt":"2022-05-30T06:42:50","guid":{"rendered":"https:\/\/www.raschvin.com\/vare\/nikka-tailored\/"},"modified":"2022-11-29T11:28:46","modified_gmt":"2022-11-29T10:28:46","slug":"nikka-tailored","status":"publish","type":"product","link":"https:\/\/www.raschvin.com\/sv\/produkt\/nikka-tailored\/","title":{"rendered":"Nikka Tailored 70 cl. 43%"},"content":{"rendered":"<p>Nikka skr\u00e4ddarsydd \u00e4r en premium blandad whisky fr\u00e5n Japan. Namnet &#8221;skr\u00e4ddarsydd&#8221; avser att bara den h\u00e4r blandningen \u00e4r skr\u00e4ddarsydd av komponenter fr\u00e5n Nikkas tv\u00e5 destillerier, Yoichi och Miyagikyo. Den kimono-inspirerade flaskan sparar p\u00e5 en saftig, mjuk och s\u00f6t whisky &#8211; perfekt som en introduktion till den eleganta japanska stilen.<\/p>\n<p>F\u00e4rg: Deep Golden.<br \/>\nDoft: En fruktig och raffinerad doft av aprikos, persika, \u00e4pple, honung och l\u00e4tt choklad.<br \/>\nSmak Anm\u00e4rkningar: Fyller munnen med mjuka anteckningar av honung, nybakade croissanter och mj\u00f6lkchoklad. I eftersmaken en antydan av kandad orange och grapefruktskal.<\/p>\n<p>Serveringsf\u00f6rslag: Njut av det rena, eventuellt. Med n\u00e5gra droppar vatten, eller prova det i en lyxig highball.<\/p>\n","protected":false},"excerpt":{"rendered":"<p>Japanese Premium Blended Whisky<\/p>\n","protected":false},"featured_media":1171,"template":"","meta":{"_acf_changed":false,"rs_blank_template":"","rs_page_bg_color":"","slide_template_v7":""},"product_brand":[],"product_cat":[2387,4765,2392],"product_tag":[],"class_list":{"0":"post-15941","1":"product","2":"type-product","3":"status-publish","4":"has-post-thumbnail","6":"product_cat-avec-sv","7":"product_cat-blended-sv","8":"product_cat-whisky-sv","9":"pa_land-japan-sv","10":"pa_procent-43-sv","11":"pa_producent-nikka-sv","12":"pa_volume-70-sv-2","14":"first","15":"instock","16":"sale","17":"taxable","18":"shipping-taxable","19":"purchasable","20":"product-type-simple"},"bundled_by":[],"bundle_stock_status":"instock","bundle_stock_quantity":null,"bundle_virtual":false,"bundle_layout":"","bundle_add_to_cart_form_location":"","bundle_editable_in_cart":false,"bundle_sold_individually_context":"","bundle_item_grouping":"","bundle_min_size":"","bundle_max_size":"","bundle_price":[],"bundled_items":[],"bundle_sell_ids":[],"acf":[],"_links":{"self":[{"href":"https:\/\/www.raschvin.com\/sv\/wp-json\/wp\/v2\/product\/15941","targetHints":{"allow":["GET"]}}],"collection":[{"href":"https:\/\/www.raschvin.com\/sv\/wp-json\/wp\/v2\/product"}],"about":[{"href":"https:\/\/www.raschvin.com\/sv\/wp-json\/wp\/v2\/types\/product"}],"wp:featuredmedia":[{"embeddable":true,"href":"https:\/\/www.raschvin.com\/sv\/wp-json\/wp\/v2\/media\/1171"}],"wp:attachment":[{"href":"https:\/\/www.raschvin.com\/sv\/wp-json\/wp\/v2\/media?parent=15941"}],"wp:term":[{"taxonomy":"product_brand","embeddable":true,"href":"https:\/\/www.raschvin.com\/sv\/wp-json\/wp\/v2\/product_brand?post=15941"},{"taxonomy":"product_cat","embeddable":true,"href":"https:\/\/www.raschvin.com\/sv\/wp-json\/wp\/v2\/product_cat?post=15941"},{"taxonomy":"product_tag","embeddable":true,"href":"https:\/\/www.raschvin.com\/sv\/wp-json\/wp\/v2\/product_tag?post=15941"}],"curies":[{"name":"wp","href":"https:\/\/api.w.org\/{rel}","templated":true}]}}