{"id":15940,"date":"2022-11-08T08:42:50","date_gmt":"2022-11-08T07:42:50","guid":{"rendered":"https:\/\/www.raschvin.com\/vare\/nikka-miyagikyo\/"},"modified":"2023-03-31T08:18:58","modified_gmt":"2023-03-31T06:18:58","slug":"nikka-miyagikyo","status":"publish","type":"product","link":"https:\/\/www.raschvin.com\/sv\/produkt\/nikka-miyagikyo\/","title":{"rendered":"Nikka Whisky &#8211; Miyagikyo Single Malt 70 cl. 45%"},"content":{"rendered":"<p>Nikka Miyagikyo single malt \u00e4r det perfekta exemplet p\u00e5 ljus och elegant stil, destilleriet \u00e4r k\u00e4nt och \u00e4lskat f\u00f6r. Till skillnad fr\u00e5n systergriller, Yoichi, Miyagikyo \u00e4r gjord p\u00e5 helt smaksatt malt, och en stor del av whiskyen lagras p\u00e5 Sherry Fade, vilket ger djup och fulla anteckningar av torkad frukt, choklad och kryddor. Whiskyen tappas till 45% alkohol.<\/p>\n<p>F\u00e4rg: Golden.<br \/>\nFragrance: \u00e4pplen, karamelll, aprikos, samt kakaopulver och bivax.<br \/>\nSmak Anm\u00e4rkningar: Filnoteringar av kryddor, kokosn\u00f6t och choklad.<\/p>\n<p>Serveringsf\u00f6rslag: b\u00f6r avnjutas ren, eventuellt. med en droppe vatten.<\/p>\n","protected":false},"excerpt":{"rendered":"<p>Japanese Single Malt Whisky<\/p>\n","protected":false},"featured_media":1167,"template":"","meta":{"_acf_changed":false,"rs_blank_template":"","rs_page_bg_color":"","slide_template_v7":""},"product_brand":[],"product_cat":[2387,4651,2392],"product_tag":[],"class_list":{"0":"post-15940","1":"product","2":"type-product","3":"status-publish","4":"has-post-thumbnail","6":"product_cat-avec-sv","7":"product_cat-single-malt-sv","8":"product_cat-whisky-sv","9":"pa_land-japan-sv","10":"pa_procent-45-sv","11":"pa_producent-yoichi-sv","12":"pa_volume-70-sv-2","14":"first","15":"instock","16":"sale","17":"taxable","18":"shipping-taxable","19":"purchasable","20":"product-type-simple"},"bundled_by":[],"bundle_stock_status":"instock","bundle_stock_quantity":null,"bundle_virtual":false,"bundle_layout":"","bundle_add_to_cart_form_location":"","bundle_editable_in_cart":false,"bundle_sold_individually_context":"","bundle_item_grouping":"","bundle_min_size":"","bundle_max_size":"","bundle_price":[],"bundled_items":[],"bundle_sell_ids":[],"acf":[],"_links":{"self":[{"href":"https:\/\/www.raschvin.com\/sv\/wp-json\/wp\/v2\/product\/15940","targetHints":{"allow":["GET"]}}],"collection":[{"href":"https:\/\/www.raschvin.com\/sv\/wp-json\/wp\/v2\/product"}],"about":[{"href":"https:\/\/www.raschvin.com\/sv\/wp-json\/wp\/v2\/types\/product"}],"wp:featuredmedia":[{"embeddable":true,"href":"https:\/\/www.raschvin.com\/sv\/wp-json\/wp\/v2\/media\/1167"}],"wp:attachment":[{"href":"https:\/\/www.raschvin.com\/sv\/wp-json\/wp\/v2\/media?parent=15940"}],"wp:term":[{"taxonomy":"product_brand","embeddable":true,"href":"https:\/\/www.raschvin.com\/sv\/wp-json\/wp\/v2\/product_brand?post=15940"},{"taxonomy":"product_cat","embeddable":true,"href":"https:\/\/www.raschvin.com\/sv\/wp-json\/wp\/v2\/product_cat?post=15940"},{"taxonomy":"product_tag","embeddable":true,"href":"https:\/\/www.raschvin.com\/sv\/wp-json\/wp\/v2\/product_tag?post=15940"}],"curies":[{"name":"wp","href":"https:\/\/api.w.org\/{rel}","templated":true}]}}