{"id":15934,"date":"2025-12-10T09:51:50","date_gmt":"2025-12-10T08:51:50","guid":{"rendered":"https:\/\/www.raschvin.com\/vare\/hazelburn-10-years\/"},"modified":"2026-01-29T18:59:11","modified_gmt":"2026-01-29T17:59:11","slug":"hazelburn-10-years","status":"publish","type":"product","link":"https:\/\/www.raschvin.com\/sv\/produkt\/hazelburn-10-years\/","title":{"rendered":"Hazelburn 10 Years 70 cl. 46%"},"content":{"rendered":"<p>Hazelburn 10 Year Old kommer fr\u00e5n Springbank Distillery i Campbeltown. \u00c4ven om destilleriet \u00e4r mest k\u00e4nt f\u00f6r sin l\u00e4tt r\u00f6kta, 2,5 g\u00e5nger destillerade whisky, g\u00f6r de \u00e4ven en liten m\u00e4ngd or\u00f6kt, trippeldestillerad singelmalt under namnet &#8221;Hazelburn&#8221;, som \u00e4r l\u00e4ttare och mer elegant i stilen. Denna version har tillbringat 10 \u00e5r p\u00e5 bourbonfat innan den buteljerats med 46 % alkohol, naturligtvis utan f\u00e4rgning eller kylfiltrering.<\/p>\n<p>F\u00e4rg: Amber<br \/>\nDoft: S\u00f6t och fruktig: honung, vaniljfudge och syltade p\u00e4ron.<br \/>\nSmaknoter: P\u00e5 gommen \u00e4r denna Hazelburn dj\u00e4rv och fyllig, med toner av mj\u00f6lkchoklad och tropisk frukt: mango och papaya.<br \/>\nServeringsf\u00f6rslag: B\u00f6r avnjutas snyggt.<\/p>\n<p>Hos Springbank produceras 3 distinkta typer av whisky, som skiljer sig \u00e5t p\u00e5 ett antal parametrar. Den klassiska Springbank har en l\u00e4tt torvr\u00f6k. R\u00f6kniv\u00e5n anges (n\u00e5got oprecist) med ett m\u00e5tt p\u00e5 fenol i det f\u00e4rdiga m\u00e4ltade kornet och \u00e4r cirka 10-15 &#8221;parts per million&#8221; (malten torkas i 6 timmar med torvr\u00f6k och 30 timmar med varmluft). Springbank destilleras ocks\u00e5 2,5 g\u00e5nger. &#8221;Longrow&#8221; &#8211; en starkt r\u00f6kt variant gjordes f\u00f6rsta g\u00e5ngen 1973. H\u00e4r \u00e4r r\u00f6ken uppe i 50-55 ppm, malten torkas i 48 timmar med torvr\u00f6k, och den destilleras tv\u00e5 g\u00e5nger. Den nyaste varianten, Hazelburn, s\u00e5g dagens ljus 1997 n\u00e4r de f\u00f6rsta g\u00e5ngen provade helt or\u00f6kt och trippeldestillerad whisky. Av de cirka 175 000 literna som det lilla Campbeltown-destilleriet producerar per \u00e5r \u00e4r 80 % Springbank, cirka 10 % Longrow och 10 % Hazelburn.<\/p>\n<p>Oavsett vilken variant du \u00e4r ute efter \u00e4r Springbank v\u00e4rt att l\u00e4ra k\u00e4nna. Det \u00e4r favoritdestilleriet f\u00f6r m\u00e5nga whiskyn\u00f6rdar och av goda sk\u00e4l! Som det enda destilleriet i Skottland maltar de sj\u00e4lva allt korn de beh\u00f6ver. F\u00e4rg tills\u00e4tts aldrig och whiskyn \u00e4r inte kylfiltrerad.<\/p>\n","protected":false},"excerpt":{"rendered":"<p>Campbeltown Single Malt Scotch Whisky<\/p>\n","protected":false},"featured_media":1098,"template":"","meta":{"_acf_changed":false,"rs_blank_template":"","rs_page_bg_color":"","slide_template_v7":""},"product_brand":[],"product_cat":[2387,4651,2392],"product_tag":[],"class_list":{"0":"post-15934","1":"product","2":"type-product","3":"status-publish","4":"has-post-thumbnail","6":"product_cat-avec-sv","7":"product_cat-single-malt-sv","8":"product_cat-whisky-sv","9":"pa_land-skottland","10":"pa_procent-46-sv","11":"pa_producent-springbanks-sv","12":"pa_region-campbeltown-sv","13":"pa_volume-70-sv-2","15":"first","16":"instock","17":"taxable","18":"shipping-taxable","19":"purchasable","20":"product-type-simple"},"bundled_by":[],"bundle_stock_status":"instock","bundle_stock_quantity":3,"bundle_virtual":false,"bundle_layout":"","bundle_add_to_cart_form_location":"","bundle_editable_in_cart":false,"bundle_sold_individually_context":"","bundle_item_grouping":"","bundle_min_size":"","bundle_max_size":"","bundle_price":[],"bundled_items":[],"bundle_sell_ids":[],"acf":[],"_links":{"self":[{"href":"https:\/\/www.raschvin.com\/sv\/wp-json\/wp\/v2\/product\/15934","targetHints":{"allow":["GET"]}}],"collection":[{"href":"https:\/\/www.raschvin.com\/sv\/wp-json\/wp\/v2\/product"}],"about":[{"href":"https:\/\/www.raschvin.com\/sv\/wp-json\/wp\/v2\/types\/product"}],"wp:featuredmedia":[{"embeddable":true,"href":"https:\/\/www.raschvin.com\/sv\/wp-json\/wp\/v2\/media\/1098"}],"wp:attachment":[{"href":"https:\/\/www.raschvin.com\/sv\/wp-json\/wp\/v2\/media?parent=15934"}],"wp:term":[{"taxonomy":"product_brand","embeddable":true,"href":"https:\/\/www.raschvin.com\/sv\/wp-json\/wp\/v2\/product_brand?post=15934"},{"taxonomy":"product_cat","embeddable":true,"href":"https:\/\/www.raschvin.com\/sv\/wp-json\/wp\/v2\/product_cat?post=15934"},{"taxonomy":"product_tag","embeddable":true,"href":"https:\/\/www.raschvin.com\/sv\/wp-json\/wp\/v2\/product_tag?post=15934"}],"curies":[{"name":"wp","href":"https:\/\/api.w.org\/{rel}","templated":true}]}}