{"id":15915,"date":"2022-05-30T08:40:06","date_gmt":"2022-05-30T06:40:06","guid":{"rendered":"https:\/\/www.raschvin.com\/vare\/compass-box-great-king-street-artist-blend\/"},"modified":"2022-11-10T16:26:44","modified_gmt":"2022-11-10T15:26:44","slug":"compass-box-great-king-street-artist-blend","status":"publish","type":"product","link":"https:\/\/www.raschvin.com\/sv\/produkt\/compass-box-great-king-street-artist-blend\/","title":{"rendered":"Compass Box &#8211; Artist Blend 70 cl. 43%"},"content":{"rendered":"<p>Compass Box Artist Blend \u00e4r en skotsk blandad whisky, skapad som en hyllning till Edinburgh; en stad full av m\u00e5lare, f\u00f6rfattare, gatuartister och andra konstn\u00e4rer. Och s\u00e5klart fylld med whisky!<\/p>\n<p>Artist Blend best\u00e5r av flera komponenter, och eftersom Compass Box \u00e4r en av f\u00e5 tappare som \u00e4r villig att dela med sig av det annars ofta hemliga receptet, kan vi ber\u00e4tta ganska exakt vad det \u00e4r gjort av: knappt h\u00e4lften best\u00e5r av grain whisky fr\u00e5n Cameronbridge-lagret p\u00e5 first-fill bourbonfat, plus 10% maltwhisky fr\u00e5n Clynelish och 10% fr\u00e5n Balmenach, b\u00e5da lagrade p\u00e5 firstfill bourbonfat, medan Linkwood bidrar med maltwhisky fr\u00e5n b\u00e5de bourbonfat (22%) och sherryfat, kryddat med de s\u00e4llsynta sherry-typ Palo Cortado (5%). Resterande 8% \u00e4r en Highland-blandning som lagras p\u00e5 specialrostade nya franska ekfat.<\/p>\n<p>F\u00e4rg: Ljus gyllene.<br \/>\nLukt: L\u00e4cker doft av malt och nybakad \u00e4ppelpaj. Lite kanel och br\u00e4nd ek i bakgrunden.<br \/>\nSmaknoter: Fast och saftig, med toner av vanilj, \u00e4pplen, s\u00f6t lakrits och gr\u00e4s.<\/p>\n<p>Serveringsf\u00f6rslag: Kan avnjutas snyggt eller i cocktails.<\/p>\n","protected":false},"excerpt":{"rendered":"<p>Blended Scotch Whisky<\/p>\n","protected":false},"featured_media":29512,"template":"","meta":{"_acf_changed":false,"rs_blank_template":"","rs_page_bg_color":"","slide_template_v7":""},"product_brand":[],"product_cat":[2387,4648,2392],"product_tag":[],"class_list":{"0":"post-15915","1":"product","2":"type-product","3":"status-publish","4":"has-post-thumbnail","6":"product_cat-avec-sv","7":"product_cat-blended-malt","8":"product_cat-whisky-sv","9":"pa_land-skottland","10":"pa_procent-43-sv","11":"pa_producent-compass-box-sv","12":"pa_volume-70-sv-2","14":"first","15":"instock","16":"sale","17":"taxable","18":"shipping-taxable","19":"purchasable","20":"product-type-simple"},"bundled_by":[],"bundle_stock_status":"instock","bundle_stock_quantity":null,"bundle_virtual":false,"bundle_layout":"","bundle_add_to_cart_form_location":"","bundle_editable_in_cart":false,"bundle_sold_individually_context":"","bundle_item_grouping":"","bundle_min_size":"","bundle_max_size":"","bundle_price":[],"bundled_items":[],"bundle_sell_ids":[],"acf":[],"_links":{"self":[{"href":"https:\/\/www.raschvin.com\/sv\/wp-json\/wp\/v2\/product\/15915","targetHints":{"allow":["GET"]}}],"collection":[{"href":"https:\/\/www.raschvin.com\/sv\/wp-json\/wp\/v2\/product"}],"about":[{"href":"https:\/\/www.raschvin.com\/sv\/wp-json\/wp\/v2\/types\/product"}],"wp:featuredmedia":[{"embeddable":true,"href":"https:\/\/www.raschvin.com\/sv\/wp-json\/wp\/v2\/media\/29512"}],"wp:attachment":[{"href":"https:\/\/www.raschvin.com\/sv\/wp-json\/wp\/v2\/media?parent=15915"}],"wp:term":[{"taxonomy":"product_brand","embeddable":true,"href":"https:\/\/www.raschvin.com\/sv\/wp-json\/wp\/v2\/product_brand?post=15915"},{"taxonomy":"product_cat","embeddable":true,"href":"https:\/\/www.raschvin.com\/sv\/wp-json\/wp\/v2\/product_cat?post=15915"},{"taxonomy":"product_tag","embeddable":true,"href":"https:\/\/www.raschvin.com\/sv\/wp-json\/wp\/v2\/product_tag?post=15915"}],"curies":[{"name":"wp","href":"https:\/\/api.w.org\/{rel}","templated":true}]}}