{"id":15908,"date":"2022-05-30T08:40:06","date_gmt":"2022-05-30T06:40:06","guid":{"rendered":"https:\/\/www.raschvin.com\/vare\/compass-box-story-of-the-spaniard\/"},"modified":"2024-11-16T07:28:28","modified_gmt":"2024-11-16T06:28:28","slug":"compass-box-story-of-the-spaniard","status":"publish","type":"product","link":"https:\/\/www.raschvin.com\/sv\/produkt\/compass-box-story-of-the-spaniard\/","title":{"rendered":"Compass Box &#8211; Story Of The Spaniard 70 cl. 43%"},"content":{"rendered":"<p>Kompassbox Historien om spanjoren \u00e4r en s\u00e5 kallad blandad malt whisky. Det \u00e4r, det blandas av olika enskilda malts &#8211; i det h\u00e4r fallet, fr\u00e4mst whiskyer som \u00e4r lagrade p\u00e5 olika typer av ving\u00e5rdar, b\u00e5de FIRST Fyll Sherry Butts, p\u00e5fyllning av hogsheads och spanska R\u00f8dvinfade. Det finns destillat fr\u00e5n t.ex. Deanston, Glen Elgin, Teaninich, Klynelish och Dailuaine, och hela \u00e4ra \u00e4r tappade p\u00e5 43% alkohol, utan f\u00e4rg\u00e4mne eller kylfiltrering.<\/p>\n<p>F\u00e4rg: Deep Golden.<br \/>\nDoft: \u00c4ldre blodkepsar, vanilj och l\u00e4tt choklad.<br \/>\nSmak Anm\u00e4rkningar: Smaken visar tydliga tecken p\u00e5 b\u00e5de sherry och ving\u00e5rdar, med anteckningar av mandel, russin, k\u00f6rsb\u00e4r och kanel.<\/p>\n<p>Kompassbox \u00e4r en av de mest innovativa bl\u00e4ndare och oberoende flaskor i skotsk whisky. F\u00f6retaget grundades av den amerikanska John Glaser 2000, och i b\u00f6rjan k\u00f6rde han f\u00f6retaget fr\u00e5n sitt eget k\u00f6k. Idag har Compass Box huvudkontor i London och mer \u00e4n ett dussin anst\u00e4llda.<\/p>\n<p>L\u00f6senordet f\u00f6r kompassl\u00e5dan \u00e4r \u00f6ppenhet &#8211; n\u00e5got som inte \u00e4r r\u00e4tt som \u00e4r vardaglig matlagning i den moderna whiskyindustrin. P\u00e5 deras hemsida (CompassBoxwhisky.com) har du m\u00f6jlighet att komma \u00e5t recepten i praktiskt taget alla sina blandningar. Och det finns mer du vill veta, du kan vanligtvis f\u00e5 svar p\u00e5 post.<\/p>\n<p>Det \u00e4r den h\u00e4r etos som guidar John Glaser n\u00e4r han som &#8221;Whiskey Maker&#8221; klipper vid uppfattningen om hur en blandad whisky ska g\u00f6ras och smakar, och det har medf\u00f6rt att kompassboxen ofta har varit p\u00e5 kanten med den enklare konservativa Scotch Whiservy Association . Det mest k\u00e4nda fallet var den f\u00f6rsta upplagan av whiskyen Spice Tree, som lagrades i &#8221;olagliga&#8221; r\u00e4tter med inmate stavar av fransk ek. Receptet p\u00e5 Spice Tree hade kompassbox\u00e4ndring, men de har inte utsatts f\u00f6r den tanke som du m\u00e5ste g\u00f6ra som du alltid har gjort och forts\u00e4tter att experimentera och f\u00f6rnyas d\u00e4r de kan.<\/p>\n","protected":false},"excerpt":{"rendered":"<p>Blended Scotch Whisky<\/p>\n","protected":false},"featured_media":856,"template":"","meta":{"_acf_changed":false,"rs_blank_template":"","rs_page_bg_color":"","slide_template_v7":""},"product_brand":[],"product_cat":[2387,4765,2392],"product_tag":[],"class_list":{"0":"post-15908","1":"product","2":"type-product","3":"status-publish","4":"has-post-thumbnail","6":"product_cat-avec-sv","7":"product_cat-blended-sv","8":"product_cat-whisky-sv","9":"pa_land-skottland","10":"pa_procent-43-sv","11":"pa_producent-compass-box-sv","12":"pa_region-highland-speyside-sv","13":"pa_volume-70-sv-2","15":"first","16":"instock","17":"taxable","18":"shipping-taxable","19":"purchasable","20":"product-type-simple"},"bundled_by":[],"bundle_stock_status":"instock","bundle_stock_quantity":null,"bundle_virtual":false,"bundle_layout":"","bundle_add_to_cart_form_location":"","bundle_editable_in_cart":false,"bundle_sold_individually_context":"","bundle_item_grouping":"","bundle_min_size":"","bundle_max_size":"","bundle_price":[],"bundled_items":[],"bundle_sell_ids":[],"acf":[],"_links":{"self":[{"href":"https:\/\/www.raschvin.com\/sv\/wp-json\/wp\/v2\/product\/15908","targetHints":{"allow":["GET"]}}],"collection":[{"href":"https:\/\/www.raschvin.com\/sv\/wp-json\/wp\/v2\/product"}],"about":[{"href":"https:\/\/www.raschvin.com\/sv\/wp-json\/wp\/v2\/types\/product"}],"wp:featuredmedia":[{"embeddable":true,"href":"https:\/\/www.raschvin.com\/sv\/wp-json\/wp\/v2\/media\/856"}],"wp:attachment":[{"href":"https:\/\/www.raschvin.com\/sv\/wp-json\/wp\/v2\/media?parent=15908"}],"wp:term":[{"taxonomy":"product_brand","embeddable":true,"href":"https:\/\/www.raschvin.com\/sv\/wp-json\/wp\/v2\/product_brand?post=15908"},{"taxonomy":"product_cat","embeddable":true,"href":"https:\/\/www.raschvin.com\/sv\/wp-json\/wp\/v2\/product_cat?post=15908"},{"taxonomy":"product_tag","embeddable":true,"href":"https:\/\/www.raschvin.com\/sv\/wp-json\/wp\/v2\/product_tag?post=15908"}],"curies":[{"name":"wp","href":"https:\/\/api.w.org\/{rel}","templated":true}]}}