{"id":15905,"date":"2022-05-30T08:40:06","date_gmt":"2022-05-30T06:40:06","guid":{"rendered":"https:\/\/www.raschvin.com\/vare\/redbreast-12-years-old\/"},"modified":"2022-12-02T18:55:03","modified_gmt":"2022-12-02T17:55:03","slug":"redbreast-12-years-old","status":"publish","type":"product","link":"https:\/\/www.raschvin.com\/sv\/produkt\/redbreast-12-years-old\/","title":{"rendered":"Redbreast Aged 12 Years 70 cl. 40%"},"content":{"rendered":"<p>Redbreast 12 \u00e5r gammal \u00e4r en perfekt exemplifierande irl\u00e4ndsk whisky: perfekt balans, full och samtidigt fr\u00e4sch, komplex och \u00e4nd\u00e5 l\u00e4tt att dricka. Helt enkelt ikonisk! Det \u00e4r gjord i enstaka stillstil, vilket inneb\u00e4r att du anv\u00e4nder b\u00e5de malt och om\u00e5lat korn f\u00f6r j\u00e4sning. F\u00f6rvaringen sker p\u00e5 en blandning av bourbonr\u00e4tter och oloroso-sherryfade.<\/p>\n<p>Midleton Distillery, n\u00e4ra hamnstaden Cork, med flera l\u00e4ngder av Irlands st\u00f6rsta destilleri. Det \u00e4r hem f\u00f6r en av v\u00e4rldens st\u00f6rsta pottstillst\u00e5nd och en p\u00e4rla av mycket \u00e4lskade whiskyer som Jameson, Redbreast, krafter, paddy, gr\u00f6n plats och f\u00f6rfattare t\u00e5rar. M\u00e5nga bra droppar som drivs av pannorna p\u00e5 destilleriet, som n\u00e4stan \u00e4r uppdelade i tv\u00e5; I en del g\u00f6r du kornwhisky p\u00e5 kolonnkedjor, medan i den andra typiskt irl\u00e4ndska enstaka potten fortfarande whisky. Korn whisky anv\u00e4nds i blandningar som Jameson, och h\u00e4r anv\u00e4nds ocks\u00e5 den unika irl\u00e4ndska enstaka potten fortfarande whisky, som \u00e4r gjord med b\u00e5de maltad och omm\u00e5lad korn, men detta tappas i st\u00f6rre och st\u00f6rre stil utan att integrera kornwhisky &#8211; s\u00e4kert ett gott tecken f\u00f6r framtiden f\u00f6r irl\u00e4ndsk whisky.<\/p>\n","protected":false},"excerpt":{"rendered":"<p>Single Pot Still Irish Whiskey<\/p>\n","protected":false},"featured_media":31126,"template":"","meta":{"_acf_changed":false,"rs_blank_template":"","rs_page_bg_color":"","slide_template_v7":""},"product_brand":[],"product_cat":[2387,4768,2392],"product_tag":[],"class_list":{"0":"post-15905","1":"product","2":"type-product","3":"status-publish","4":"has-post-thumbnail","6":"product_cat-avec-sv","7":"product_cat-irish-pot-still-sv","8":"product_cat-whisky-sv","9":"pa_land-irland-sv","10":"pa_procent-40-sv-2","11":"pa_producent-midleton-distillery-sv","12":"pa_region-dublin-sv","13":"pa_volume-70-sv-2","15":"first","16":"instock","17":"taxable","18":"shipping-taxable","19":"purchasable","20":"product-type-simple"},"bundled_by":[],"bundle_stock_status":"instock","bundle_stock_quantity":null,"bundle_virtual":false,"bundle_layout":"","bundle_add_to_cart_form_location":"","bundle_editable_in_cart":false,"bundle_sold_individually_context":"","bundle_item_grouping":"","bundle_min_size":"","bundle_max_size":"","bundle_price":[],"bundled_items":[],"bundle_sell_ids":[],"acf":[],"_links":{"self":[{"href":"https:\/\/www.raschvin.com\/sv\/wp-json\/wp\/v2\/product\/15905","targetHints":{"allow":["GET"]}}],"collection":[{"href":"https:\/\/www.raschvin.com\/sv\/wp-json\/wp\/v2\/product"}],"about":[{"href":"https:\/\/www.raschvin.com\/sv\/wp-json\/wp\/v2\/types\/product"}],"wp:featuredmedia":[{"embeddable":true,"href":"https:\/\/www.raschvin.com\/sv\/wp-json\/wp\/v2\/media\/31126"}],"wp:attachment":[{"href":"https:\/\/www.raschvin.com\/sv\/wp-json\/wp\/v2\/media?parent=15905"}],"wp:term":[{"taxonomy":"product_brand","embeddable":true,"href":"https:\/\/www.raschvin.com\/sv\/wp-json\/wp\/v2\/product_brand?post=15905"},{"taxonomy":"product_cat","embeddable":true,"href":"https:\/\/www.raschvin.com\/sv\/wp-json\/wp\/v2\/product_cat?post=15905"},{"taxonomy":"product_tag","embeddable":true,"href":"https:\/\/www.raschvin.com\/sv\/wp-json\/wp\/v2\/product_tag?post=15905"}],"curies":[{"name":"wp","href":"https:\/\/api.w.org\/{rel}","templated":true}]}}