{"id":15904,"date":"2022-05-30T08:40:06","date_gmt":"2022-05-30T06:40:06","guid":{"rendered":"https:\/\/www.raschvin.com\/vare\/june-by-gvine-wild-peach-summer-fruits\/"},"modified":"2022-11-17T16:40:06","modified_gmt":"2022-11-17T15:40:06","slug":"june-by-gvine-wild-peach-summer-fruits","status":"publish","type":"product","link":"https:\/\/www.raschvin.com\/sv\/produkt\/june-by-gvine-wild-peach-summer-fruits\/","title":{"rendered":"G Vine &#8211; June Wild Peach &#038; Summer Fruits 70 cl. 37,5%"},"content":{"rendered":"<p>Juni, City G&#8217;vine 30% \u00e4r Maison Villerts nya superstar p\u00e5 Gin-marknaden, en Gin-baserad lik\u00f6r. Juni \u00e4r G&#8217;vine Floraisons nya krispiga leilsyster, full av \u00f6verraskning, l\u00e4ttare i alkoholen, men med mycket smak. Juni \u00e4r lite s\u00f6t motsatt G&#8217;vine Floraison, som \u00e4r mer &#8221;s\u00f6t&#8221;. Juni \u00e4r gjord p\u00e5 Vindruespiritus som Nouaison Gin, av G&#8217;vine och G&#8217;vine Floraison, och har Maison Villerts DNA om renhet, klass och god smak.<\/p>\n<p>Livsnoteringar av druvblommor, persika och enb\u00e4r, liksom tips av sommarfrukt och b\u00e4r \u00e4r det en sommarst\u00f6t utan lika. Juni lanserades i april i Spanien, d\u00e4r du s\u00e5lde mer \u00e4n 8000 flaskor de f\u00f6rsta tv\u00e5 veckorna. Den mycket kategori av Gin-baserad brandy \u00e4r vid extrem drift och v\u00e4xte 2018 med 788% i Europa (dryckesverksamheten) och kategorin st\u00e5r f\u00f6r 50% av tillv\u00e4xten f\u00f6r Gin-kategorin som helhet (dryckesverksamheten).<\/p>\n<p>Det finns s\u00e5ledes m\u00f6jlighet att g\u00e5 med i en v\u00e5g av gin h\u00e4r. H\u00e4r f\u00f6ljer n\u00e5gra juni recept: mager juni: i ett vinglas fyllt med is s\u00e4tta 4cl juni, av g&#8217;vine, fyll upp med danska vatten (ca 10-15cl) Dekorera med persika och jordgubbe. Juni sommar booster: i ett vinglas fyllt med is s\u00e4tta 4cl juni, av G&#8217;vine, fyll i med Fevertree Medelhavet tonic (ca 10-15Cl). Dekorera med persika och revben. \u00c4ndra tonic till indiska tonic f\u00f6r att g\u00f6ra: (juni) Indisk sommar. Juni Collins: Skaka efter med massor av is: 6cl juni, City G&#8217;vine, 3cl nypressad citronsaft, 1cl Sylage (1 del socker: 1 delvatten). S\u00e4g det till ett vinglas fyllt med is. Toppa upp med 3-4cl danska vatten och r\u00f6r fortfarande. Dekorera med persika och en citronb\u00e5t.<\/p>\n","protected":false},"excerpt":{"rendered":"<p>Distilled Infused Gin &#8211; France<\/p>\n","protected":false},"featured_media":29810,"template":"","meta":{"_acf_changed":false,"rs_blank_template":"","rs_page_bg_color":"","slide_template_v7":""},"product_brand":[],"product_cat":[4700,2404,2402],"product_tag":[],"class_list":{"0":"post-15904","1":"product","2":"type-product","3":"status-publish","4":"has-post-thumbnail","6":"product_cat-flavoured-gin-sv","7":"product_cat-gin-sv","8":"product_cat-sprit-sv","9":"pa_land-frankrike","10":"pa_procent-37-5-sv","11":"pa_producent-gvine-sv-2","12":"pa_volume-70-sv-2","14":"first","15":"instock","16":"sale","17":"featured","18":"taxable","19":"shipping-taxable","20":"purchasable","21":"product-type-simple"},"bundled_by":["115704"],"bundle_stock_status":"instock","bundle_stock_quantity":null,"bundle_virtual":false,"bundle_layout":"","bundle_add_to_cart_form_location":"","bundle_editable_in_cart":false,"bundle_sold_individually_context":"","bundle_item_grouping":"","bundle_min_size":"","bundle_max_size":"","bundle_price":[],"bundled_items":[],"bundle_sell_ids":[],"acf":[],"_links":{"self":[{"href":"https:\/\/www.raschvin.com\/sv\/wp-json\/wp\/v2\/product\/15904","targetHints":{"allow":["GET"]}}],"collection":[{"href":"https:\/\/www.raschvin.com\/sv\/wp-json\/wp\/v2\/product"}],"about":[{"href":"https:\/\/www.raschvin.com\/sv\/wp-json\/wp\/v2\/types\/product"}],"wp:featuredmedia":[{"embeddable":true,"href":"https:\/\/www.raschvin.com\/sv\/wp-json\/wp\/v2\/media\/29810"}],"wp:attachment":[{"href":"https:\/\/www.raschvin.com\/sv\/wp-json\/wp\/v2\/media?parent=15904"}],"wp:term":[{"taxonomy":"product_brand","embeddable":true,"href":"https:\/\/www.raschvin.com\/sv\/wp-json\/wp\/v2\/product_brand?post=15904"},{"taxonomy":"product_cat","embeddable":true,"href":"https:\/\/www.raschvin.com\/sv\/wp-json\/wp\/v2\/product_cat?post=15904"},{"taxonomy":"product_tag","embeddable":true,"href":"https:\/\/www.raschvin.com\/sv\/wp-json\/wp\/v2\/product_tag?post=15904"}],"curies":[{"name":"wp","href":"https:\/\/api.w.org\/{rel}","templated":true}]}}