{"id":123629,"date":"2026-05-07T17:22:33","date_gmt":"2026-05-07T15:22:33","guid":{"rendered":"https:\/\/www.raschvin.com\/produkt\/dalmore-cigar-malt-resreve-100-cl-44\/"},"modified":"2026-05-07T17:22:33","modified_gmt":"2026-05-07T15:22:33","slug":"dalmore-cigar-malt-resreve-100-cl-44","status":"publish","type":"product","link":"https:\/\/www.raschvin.com\/sv\/produkt\/dalmore-cigar-malt-resreve-100-cl-44\/","title":{"rendered":"Dalmore Cigar Malt Resreve 100 cl. 44%"},"content":{"rendered":"<p data-start=\"587\" data-end=\"908\"><strong data-start=\"587\" data-end=\"621\">The Dalmore Cigar Malt Reserve<\/strong> \u00e4r en fyllig, elegant och djup Highland Single Malt Scotch Whisky fr\u00e5n det klassiska skotska destilleriet The Dalmore. Whiskyn \u00e4r s\u00e4rskilt framtagen f\u00f6r att passa till en fin cigarr, men har samtidigt tillr\u00e4ckligt mycket balans, s\u00f6tma och komplexitet f\u00f6r att avnjutas helt p\u00e5 egen hand.<\/p>\n<p data-start=\"910\" data-end=\"1238\">Whiskyn har lagrats p\u00e5 en kombination av amerikanska vita ekfat som tidigare inneh\u00e5llit bourbon, Cabernet Sauvignon-r\u00f6dvinsfat och exklusiva Matusalem Oloroso sherryfat fr\u00e5n Gonz\u00e1lez Byass. Kombinationen ger en rik och m\u00e5ngsidig smakprofil d\u00e4r vanilj, frukt, kryddor, m\u00f6rk choklad och ek samspelar p\u00e5 ett mycket harmoniskt s\u00e4tt.<\/p>\n<p data-start=\"1240\" data-end=\"1534\">I doften m\u00f6ts man av varma toner av kanel, vanilj och r\u00f6da frukter. Smaken \u00e4r rund, fyllig och elegant med inslag av tropisk frukt, banankola, vaniljglass, torkad frukt och mjuk kryddighet. Avslutningen \u00e4r l\u00e5ng och v\u00e4rmande med tydliga nyanser av apelsinzest, m\u00f6rk choklad och krossade kryddor.<\/p>\n<p data-start=\"1536\" data-end=\"2038\">The Dalmore \u00e4r ett av Skottlands mest ikoniska whiskydestillerier och grundades 1839 av Sir Alexander Matheson vid Cromarty Firth i Alness, norr om Inverness. Destilleriet \u00e4r starkt f\u00f6rknippat med sin l\u00e5nga tradition av avancerad fatlagring och sitt v\u00e4lk\u00e4nda tolvtaggade hjortemblem, som har r\u00f6tter i Clan Mackenzies historia. The Dalmore har l\u00e4nge arbetat med utvalda sherry-, vin- och portvinsfat, vilket har blivit en central del av husets rika och lyxiga stil.<\/p>\n<p data-start=\"2040\" data-end=\"2363\"><strong data-start=\"2040\" data-end=\"2070\">Dalmore Cigar Malt Reserve<\/strong> passar utm\u00e4rkt som avec efter maten, g\u00e4rna till m\u00f6rk choklad, chokladtryffel, cr\u00e8me br\u00fbl\u00e9e, n\u00f6tbaserade desserter eller lagrade ostar. Den \u00e4r \u00e4ven ett sj\u00e4lvklart val till en mild till medelfyllig cigarr, d\u00e4r whiskyns s\u00f6tma, krydda och chokladtoner m\u00f6ter cigarrens r\u00f6kiga och rostade karakt\u00e4r.<\/p>\n<p data-start=\"2365\" data-end=\"2832\"><strong data-start=\"2365\" data-end=\"2379\">Servering:<\/strong> Serveras b\u00e4st rumstempererad i ett tulpanformat whiskyglas. Tills\u00e4tt eventuellt n\u00e5gra droppar vatten f\u00f6r att \u00f6ppna upp aromerna.<\/p>\n","protected":false},"excerpt":{"rendered":"<p>Highland Single Malt Scotch Whisky<\/p>\n","protected":false},"featured_media":123618,"template":"","meta":{"_acf_changed":false,"rs_blank_template":"","rs_page_bg_color":"","slide_template_v7":""},"product_brand":[],"product_cat":[9248,4651,2392],"product_tag":[],"class_list":{"0":"post-123629","1":"product","2":"type-product","3":"status-publish","4":"has-post-thumbnail","6":"product_cat-scotch-whisky","7":"product_cat-single-malt-sv","8":"product_cat-whisky-sv","9":"pa_land-skottland","10":"pa_procent-44-sv","11":"pa_producent-the-dalmore-distillery","12":"pa_region-highland-sv","13":"pa_volume-100-sv","15":"first","16":"instock","17":"sale","18":"taxable","19":"shipping-taxable","20":"purchasable","21":"product-type-simple"},"bundled_by":[],"bundle_stock_status":"instock","bundle_stock_quantity":null,"bundle_virtual":false,"bundle_layout":"","bundle_add_to_cart_form_location":"","bundle_editable_in_cart":false,"bundle_sold_individually_context":"","bundle_item_grouping":"","bundle_min_size":"","bundle_max_size":"","bundle_price":[],"bundled_items":[],"bundle_sell_ids":[],"acf":[],"_links":{"self":[{"href":"https:\/\/www.raschvin.com\/sv\/wp-json\/wp\/v2\/product\/123629","targetHints":{"allow":["GET"]}}],"collection":[{"href":"https:\/\/www.raschvin.com\/sv\/wp-json\/wp\/v2\/product"}],"about":[{"href":"https:\/\/www.raschvin.com\/sv\/wp-json\/wp\/v2\/types\/product"}],"wp:featuredmedia":[{"embeddable":true,"href":"https:\/\/www.raschvin.com\/sv\/wp-json\/wp\/v2\/media\/123618"}],"wp:attachment":[{"href":"https:\/\/www.raschvin.com\/sv\/wp-json\/wp\/v2\/media?parent=123629"}],"wp:term":[{"taxonomy":"product_brand","embeddable":true,"href":"https:\/\/www.raschvin.com\/sv\/wp-json\/wp\/v2\/product_brand?post=123629"},{"taxonomy":"product_cat","embeddable":true,"href":"https:\/\/www.raschvin.com\/sv\/wp-json\/wp\/v2\/product_cat?post=123629"},{"taxonomy":"product_tag","embeddable":true,"href":"https:\/\/www.raschvin.com\/sv\/wp-json\/wp\/v2\/product_tag?post=123629"}],"curies":[{"name":"wp","href":"https:\/\/api.w.org\/{rel}","templated":true}]}}