{"id":123537,"date":"2026-05-07T06:59:18","date_gmt":"2026-05-07T04:59:18","guid":{"rendered":"https:\/\/www.raschvin.com\/produkt\/celiane-rose-cotes-de-thau-2025-75-cl\/"},"modified":"2026-05-07T06:59:18","modified_gmt":"2026-05-07T04:59:18","slug":"celiane-rose-cotes-de-thau-2025-75-cl","status":"publish","type":"product","link":"https:\/\/www.raschvin.com\/sv\/produkt\/celiane-rose-cotes-de-thau-2025-75-cl\/","title":{"rendered":"Celiane Ros\u00e9 C\u00f4tes de Thau 2025 75 cl."},"content":{"rendered":"<p data-start=\"1057\" data-end=\"1347\">Celiane Ros\u00e9 \u00e4r fransk och fantastisk; ett behagligt torrt ros\u00e9vin med fin fyllighet och aromatisk, gener\u00f6s frukt i kombination med elegans \u2013 en riktig fulltr\u00e4ff. H\u00e4r finns inga trendiga appellationer p\u00e5 l\u00e5nga v\u00e4gar, vilket g\u00f6r att v\u00e4lgjorda viner som detta ger riktigt mycket f\u00f6r pengarna.<\/p>\n<p data-start=\"1349\" data-end=\"1619\">Druvorna kommer fr\u00e5n sydv\u00e4stra Frankrike, fr\u00e5n ving\u00e5rdar n\u00e4ra Thau-lagunen, ungef\u00e4r halvv\u00e4gs mellan Montpellier och Narbonne. N\u00e4rheten till havet mildrar den sydfranska v\u00e4rmen, medan jordm\u00e5nen med vulkanisk sten ger en h\u00e4rlig friskhet \u00e5t Grenache- och Cinsault-druvorna.<\/p>\n<p data-start=\"1621\" data-end=\"1831\">En noggrann vinifiering har resulterat i ett torrt ros\u00e9vin med fina aromer av r\u00f6da b\u00e4r, jordgubbar och hallon samt en blommig ton. Vinet \u00e4r gjort i en livfull och glad stil, helt utan tunga eller dystra aromer.<\/p>\n<p data-start=\"1833\" data-end=\"1988\">Ett perfekt vin som opretenti\u00f6s aperitif eller till l\u00e4ttare r\u00e4tter som sallader \u2013 och varf\u00f6r inte till alla varianter av lax eller en rustik bouillabaisse?<\/p>\n<p data-start=\"1990\" data-end=\"2069\" data-is-last-node=\"\" data-is-only-node=\"\">Avnjuts b\u00e4st ungt och serveras kylt: direkt fr\u00e5n kylen och upp till cirka 10\u00b0C.<\/p>\n","protected":false},"excerpt":{"rendered":"<p>Vin de France<\/p>\n","protected":false},"featured_media":123532,"template":"","meta":{"_acf_changed":false,"rs_blank_template":"","rs_page_bg_color":"","slide_template_v7":""},"product_brand":[],"product_cat":[7779,2788,2796],"product_tag":[],"class_list":{"0":"post-123537","1":"product","2":"type-product","3":"status-publish","4":"has-post-thumbnail","6":"product_cat-sommar-rose","7":"product_cat-vin-sv","8":"product_cat-rosevin-sv","9":"pa_drue-cinsault-sv","10":"pa_drue-grenache-sv","11":"pa_land-frankrike","12":"pa_procent-12-5-sv","13":"pa_producent-maison-boutinot","14":"pa_region-languedoc-sv","15":"pa_serveringstemperatur-10-12-sv-2","16":"pa_volume-75-sv","18":"first","19":"instock","20":"taxable","21":"shipping-taxable","22":"purchasable","23":"product-type-simple"},"bundled_by":[],"bundle_stock_status":"instock","bundle_stock_quantity":null,"bundle_virtual":false,"bundle_layout":"","bundle_add_to_cart_form_location":"","bundle_editable_in_cart":false,"bundle_sold_individually_context":"","bundle_item_grouping":"","bundle_min_size":"","bundle_max_size":"","bundle_price":[],"bundled_items":[],"bundle_sell_ids":[],"acf":[],"_links":{"self":[{"href":"https:\/\/www.raschvin.com\/sv\/wp-json\/wp\/v2\/product\/123537","targetHints":{"allow":["GET"]}}],"collection":[{"href":"https:\/\/www.raschvin.com\/sv\/wp-json\/wp\/v2\/product"}],"about":[{"href":"https:\/\/www.raschvin.com\/sv\/wp-json\/wp\/v2\/types\/product"}],"wp:featuredmedia":[{"embeddable":true,"href":"https:\/\/www.raschvin.com\/sv\/wp-json\/wp\/v2\/media\/123532"}],"wp:attachment":[{"href":"https:\/\/www.raschvin.com\/sv\/wp-json\/wp\/v2\/media?parent=123537"}],"wp:term":[{"taxonomy":"product_brand","embeddable":true,"href":"https:\/\/www.raschvin.com\/sv\/wp-json\/wp\/v2\/product_brand?post=123537"},{"taxonomy":"product_cat","embeddable":true,"href":"https:\/\/www.raschvin.com\/sv\/wp-json\/wp\/v2\/product_cat?post=123537"},{"taxonomy":"product_tag","embeddable":true,"href":"https:\/\/www.raschvin.com\/sv\/wp-json\/wp\/v2\/product_tag?post=123537"}],"curies":[{"name":"wp","href":"https:\/\/api.w.org\/{rel}","templated":true}]}}