{"id":123309,"date":"2026-05-02T07:21:22","date_gmt":"2026-05-02T05:21:22","guid":{"rendered":"https:\/\/www.raschvin.com\/?post_type=product&#038;p=123309"},"modified":"2026-05-02T07:28:24","modified_gmt":"2026-05-02T05:28:24","slug":"hampden-estate-aged-15-years-70-cl-50-kopier","status":"publish","type":"product","link":"https:\/\/www.raschvin.com\/sv\/produkt\/hampden-estate-aged-15-years-70-cl-50-kopier\/","title":{"rendered":"Hampden Estate \u2013 12 Years 2010 HLCF Rare Cask #78 70 cl. 61,9%"},"content":{"rendered":"<p data-start=\"0\" data-end=\"495\"><strong data-start=\"0\" data-end=\"53\">Hampden Estate \u2013 12 Years 2010 HLCF Rare Cask #78<\/strong> \u00e4r en jamaicansk <strong data-start=\"71\" data-end=\"90\">Pure Single Rum<\/strong> fr\u00e5n <strong data-start=\"96\" data-end=\"114\">Hampden Estate<\/strong> i Trelawny, ett av Jamaicas mest klassiska romdestillerier. Hampden grundades <strong data-start=\"193\" data-end=\"201\">1753<\/strong> och \u00e4r k\u00e4nt f\u00f6r sina tunga, aromatiska pot still-rommer med mycket tydlig esterkarakt\u00e4r. Just den h\u00e4r buteljeringen ing\u00e5r i destilleriets <strong data-start=\"340\" data-end=\"360\">Rare Cask Series<\/strong>, en serie med fem single casks destillerade 2010 och lagrade i Jamaicas tropiska klimat i 12 \u00e5r.<\/p>\n<p data-start=\"497\" data-end=\"1200\">Den h\u00e4r utg\u00e5van \u00e4r buteljerad fr\u00e5n <strong data-start=\"532\" data-end=\"549\">fat nummer 78<\/strong>, ett <strong data-start=\"555\" data-end=\"572\">ex-bourbonfat<\/strong>, destillerad <strong data-start=\"586\" data-end=\"594\">2010<\/strong> och tappad <strong data-start=\"606\" data-end=\"614\">2022<\/strong> vid <strong data-start=\"619\" data-end=\"637\">61,9 % alkohol<\/strong> i <strong data-start=\"640\" data-end=\"649\">70 cl<\/strong>. Den tillh\u00f6r m\u00e4rket <strong data-start=\"670\" data-end=\"678\">HLCF<\/strong>, som hos Hampden st\u00e5r f\u00f6r <strong data-start=\"705\" data-end=\"744\">Hampden Light Continental Flavoured<\/strong>. Hampdens egna mark\u00f6versikt anger HLCF till <strong data-start=\"789\" data-end=\"839\">400\u2013600 gram estrar per hektoliter ren alkohol<\/strong>, medan tekniska blad f\u00f6r Rare Cask-serien beskriver #78 tillsammans med #79 och #80 som HLCF-uttryck i spannet <strong data-start=\"951\" data-end=\"970\">500\u2013700 gr\/hlpa<\/strong>. Det \u00e4r allts\u00e5 en rom med tydligt h\u00f6g aromatisk intensitet, men inte den allra mest extrema niv\u00e5n i destilleriets sortiment. En \u00e5terf\u00f6rs\u00e4ljare anger dessutom att just #78 gav <strong data-start=\"1146\" data-end=\"1161\">231 flaskor<\/strong>.<\/p>\n<p data-start=\"1202\" data-end=\"1870\">Smakm\u00e4ssigt \u00e4r det h\u00e4r en rom som kombinerar Hampdens typiska funk och oxidation med ovanligt mycket rond\u00f6r fr\u00e5n \u00e5ldern. Producentens eget tekniska blad beskriver profilen som <strong data-start=\"1378\" data-end=\"1403\">livlig och balanserad<\/strong>, med doft av <strong data-start=\"1417\" data-end=\"1489\">lime, solros, diesel, macererad frukt, svartpeppar, lilja och savory<\/strong>. I smaken lyfts <strong data-start=\"1506\" data-end=\"1568\">persikocoulis, rostad ananas, grapefrukt, kokos och vanilj<\/strong> fram, medan avslutningen beskrivs som l\u00e5ng och intensiv med <strong data-start=\"1629\" data-end=\"1693\">lakrits, choklad, tobak, geranium, banan, gentiana och mango<\/strong>. Helhetsintrycket \u00e4r d\u00e4rf\u00f6r rikt, exotiskt och tydligt hampdenskt, men samtidigt mer samlat och texturrikt \u00e4n yngre, r\u00e5are h\u00f6gesterrommer.<\/p>\n<p data-start=\"1872\" data-end=\"2245\">Det h\u00e4r \u00e4r framf\u00f6r allt en rom att njuta <strong data-start=\"1913\" data-end=\"1920\">ren<\/strong>, g\u00e4rna med gott om tid i glaset. Den h\u00f6ga styrkan och den komplexa esterprofilen g\u00f6r att den passar b\u00e4st f\u00f6r den som uppskattar <strong data-start=\"2049\" data-end=\"2087\">jamaicansk rom med mycket karakt\u00e4r<\/strong>, d\u00e4r tropisk frukt, l\u00f6sningsmedelstoner, kryddor, lakrits och ek f\u00e5r samspela i ett mer moget och koncentrerat uttryck.<\/p>\n","protected":false},"excerpt":{"rendered":"<p>Pure Single Jamaican Rum<\/p>\n","protected":false},"featured_media":123324,"template":"","meta":{"_acf_changed":false,"rs_blank_template":"","rs_page_bg_color":"","slide_template_v7":""},"product_brand":[],"product_cat":[2387,4634,2391],"product_tag":[],"class_list":{"0":"post-123309","1":"product","2":"type-product","3":"status-publish","4":"has-post-thumbnail","6":"product_cat-avec-sv","7":"product_cat-premium-aged-sv","8":"product_cat-rom-sv","9":"pa_champagne-type-single-cask-sv","10":"pa_land-jamaica-sv","11":"pa_procent-61-9-sv","12":"pa_producent-velier-sv","13":"pa_vintage-2010-sv","14":"pa_volume-70-sv-2","16":"first","17":"instock","18":"taxable","19":"shipping-taxable","20":"purchasable","21":"product-type-simple"},"bundled_by":[],"bundle_stock_status":"instock","bundle_stock_quantity":1,"bundle_virtual":false,"bundle_layout":"","bundle_add_to_cart_form_location":"","bundle_editable_in_cart":false,"bundle_sold_individually_context":"","bundle_item_grouping":"","bundle_min_size":"","bundle_max_size":"","bundle_price":[],"bundled_items":[],"bundle_sell_ids":[],"acf":[],"_links":{"self":[{"href":"https:\/\/www.raschvin.com\/sv\/wp-json\/wp\/v2\/product\/123309","targetHints":{"allow":["GET"]}}],"collection":[{"href":"https:\/\/www.raschvin.com\/sv\/wp-json\/wp\/v2\/product"}],"about":[{"href":"https:\/\/www.raschvin.com\/sv\/wp-json\/wp\/v2\/types\/product"}],"wp:featuredmedia":[{"embeddable":true,"href":"https:\/\/www.raschvin.com\/sv\/wp-json\/wp\/v2\/media\/123324"}],"wp:attachment":[{"href":"https:\/\/www.raschvin.com\/sv\/wp-json\/wp\/v2\/media?parent=123309"}],"wp:term":[{"taxonomy":"product_brand","embeddable":true,"href":"https:\/\/www.raschvin.com\/sv\/wp-json\/wp\/v2\/product_brand?post=123309"},{"taxonomy":"product_cat","embeddable":true,"href":"https:\/\/www.raschvin.com\/sv\/wp-json\/wp\/v2\/product_cat?post=123309"},{"taxonomy":"product_tag","embeddable":true,"href":"https:\/\/www.raschvin.com\/sv\/wp-json\/wp\/v2\/product_tag?post=123309"}],"curies":[{"name":"wp","href":"https:\/\/api.w.org\/{rel}","templated":true}]}}