{"id":123093,"date":"2026-04-29T07:59:10","date_gmt":"2026-04-29T05:59:10","guid":{"rendered":"https:\/\/www.raschvin.com\/?post_type=product&#038;p=123093"},"modified":"2026-04-29T08:04:14","modified_gmt":"2026-04-29T06:04:14","slug":"gin-bornholm-berries-wild-strawberry-70-cl-375-kopier-2","status":"publish","type":"product","link":"https:\/\/www.raschvin.com\/sv\/produkt\/gin-bornholm-berries-wild-strawberry-70-cl-375-kopier-2\/","title":{"rendered":"GOAT Gin Strawberry 70 cl. 37,5%"},"content":{"rendered":"<div class=\"flex items-center justify-between\"><\/div>\n<div class=\"min-h-8 text-message relative flex w-full flex-col items-end gap-2 text-start break-words whitespace-normal outline-none keyboard-focused:focus-ring [.text-message+&amp;]:mt-1\" dir=\"auto\" data-message-author-role=\"assistant\" data-message-id=\"791a44b6-a5b1-4e15-b195-71b257aecfd9\" data-message-model-slug=\"gpt-5-4-thinking\">\n<div class=\"flex w-full flex-col gap-1 empty:hidden\">\n<div class=\"markdown prose dark:prose-invert w-full wrap-break-word light markdown-new-styling\">\n<p data-start=\"0\" data-end=\"399\"><strong data-start=\"0\" data-end=\"23\">GOAT Gin Strawberry<\/strong> \u00e4r en dansk jordgubbsgin fr\u00e5n <strong data-start=\"54\" data-end=\"74\">Bornholm Spirits<\/strong>, framtagen i en tydligt somrig och l\u00e4ttillg\u00e4nglig stil. Den kommer fr\u00e5n Bornholm, buteljeras i <strong data-start=\"170\" data-end=\"179\">70 cl<\/strong> och h\u00e5ller <strong data-start=\"191\" data-end=\"209\">37,5 % alkohol<\/strong>. Produktbeskrivningar fr\u00e5n producentens \u00e5terf\u00f6rs\u00e4ljare lyfter fram den som en klar r\u00f6d gin med fokus p\u00e5 <strong data-start=\"314\" data-end=\"360\" data-is-only-node=\"\">jordgubbar, enb\u00e4r och frisk citruskarakt\u00e4r<\/strong>.<\/p>\n<p data-start=\"401\" data-end=\"784\">I glaset \u00e4r stilen fruktig, mjuk och publikv\u00e4nlig, d\u00e4r jordgubbarna f\u00e5r spela huvudrollen utan att ginnens klassiska ryggrad f\u00f6rsvinner. Beskrivningarna pekar mot en smakprofil med <strong data-start=\"582\" data-end=\"660\">naturlig b\u00e4rs\u00f6tma, friska botaniska toner och en uppiggande, somrig k\u00e4nsla<\/strong>, medan flera \u00e5terf\u00f6rs\u00e4ljare \u00e4ven n\u00e4mner inslag som citrus, \u00f6rter och mild kryddighet.<\/p>\n<p data-start=\"786\" data-end=\"1213\">Det h\u00e4r \u00e4r d\u00e4rf\u00f6r en gin som passar s\u00e4rskilt bra i <strong data-start=\"837\" data-end=\"852\">gin &amp; tonic<\/strong>, g\u00e4rna i en enkel och sval servering, men den fungerar ocks\u00e5 fint i mer fruktiga drinkar som <strong data-start=\"946\" data-end=\"987\">Strawberry Mule, Strawberry Gin Smash<\/strong> eller <strong data-start=\"994\" data-end=\"1016\">Strawberry Bramble<\/strong>. Helhetsintrycket \u00e4r mer lekfullt och sommarbetonat \u00e4n hos en klassisk torr London Dry, men fortfarande med tillr\u00e4cklig ginstruktur f\u00f6r att k\u00e4nnas balanserad.<\/p>\n<\/div>\n<\/div>\n<\/div>\n","protected":false},"excerpt":{"rendered":"<p>Danish Flavoured Gin<\/p>\n","protected":false},"featured_media":123102,"template":"","meta":{"_acf_changed":false,"rs_blank_template":"","rs_page_bg_color":"","slide_template_v7":""},"product_brand":[],"product_cat":[4700,2404,2402],"product_tag":[],"class_list":{"0":"post-123093","1":"product","2":"type-product","3":"status-publish","4":"has-post-thumbnail","6":"product_cat-flavoured-gin-sv","7":"product_cat-gin-sv","8":"product_cat-sprit-sv","9":"pa_land-danmark-sv","10":"pa_procent-37-5-sv","11":"pa_producent-bornholmske-spritfabrik-sv","12":"pa_region-bornholm-sv","13":"pa_serveringstemperatur-8-10-sv","14":"pa_volume-70-sv-2","16":"first","17":"instock","18":"sale","19":"taxable","20":"shipping-taxable","21":"purchasable","22":"product-type-simple"},"bundled_by":[],"bundle_stock_status":"instock","bundle_stock_quantity":null,"bundle_virtual":false,"bundle_layout":"","bundle_add_to_cart_form_location":"","bundle_editable_in_cart":false,"bundle_sold_individually_context":"","bundle_item_grouping":"","bundle_min_size":"","bundle_max_size":"","bundle_price":[],"bundled_items":[],"bundle_sell_ids":[],"acf":[],"_links":{"self":[{"href":"https:\/\/www.raschvin.com\/sv\/wp-json\/wp\/v2\/product\/123093","targetHints":{"allow":["GET"]}}],"collection":[{"href":"https:\/\/www.raschvin.com\/sv\/wp-json\/wp\/v2\/product"}],"about":[{"href":"https:\/\/www.raschvin.com\/sv\/wp-json\/wp\/v2\/types\/product"}],"wp:featuredmedia":[{"embeddable":true,"href":"https:\/\/www.raschvin.com\/sv\/wp-json\/wp\/v2\/media\/123102"}],"wp:attachment":[{"href":"https:\/\/www.raschvin.com\/sv\/wp-json\/wp\/v2\/media?parent=123093"}],"wp:term":[{"taxonomy":"product_brand","embeddable":true,"href":"https:\/\/www.raschvin.com\/sv\/wp-json\/wp\/v2\/product_brand?post=123093"},{"taxonomy":"product_cat","embeddable":true,"href":"https:\/\/www.raschvin.com\/sv\/wp-json\/wp\/v2\/product_cat?post=123093"},{"taxonomy":"product_tag","embeddable":true,"href":"https:\/\/www.raschvin.com\/sv\/wp-json\/wp\/v2\/product_tag?post=123093"}],"curies":[{"name":"wp","href":"https:\/\/api.w.org\/{rel}","templated":true}]}}