{"id":122918,"date":"2026-04-28T08:41:47","date_gmt":"2026-04-28T06:41:47","guid":{"rendered":"https:\/\/www.raschvin.com\/?post_type=product&#038;p=122918"},"modified":"2026-04-28T08:47:04","modified_gmt":"2026-04-28T06:47:04","slug":"chartreuse-gentiane-peres-chartreux-100-cl-227-kopier","status":"publish","type":"product","link":"https:\/\/www.raschvin.com\/sv\/produkt\/chartreuse-gentiane-peres-chartreux-100-cl-227-kopier\/","title":{"rendered":"\u00c9lixir V\u00e9g\u00e9tal de la Grande-Chartreuse 10 cl. 69%"},"content":{"rendered":"<p data-start=\"0\" data-end=\"478\"><strong data-start=\"0\" data-end=\"53\">Chartreuse Elixir V\u00e9g\u00e9tal de la Grande-Chartreuse<\/strong> \u00e4r den mest koncentrerade och ursprungliga produkten i Chartreuse-familjen \u2013 en kraftfull fransk \u00f6rtelixir fr\u00e5n <strong data-start=\"166\" data-end=\"188\">karthusianmunkarna<\/strong> bakom de klassiska gr\u00f6na och gula Chartreuse-lik\u00f6rerna. Receptets historia g\u00e5r tillbaka till <strong data-start=\"282\" data-end=\"290\">1605<\/strong>, n\u00e4r munkarna fick ett manuskript med en formel f\u00f6r ett \u201clivselixir\u201d, och efter mer \u00e4n 150 \u00e5rs arbete fastst\u00e4lldes den f\u00e4rdiga versionen \u00e5r <strong data-start=\"431\" data-end=\"439\">1764<\/strong>.<\/p>\n<p data-start=\"480\" data-end=\"790\">Produkten g\u00f6rs av <strong data-start=\"498\" data-end=\"512\">130 v\u00e4xter<\/strong> och best\u00e5r enligt producenten av <strong data-start=\"546\" data-end=\"602\">alkohol, socker, vatten och vegetabiliska substanser<\/strong>. Den buteljeras vid hela <strong data-start=\"628\" data-end=\"644\">69 % alkohol<\/strong> i en liten <strong data-start=\"656\" data-end=\"672\">10 cl-flaska<\/strong>, som placeras i ett <strong data-start=\"693\" data-end=\"704\">tr\u00e4etui<\/strong> f\u00f6r att skyddas fr\u00e5n ljus och bevaras optimalt.<\/p>\n<p data-start=\"792\" data-end=\"1277\">Stilen \u00e4r mycket intensiv, koncentrerad och tydligt \u00f6rtig. Producenten beskriver elixiret som ett historiskt tonikum med kraftiga vegetala toner, och det \u00e4r just det som g\u00f6r det s\u00e5 speciellt: det h\u00e4r \u00e4r inte en vanlig lik\u00f6r att dricka i st\u00f6rre m\u00e4ngd, utan ett aromatiskt koncentrat med stor komplexitet och tydlig apotekarkarakt\u00e4r. Att det \u00e4r sj\u00e4lva ursprungsprodukten bakom senare Chartreuse-lik\u00f6rer m\u00e4rks i dess djup, kraft och \u00f6rtiga precision.<\/p>\n<p data-start=\"1279\" data-end=\"1736\">Den anv\u00e4nds b\u00e4st i <strong data-start=\"1298\" data-end=\"1320\">mycket sm\u00e5 m\u00e4ngder<\/strong>. Chartreuse rekommenderar bland annat n\u00e5gra droppar eller en tesked i <strong data-start=\"1391\" data-end=\"1407\">\u00f6rtte\/tisane<\/strong>, g\u00e4rna med lite honung och citron, men elixiret anv\u00e4nds ocks\u00e5 i cocktails och i matlagning n\u00e4r man vill tillf\u00f6ra stark \u00f6rtig aromatik. Det h\u00e4r \u00e4r d\u00e4rf\u00f6r fr\u00e4mst en produkt f\u00f6r den som uppskattar klassiska elixir, digestifer och kraftfull botanisk komplexitet snarare \u00e4n en mjuk sippinglik\u00f6r.<\/p>\n","protected":false},"excerpt":{"rendered":"<p>French Herb Spirit<\/p>\n","protected":false},"featured_media":122921,"template":"","meta":{"_acf_changed":false,"rs_blank_template":"","rs_page_bg_color":"","slide_template_v7":""},"product_brand":[],"product_cat":[2387,4714,2390],"product_tag":[],"class_list":{"0":"post-122918","1":"product","2":"type-product","3":"status-publish","4":"has-post-thumbnail","6":"product_cat-avec-sv","7":"product_cat-ort","8":"product_cat-sprit","9":"pa_land-frankrike","10":"pa_procent-69-sv","11":"pa_producent-carthusian-monks-sv","12":"pa_region-grenoble-sv","13":"pa_volume-10-sv","15":"first","16":"instock","17":"sold-individually","18":"taxable","19":"shipping-taxable","20":"purchasable","21":"product-type-simple"},"bundled_by":[],"bundle_stock_status":"instock","bundle_stock_quantity":3,"bundle_virtual":false,"bundle_layout":"","bundle_add_to_cart_form_location":"","bundle_editable_in_cart":false,"bundle_sold_individually_context":"","bundle_item_grouping":"","bundle_min_size":"","bundle_max_size":"","bundle_price":[],"bundled_items":[],"bundle_sell_ids":[],"acf":[],"_links":{"self":[{"href":"https:\/\/www.raschvin.com\/sv\/wp-json\/wp\/v2\/product\/122918","targetHints":{"allow":["GET"]}}],"collection":[{"href":"https:\/\/www.raschvin.com\/sv\/wp-json\/wp\/v2\/product"}],"about":[{"href":"https:\/\/www.raschvin.com\/sv\/wp-json\/wp\/v2\/types\/product"}],"wp:featuredmedia":[{"embeddable":true,"href":"https:\/\/www.raschvin.com\/sv\/wp-json\/wp\/v2\/media\/122921"}],"wp:attachment":[{"href":"https:\/\/www.raschvin.com\/sv\/wp-json\/wp\/v2\/media?parent=122918"}],"wp:term":[{"taxonomy":"product_brand","embeddable":true,"href":"https:\/\/www.raschvin.com\/sv\/wp-json\/wp\/v2\/product_brand?post=122918"},{"taxonomy":"product_cat","embeddable":true,"href":"https:\/\/www.raschvin.com\/sv\/wp-json\/wp\/v2\/product_cat?post=122918"},{"taxonomy":"product_tag","embeddable":true,"href":"https:\/\/www.raschvin.com\/sv\/wp-json\/wp\/v2\/product_tag?post=122918"}],"curies":[{"name":"wp","href":"https:\/\/api.w.org\/{rel}","templated":true}]}}