{"id":122893,"date":"2026-04-28T08:07:32","date_gmt":"2026-04-28T06:07:32","guid":{"rendered":"https:\/\/www.raschvin.com\/?post_type=product&#038;p=122893"},"modified":"2026-04-28T08:11:41","modified_gmt":"2026-04-28T06:11:41","slug":"florita-chadeque-35-cl-423-kopier","status":"publish","type":"product","link":"https:\/\/www.raschvin.com\/sv\/produkt\/florita-chadeque-35-cl-423-kopier\/","title":{"rendered":"FLORITA Pete Panno 35 cl. 94,2%"},"content":{"rendered":"<p data-start=\"43\" data-end=\"510\"><strong data-start=\"43\" data-end=\"65\">Florita Pete Panno<\/strong> \u00e4r en ovanlig och mycket kraftfull haitisk bitter fr\u00e5n <strong data-start=\"121\" data-end=\"142\">Florita by Velier<\/strong>, med r\u00f6tter i \u00e4ldre karibiska traditioner kring digestiva och medicinska bitters. Florita-serien v\u00e4xte fram ur Veliers arbete i Haiti, d\u00e4r man inspirerades av landets rika anv\u00e4ndning av kryddor, citrus och botaniska ingredienser i b\u00e5de mat och dryck. Serien bygger p\u00e5 gamla recept och har ett tydligt uttryck som knyter an till haitisk kultur, hantverk och tradition.<\/p>\n<p data-start=\"512\" data-end=\"898\"><strong data-start=\"512\" data-end=\"526\">Pete Panno<\/strong> \u00e4r den mest extrema produkten i serien. Den kommer fr\u00e5n Haiti, buteljeras i <strong data-start=\"603\" data-end=\"612\">35 cl<\/strong> och h\u00e5ller hela <strong data-start=\"629\" data-end=\"647\">94,2 % alkohol<\/strong>, med <strong data-start=\"653\" data-end=\"674\">sockerr\u00f6rsalkohol<\/strong> som bas. Den framst\u00e4lls genom <strong data-start=\"705\" data-end=\"719\" data-is-only-node=\"\">maceration<\/strong> av citrus, bark, tr\u00e4, r\u00f6tter, kryddor och andra naturliga haitiska botanicals. Produkten beskrivs ocks\u00e5 som en bitter med koppling till traditionell haitisk medicinsk anv\u00e4ndning.<\/p>\n<p data-start=\"900\" data-end=\"1277\">I receptet lyfts bland annat <strong data-start=\"929\" data-end=\"949\">haitisk ingef\u00e4ra<\/strong>, <strong data-start=\"951\" data-end=\"962\">nejlika<\/strong>, <strong data-start=\"964\" data-end=\"979\">bois cochon<\/strong>, <strong data-start=\"981\" data-end=\"996\">liane band\u00e9<\/strong>, <strong data-start=\"998\" data-end=\"1013\">zo d\u2019ouvant<\/strong> och <strong data-start=\"1018\" data-end=\"1036\">malaguetteblad<\/strong> fram. Det ger en smakprofil som \u00e4r <strong data-start=\"1072\" data-end=\"1115\">het, \u00f6rtig, kryddig och mycket intensiv<\/strong>, med tydlig kraft fr\u00e5n ingef\u00e4ra, peppar, gr\u00f6na \u00f6rter och kryddnejlika. Helheten \u00e4r koncentrerad, aromatisk och l\u00e5ngt mer kraftfull \u00e4n en klassisk aperitifbitter.<\/p>\n<p data-start=\"1279\" data-end=\"1719\" data-is-last-node=\"\" data-is-only-node=\"\">Det h\u00e4r \u00e4r d\u00e4rf\u00f6r inte en bitter man fr\u00e4mst dricker som en vanlig aperitif. Den passar b\u00e4ttre i <strong data-start=\"1375\" data-end=\"1397\">mycket sm\u00e5 m\u00e4ngder<\/strong>, exempelvis <strong data-start=\"1410\" data-end=\"1451\">n\u00e5gra droppar p\u00e5 en sked som digestif<\/strong> eller som <strong data-start=\"1462\" data-end=\"1494\">aromatisk bitter i cocktails<\/strong>. Med sin extrema styrka och koncentration \u00e4r <strong data-start=\"1540\" data-end=\"1562\">Florita Pete Panno<\/strong> snarare ett smakverktyg \u00e4n en traditionell sippingprodukt \u2013 en s\u00e4rpr\u00e4glad buteljering f\u00f6r den som s\u00f6ker n\u00e5got djupt haitiskt, intensivt och helt annorlunda.<\/p>\n","protected":false},"excerpt":{"rendered":"<p>Haitian Bitters<\/p>\n","protected":false},"featured_media":122896,"template":"","meta":{"_acf_changed":false,"rs_blank_template":"","rs_page_bg_color":"","slide_template_v7":""},"product_brand":[],"product_cat":[2394,2743],"product_tag":[],"class_list":{"0":"post-122893","1":"product","2":"type-product","3":"status-publish","4":"has-post-thumbnail","6":"product_cat-bitter-sv","7":"product_cat-brannvin-sv","8":"pa_land-haiti-sv","9":"pa_producent-velier-sv","10":"pa_volume-35-sv","12":"first","13":"instock","14":"taxable","15":"shipping-taxable","16":"purchasable","17":"product-type-simple"},"bundled_by":[],"bundle_stock_status":"instock","bundle_stock_quantity":null,"bundle_virtual":false,"bundle_layout":"","bundle_add_to_cart_form_location":"","bundle_editable_in_cart":false,"bundle_sold_individually_context":"","bundle_item_grouping":"","bundle_min_size":"","bundle_max_size":"","bundle_price":[],"bundled_items":[],"bundle_sell_ids":[],"acf":[],"_links":{"self":[{"href":"https:\/\/www.raschvin.com\/sv\/wp-json\/wp\/v2\/product\/122893","targetHints":{"allow":["GET"]}}],"collection":[{"href":"https:\/\/www.raschvin.com\/sv\/wp-json\/wp\/v2\/product"}],"about":[{"href":"https:\/\/www.raschvin.com\/sv\/wp-json\/wp\/v2\/types\/product"}],"wp:featuredmedia":[{"embeddable":true,"href":"https:\/\/www.raschvin.com\/sv\/wp-json\/wp\/v2\/media\/122896"}],"wp:attachment":[{"href":"https:\/\/www.raschvin.com\/sv\/wp-json\/wp\/v2\/media?parent=122893"}],"wp:term":[{"taxonomy":"product_brand","embeddable":true,"href":"https:\/\/www.raschvin.com\/sv\/wp-json\/wp\/v2\/product_brand?post=122893"},{"taxonomy":"product_cat","embeddable":true,"href":"https:\/\/www.raschvin.com\/sv\/wp-json\/wp\/v2\/product_cat?post=122893"},{"taxonomy":"product_tag","embeddable":true,"href":"https:\/\/www.raschvin.com\/sv\/wp-json\/wp\/v2\/product_tag?post=122893"}],"curies":[{"name":"wp","href":"https:\/\/api.w.org\/{rel}","templated":true}]}}