{"id":122890,"date":"2026-04-28T08:05:11","date_gmt":"2026-04-28T06:05:11","guid":{"rendered":"https:\/\/www.raschvin.com\/produkt\/florita-chadeque-35-cl-423\/"},"modified":"2026-04-28T08:05:11","modified_gmt":"2026-04-28T06:05:11","slug":"florita-chadeque-35-cl-423","status":"publish","type":"product","link":"https:\/\/www.raschvin.com\/sv\/produkt\/florita-chadeque-35-cl-423\/","title":{"rendered":"FLORITA Chadeque 35 cl. 42,3%"},"content":{"rendered":"<p data-start=\"44\" data-end=\"556\"><strong data-start=\"44\" data-end=\"64\">Florita Chadeque<\/strong> \u00e4r en haitisk bitter och aperitif fr\u00e5n <strong data-start=\"104\" data-end=\"125\">Florita by Velier<\/strong>, skapad med utg\u00e5ngspunkt i <strong data-start=\"153\" data-end=\"171\">citrus grandis<\/strong>, en haitisk grapefruktsvariant som \u00e4r produktens signaturingrediens. Den buteljeras vid <strong data-start=\"260\" data-end=\"278\">42,3 % alkohol<\/strong> i <strong data-start=\"281\" data-end=\"290\" data-is-only-node=\"\">35 cl<\/strong> och tillverkas p\u00e5 <strong data-start=\"309\" data-end=\"330\">sockerr\u00f6rsalkohol<\/strong> tillsammans med citrus, bark, tr\u00e4, r\u00f6tter, kryddor och andra naturliga haitiska botanicals. Produktionen bygger p\u00e5 <strong data-start=\"446\" data-end=\"460\">maceration<\/strong>, vilket ger en bitter med b\u00e5de intensiv citruskarakt\u00e4r, aromatiskt djup och tydlig \u00f6rtig beska.<\/p>\n<p data-start=\"558\" data-end=\"1026\">N\u00e4r det g\u00e4ller producenten \u00e4r Florita en del av <strong data-start=\"606\" data-end=\"626\">Velier-universet<\/strong> och har vuxit fram ur Veliers l\u00e5ngvariga arbete och engagemang i Haiti. Projektet inspirerades av landets starka tradition att anv\u00e4nda lokala kryddor, citrusfrukter och botaniska ingredienser i b\u00e5de mat och dryck. Florita-serien \u00e4r t\u00e4nkt som en hyllning till haitisk smak, kultur och hantverk, vilket ocks\u00e5 g\u00f6r uttrycket mer lokalt f\u00f6rankrat och mer s\u00e4rpr\u00e4glat \u00e4n m\u00e5nga klassiska europeiska bitters.<\/p>\n<p data-start=\"1028\" data-end=\"1437\">I smaken \u00e4r <strong data-start=\"1040\" data-end=\"1060\">Florita Chadeque<\/strong> tydligt citrusdriven, med toner av <strong data-start=\"1096\" data-end=\"1132\">grapefrukt, citron och bergamott<\/strong>, tillsammans med bittert citrusskal och en frisk, \u00f6rtig bitterhet. Helhetsintrycket \u00e4r livligt, aromatiskt och l\u00e4tt exotiskt, med en stil som k\u00e4nns b\u00e5de uppfriskande och komplex. Den skiljer sig fr\u00e5n mer klassiska r\u00f6da bitters genom att l\u00e4gga st\u00f6rre fokus p\u00e5 citrus och mindre p\u00e5 s\u00f6tma och varma kryddor.<\/p>\n<p data-start=\"1439\" data-end=\"1775\" data-is-last-node=\"\" data-is-only-node=\"\">Den passar d\u00e4rf\u00f6r mycket bra <strong data-start=\"1468\" data-end=\"1479\">\u00f6ver is<\/strong>, som <strong data-start=\"1485\" data-end=\"1512\">aperitif eller digestif<\/strong>, men ocks\u00e5 i cocktails d\u00e4r man vill ha tydlig grapefruktbeska, friskhet och karibisk karakt\u00e4r. F\u00f6r den som s\u00f6ker en bitter med mycket citrus, tydlig beska och ett lite mer ovanligt ursprung \u00e4r Florita Chadeque en b\u00e5de s\u00e4rpr\u00e4glad och mycket anv\u00e4ndbar buteljering.<\/p>\n","protected":false},"excerpt":{"rendered":"<p>Haitian Bitters<\/p>\n","protected":false},"featured_media":122888,"template":"","meta":{"_acf_changed":false,"rs_blank_template":"","rs_page_bg_color":"","slide_template_v7":""},"product_brand":[],"product_cat":[2394,2743],"product_tag":[],"class_list":{"0":"post-122890","1":"product","2":"type-product","3":"status-publish","4":"has-post-thumbnail","6":"product_cat-bitter-sv","7":"product_cat-brannvin-sv","8":"pa_land-haiti-sv","9":"pa_procent-42-3-sv","10":"pa_producent-velier-sv","11":"pa_volume-35-sv","13":"first","14":"instock","15":"taxable","16":"shipping-taxable","17":"purchasable","18":"product-type-simple"},"bundled_by":[],"bundle_stock_status":"instock","bundle_stock_quantity":null,"bundle_virtual":false,"bundle_layout":"","bundle_add_to_cart_form_location":"","bundle_editable_in_cart":false,"bundle_sold_individually_context":"","bundle_item_grouping":"","bundle_min_size":"","bundle_max_size":"","bundle_price":[],"bundled_items":[],"bundle_sell_ids":[],"acf":[],"_links":{"self":[{"href":"https:\/\/www.raschvin.com\/sv\/wp-json\/wp\/v2\/product\/122890","targetHints":{"allow":["GET"]}}],"collection":[{"href":"https:\/\/www.raschvin.com\/sv\/wp-json\/wp\/v2\/product"}],"about":[{"href":"https:\/\/www.raschvin.com\/sv\/wp-json\/wp\/v2\/types\/product"}],"wp:featuredmedia":[{"embeddable":true,"href":"https:\/\/www.raschvin.com\/sv\/wp-json\/wp\/v2\/media\/122888"}],"wp:attachment":[{"href":"https:\/\/www.raschvin.com\/sv\/wp-json\/wp\/v2\/media?parent=122890"}],"wp:term":[{"taxonomy":"product_brand","embeddable":true,"href":"https:\/\/www.raschvin.com\/sv\/wp-json\/wp\/v2\/product_brand?post=122890"},{"taxonomy":"product_cat","embeddable":true,"href":"https:\/\/www.raschvin.com\/sv\/wp-json\/wp\/v2\/product_cat?post=122890"},{"taxonomy":"product_tag","embeddable":true,"href":"https:\/\/www.raschvin.com\/sv\/wp-json\/wp\/v2\/product_tag?post=122890"}],"curies":[{"name":"wp","href":"https:\/\/api.w.org\/{rel}","templated":true}]}}