{"id":122585,"date":"2026-04-25T08:10:18","date_gmt":"2026-04-25T06:10:18","guid":{"rendered":"https:\/\/www.raschvin.com\/?post_type=product&#038;p=122585"},"modified":"2026-04-25T08:17:40","modified_gmt":"2026-04-25T06:17:40","slug":"gran-duque-de-alba-xo-solera-gran-reserva-70-cl-40-kopier","status":"publish","type":"product","link":"https:\/\/www.raschvin.com\/sv\/produkt\/gran-duque-de-alba-xo-solera-gran-reserva-70-cl-40-kopier\/","title":{"rendered":"Gran Duque De Alba Oro 70 cl. 40%"},"content":{"rendered":"<p data-start=\"0\" data-end=\"309\"><strong data-start=\"0\" data-end=\"26\">Gran Duque de Alba Oro<\/strong> \u00e4r en exklusiv <strong data-start=\"42\" data-end=\"90\">Brandy de Jerez Solera Gran Reserva Especial<\/strong> fr\u00e5n <strong data-start=\"96\" data-end=\"118\">Williams &amp; Humbert<\/strong> i <strong data-start=\"121\" data-end=\"145\">Jerez de la Frontera<\/strong>. Producenten grundades <strong data-start=\"169\" data-end=\"177\">1877<\/strong> och h\u00f6r till de klassiska namnen i omr\u00e5det, med en l\u00e5ng historia inom b\u00e5de sherry och brandy.<\/p>\n<p data-start=\"311\" data-end=\"677\">Produkten g\u00f6rs p\u00e5 destillat fr\u00e5n druvsorterna <strong data-start=\"357\" data-end=\"369\">Palomino<\/strong> och <strong data-start=\"374\" data-end=\"383\">Air\u00e9n<\/strong> och har lagrats i <strong data-start=\"402\" data-end=\"411\">25 \u00e5r<\/strong> p\u00e5 <strong data-start=\"415\" data-end=\"436\">amerikanska ekfat<\/strong> som tidigare inneh\u00e5llit <strong data-start=\"461\" data-end=\"477\">Palo Cortado<\/strong>. Det \u00e4r just den l\u00e5nga lagringen och faten med sherrybakgrund som ger Gran Duque de Alba Oro dess djupa, mogna och koncentrerade stil. Alkoholhalten \u00e4r <strong data-start=\"630\" data-end=\"638\">40 %<\/strong>.<\/p>\n<p data-start=\"679\" data-end=\"1144\">I glaset har den en m\u00f6rk f\u00e4rg som drar \u00e5t <strong data-start=\"721\" data-end=\"751\">djup mahogny och ebenholts<\/strong>. Doften \u00e4r intensiv och mogen med toner av <strong data-start=\"795\" data-end=\"805\">vanilj<\/strong> och <strong data-start=\"810\" data-end=\"849\">skogsbottens-\/humusliknande nyanser<\/strong>, tydligt pr\u00e4glad av l\u00e5ng fatlagring. Smaken beskrivs av producenten som <strong data-start=\"922\" data-end=\"941\">luxu\u00f6st komplex<\/strong>, med en k\u00e4nsla som \u00e4r b\u00e5de <strong data-start=\"969\" data-end=\"1002\">saftig, kr\u00e4mig och sammetslen<\/strong> i avslutet. Helhetsintrycket \u00e4r rikt, varmt och mycket avrundat, med stor djupk\u00e4nsla och tydlig mognad.<\/p>\n<p data-start=\"1146\" data-end=\"1485\">Det h\u00e4r \u00e4r en brandy som passar b\u00e4st att njuta <strong data-start=\"1193\" data-end=\"1200\">ren<\/strong>, g\u00e4rna i ett kupat glas vid <strong data-start=\"1229\" data-end=\"1247\">rumstemperatur<\/strong>, d\u00e4r den f\u00e5r \u00f6ppna upp sig l\u00e5ngsamt och g\u00e4rna v\u00e4rmas l\u00e4tt i handen. Stilen g\u00f6r att den l\u00e4mpar sig s\u00e4rskilt v\u00e4l som <strong data-start=\"1363\" data-end=\"1383\">avec efter maten<\/strong> eller n\u00e4r man vill servera n\u00e5got med tydlig elegans och mognad.<\/p>\n<p data-start=\"1487\" data-end=\"1809\"><strong data-start=\"1487\" data-end=\"1506\">V\u00e4sentlig fakta<\/strong><br data-start=\"1506\" data-end=\"1509\" \/>Producent: <strong data-start=\"1520\" data-end=\"1542\">Williams &amp; Humbert<\/strong><br data-start=\"1542\" data-end=\"1545\" \/>Ursprung: <strong data-start=\"1555\" data-end=\"1588\">Jerez de la Frontera, Spanien<\/strong><br data-start=\"1588\" data-end=\"1591\" \/>Typ: <strong data-start=\"1596\" data-end=\"1644\" data-is-only-node=\"\">Brandy de Jerez Solera Gran Reserva Especial<\/strong><br data-start=\"1644\" data-end=\"1647\" \/>Druvor: <strong data-start=\"1655\" data-end=\"1677\">Palomino och Air\u00e9n<\/strong><br data-start=\"1677\" data-end=\"1680\" \/>Lagring: <strong data-start=\"1689\" data-end=\"1747\">25 \u00e5r p\u00e5 amerikanska ekfat som inneh\u00e5llit Palo Cortado<\/strong><br data-start=\"1747\" data-end=\"1750\" \/>Alkoholhalt: <strong data-start=\"1763\" data-end=\"1771\">40 %<\/strong><\/p>\n","protected":false},"excerpt":{"rendered":"<p>Brandy de Jerez \u2013 Spain<\/p>\n","protected":false},"featured_media":122592,"template":"","meta":{"_acf_changed":false,"rs_blank_template":"","rs_page_bg_color":"","slide_template_v7":""},"product_brand":[],"product_cat":[2395,2743],"product_tag":[],"class_list":{"0":"post-122585","1":"product","2":"type-product","3":"status-publish","4":"has-post-thumbnail","6":"product_cat-brandy-sv","7":"product_cat-brannvin-sv","8":"pa_land-spanien-sv","9":"pa_procent-40-sv-2","10":"pa_producent-williams-humbert-sv","11":"pa_region-jerez-sv","12":"pa_volume-70-sv-2","14":"first","15":"instock","16":"sale","17":"taxable","18":"shipping-taxable","19":"purchasable","20":"product-type-simple"},"bundled_by":[],"bundle_stock_status":"instock","bundle_stock_quantity":null,"bundle_virtual":false,"bundle_layout":"","bundle_add_to_cart_form_location":"","bundle_editable_in_cart":false,"bundle_sold_individually_context":"","bundle_item_grouping":"","bundle_min_size":"","bundle_max_size":"","bundle_price":[],"bundled_items":[],"bundle_sell_ids":[],"acf":[],"_links":{"self":[{"href":"https:\/\/www.raschvin.com\/sv\/wp-json\/wp\/v2\/product\/122585","targetHints":{"allow":["GET"]}}],"collection":[{"href":"https:\/\/www.raschvin.com\/sv\/wp-json\/wp\/v2\/product"}],"about":[{"href":"https:\/\/www.raschvin.com\/sv\/wp-json\/wp\/v2\/types\/product"}],"wp:featuredmedia":[{"embeddable":true,"href":"https:\/\/www.raschvin.com\/sv\/wp-json\/wp\/v2\/media\/122592"}],"wp:attachment":[{"href":"https:\/\/www.raschvin.com\/sv\/wp-json\/wp\/v2\/media?parent=122585"}],"wp:term":[{"taxonomy":"product_brand","embeddable":true,"href":"https:\/\/www.raschvin.com\/sv\/wp-json\/wp\/v2\/product_brand?post=122585"},{"taxonomy":"product_cat","embeddable":true,"href":"https:\/\/www.raschvin.com\/sv\/wp-json\/wp\/v2\/product_cat?post=122585"},{"taxonomy":"product_tag","embeddable":true,"href":"https:\/\/www.raschvin.com\/sv\/wp-json\/wp\/v2\/product_tag?post=122585"}],"curies":[{"name":"wp","href":"https:\/\/api.w.org\/{rel}","templated":true}]}}