{"id":122326,"date":"2026-04-22T16:09:47","date_gmt":"2026-04-22T14:09:47","guid":{"rendered":"https:\/\/www.raschvin.com\/produkt\/chateau-meyney-saint-estephe-2018-75-cl\/"},"modified":"2026-04-22T16:09:47","modified_gmt":"2026-04-22T14:09:47","slug":"chateau-meyney-saint-estephe-2018-75-cl","status":"publish","type":"product","link":"https:\/\/www.raschvin.com\/sv\/produkt\/chateau-meyney-saint-estephe-2018-75-cl\/","title":{"rendered":"Chateau Meyney Saint-\u00c8stephe 2018 75 cl."},"content":{"rendered":"<p data-start=\"0\" data-end=\"518\"><strong data-start=\"0\" data-end=\"37\">Ch\u00e2teau Meyney Saint-Est\u00e8phe 2018<\/strong> \u00e4r en klassisk v\u00e4nsterbanks-Bordeaux med ovanligt mycket personlighet f\u00f6r sin prisklass: m\u00f6rk, t\u00e4t och strukturerad, men ocks\u00e5 mer polerad \u00e4n m\u00e5nga unga Saint-Est\u00e8phe-viner. I glaset drar den \u00e5t svarta vinb\u00e4r, bj\u00f6rnb\u00e4r och plommon, med inslag av kryddnejlika, m\u00f6rk choklad, praline, grus, tobak, cigarrl\u00e5da och en l\u00e4tt r\u00f6kig ton. Kritikerna beskriver den som koncentrerad, fullmatad och lagringsduglig, med fin syra och tydlig tanninstruktur.<\/p>\n<p data-start=\"520\" data-end=\"1114\">Produktionen \u00e4r ambiti\u00f6s. 2018 \u00e5rs vin gjordes p\u00e5 <strong data-start=\"570\" data-end=\"629\">42% Cabernet Sauvignon, 40% Merlot och 18% Petit Verdot<\/strong>. Druvorna sk\u00f6rdades f\u00f6r hand, sorterades noggrant och vinifierades parcel f\u00f6r parcel. J\u00e4sningen f\u00f6regicks av n\u00e5gra dagars kallmaceration, en del av vinet genomgick malolaktisk j\u00e4sning i nya fat, och det f\u00e4rdiga vinet lagrades p\u00e5 franska ekfat, med <strong data-start=\"878\" data-end=\"893\">35% nya fat<\/strong>. Egendomen omfattar omkring <strong data-start=\"922\" data-end=\"935\">51 hektar<\/strong>, med grusjordar \u00f6ver lera och kalk n\u00e4ra Gironde-estuariet, vilket \u00e4r en viktig del av vinets kombination av kraft, friskhet och mineralitet.<\/p>\n<p data-start=\"1116\" data-end=\"1641\">Smakm\u00e4ssigt \u00e4r det h\u00e4r ett vin som passar b\u00e4st till mat med rej\u00e4l smak och protein. Utifr\u00e5n vinets m\u00f6rka frukt, fasta tanniner, friska syra och strama avslut passar det mycket bra till <strong data-start=\"1301\" data-end=\"1380\">entrec\u00f4te, lamm, ankbr\u00f6st, vilt, l\u00e5ngkok, svampr\u00e4tter och h\u00e5rdlagrade ostar<\/strong>. Det \u00e4r ocks\u00e5 ett vin som m\u00e5r bra av luftning i karaff om det dricks nu. Wine Enthusiast rekommenderar att v\u00e4nta till <strong data-start=\"1499\" data-end=\"1507\">2027<\/strong>, medan andra bed\u00f6mningar pekar p\u00e5 att det har struktur f\u00f6r <strong data-start=\"1567\" data-end=\"1591\">15\u201320 \u00e5rs utveckling<\/strong> i k\u00e4llaren.<\/p>\n","protected":false},"excerpt":{"rendered":"<p>Grand Vin Bordeaux<\/p>\n","protected":false},"featured_media":122338,"template":"","meta":{"_acf_changed":false,"rs_blank_template":"","rs_page_bg_color":"","slide_template_v7":""},"product_brand":[],"product_cat":[2788,2798],"product_tag":[],"class_list":{"0":"post-122326","1":"product","2":"type-product","3":"status-publish","4":"has-post-thumbnail","6":"product_cat-vin-sv","7":"product_cat-roedvin-sv","8":"pa_aargang-2018-sv","9":"pa_drue-cabernet-sauvignon-sv","10":"pa_drue-merlot-sv","11":"pa_drue-petit-verdot-sv","12":"pa_land-frankrike","13":"pa_procent-14-sv","14":"pa_producent-chateau-meyney","15":"pa_region-bordeaux-sv","16":"pa_serveringstemperatur-16-18-sv","17":"pa_volume-75-sv","19":"first","20":"instock","21":"taxable","22":"shipping-taxable","23":"purchasable","24":"product-type-simple"},"bundled_by":[],"bundle_stock_status":"instock","bundle_stock_quantity":null,"bundle_virtual":false,"bundle_layout":"","bundle_add_to_cart_form_location":"","bundle_editable_in_cart":false,"bundle_sold_individually_context":"","bundle_item_grouping":"","bundle_min_size":"","bundle_max_size":"","bundle_price":[],"bundled_items":[],"bundle_sell_ids":[],"acf":[],"_links":{"self":[{"href":"https:\/\/www.raschvin.com\/sv\/wp-json\/wp\/v2\/product\/122326","targetHints":{"allow":["GET"]}}],"collection":[{"href":"https:\/\/www.raschvin.com\/sv\/wp-json\/wp\/v2\/product"}],"about":[{"href":"https:\/\/www.raschvin.com\/sv\/wp-json\/wp\/v2\/types\/product"}],"wp:featuredmedia":[{"embeddable":true,"href":"https:\/\/www.raschvin.com\/sv\/wp-json\/wp\/v2\/media\/122338"}],"wp:attachment":[{"href":"https:\/\/www.raschvin.com\/sv\/wp-json\/wp\/v2\/media?parent=122326"}],"wp:term":[{"taxonomy":"product_brand","embeddable":true,"href":"https:\/\/www.raschvin.com\/sv\/wp-json\/wp\/v2\/product_brand?post=122326"},{"taxonomy":"product_cat","embeddable":true,"href":"https:\/\/www.raschvin.com\/sv\/wp-json\/wp\/v2\/product_cat?post=122326"},{"taxonomy":"product_tag","embeddable":true,"href":"https:\/\/www.raschvin.com\/sv\/wp-json\/wp\/v2\/product_tag?post=122326"}],"curies":[{"name":"wp","href":"https:\/\/api.w.org\/{rel}","templated":true}]}}