{"id":122301,"date":"2026-04-22T15:32:51","date_gmt":"2026-04-22T13:32:51","guid":{"rendered":"https:\/\/www.raschvin.com\/?post_type=product&#038;p=122301"},"modified":"2026-04-22T15:48:53","modified_gmt":"2026-04-22T13:48:53","slug":"loch-lomond-12-years-gift-set-2-glasses-70-cl-46-kopier","status":"publish","type":"product","link":"https:\/\/www.raschvin.com\/sv\/produkt\/loch-lomond-12-years-gift-set-2-glasses-70-cl-46-kopier\/","title":{"rendered":"Loch Lomond Madeira Cask 100 cl. 40%"},"content":{"rendered":"<p data-start=\"103\" data-end=\"415\">Loch Lomond Madeira Cask 100 cl \u00e4r en karakt\u00e4rsfull och elegant skotsk whisky fr\u00e5n <strong data-start=\"186\" data-end=\"207\">Loch Lomond Group<\/strong>, destillerad vid <strong data-start=\"225\" data-end=\"251\">Loch Lomond Distillery<\/strong> i Alexandria, Skottland. H\u00e4r m\u00f6ts destilleriets klassiskt fruktiga husstil med den rika och nyanserade fatkarakt\u00e4r som en avslutande lagring p\u00e5 Madeirafat tillf\u00f6r.<\/p>\n<p data-start=\"417\" data-end=\"639\">Doften \u00e4r gener\u00f6s och inbjudande med toner av mogen stenfrukt, torkad aprikos, honung, vanilj och en l\u00e4tt karamelliserad s\u00f6tma. Mjuka fattoner ramar in aromerna p\u00e5 ett elegant s\u00e4tt och skapar ett balanserat helhetsintryck.<\/p>\n<p data-start=\"641\" data-end=\"878\">Smaken \u00e4r rund och v\u00e4lbalanserad med lager av russin, apelsinskal, gyllene frukt, toffee och mild kryddighet. Madeirafaten bidrar med en varm, mjuk och fint integrerad s\u00f6tma som lyfter whiskyn utan att ta \u00f6ver dess ursprungliga karakt\u00e4r.<\/p>\n<p data-start=\"880\" data-end=\"1166\">Avslutningen \u00e4r l\u00e5ng, mjuk och harmonisk med kvarh\u00e4ngande nyanser av frukt, ek och subtil krydda. Den gener\u00f6sa flaskstorleken p\u00e5 100 cl g\u00f6r Loch Lomond Madeira Cask till ett utm\u00e4rkt val f\u00f6r b\u00e5de whiskyentusiaster och konsumenter som s\u00f6ker en tillg\u00e4nglig whisky med tydlig premiumk\u00e4nsla.<\/p>\n<p data-start=\"1168\" data-end=\"1271\">Den passar s\u00e4rskilt bra som avec, till lagrade ostar eller som en smakfull avslutning p\u00e5 en god m\u00e5ltid.<\/p>\n","protected":false},"excerpt":{"rendered":"<p>Scotch Single Malt Whisky<\/p>\n","protected":false},"featured_media":122308,"template":"","meta":{"_acf_changed":false,"rs_blank_template":"","rs_page_bg_color":"","slide_template_v7":""},"product_brand":[],"product_cat":[2387,4651,2392],"product_tag":[],"class_list":{"0":"post-122301","1":"product","2":"type-product","3":"status-publish","4":"has-post-thumbnail","6":"product_cat-avec-sv","7":"product_cat-single-malt-sv","8":"product_cat-whisky-sv","9":"pa_land-skottland","10":"pa_procent-40-sv-2","11":"pa_producent-loch-lomond-sv","12":"pa_region-highland-sv","13":"pa_traefad-madeira-sv","14":"pa_volume-100-sv","16":"first","17":"instock","18":"sale","19":"taxable","20":"shipping-taxable","21":"purchasable","22":"product-type-simple"},"bundled_by":[],"bundle_stock_status":"instock","bundle_stock_quantity":null,"bundle_virtual":false,"bundle_layout":"","bundle_add_to_cart_form_location":"","bundle_editable_in_cart":false,"bundle_sold_individually_context":"","bundle_item_grouping":"","bundle_min_size":"","bundle_max_size":"","bundle_price":[],"bundled_items":[],"bundle_sell_ids":[],"acf":[],"_links":{"self":[{"href":"https:\/\/www.raschvin.com\/sv\/wp-json\/wp\/v2\/product\/122301","targetHints":{"allow":["GET"]}}],"collection":[{"href":"https:\/\/www.raschvin.com\/sv\/wp-json\/wp\/v2\/product"}],"about":[{"href":"https:\/\/www.raschvin.com\/sv\/wp-json\/wp\/v2\/types\/product"}],"wp:featuredmedia":[{"embeddable":true,"href":"https:\/\/www.raschvin.com\/sv\/wp-json\/wp\/v2\/media\/122308"}],"wp:attachment":[{"href":"https:\/\/www.raschvin.com\/sv\/wp-json\/wp\/v2\/media?parent=122301"}],"wp:term":[{"taxonomy":"product_brand","embeddable":true,"href":"https:\/\/www.raschvin.com\/sv\/wp-json\/wp\/v2\/product_brand?post=122301"},{"taxonomy":"product_cat","embeddable":true,"href":"https:\/\/www.raschvin.com\/sv\/wp-json\/wp\/v2\/product_cat?post=122301"},{"taxonomy":"product_tag","embeddable":true,"href":"https:\/\/www.raschvin.com\/sv\/wp-json\/wp\/v2\/product_tag?post=122301"}],"curies":[{"name":"wp","href":"https:\/\/api.w.org\/{rel}","templated":true}]}}