{"id":122283,"date":"2026-04-22T15:09:44","date_gmt":"2026-04-22T13:09:44","guid":{"rendered":"https:\/\/www.raschvin.com\/?post_type=product&#038;p=122283"},"modified":"2026-04-22T15:21:32","modified_gmt":"2026-04-22T13:21:32","slug":"citadelle-dry-gin-original-70-cl-44-kopier","status":"publish","type":"product","link":"https:\/\/www.raschvin.com\/sv\/produkt\/citadelle-dry-gin-original-70-cl-44-kopier\/","title":{"rendered":"Citadelle Dry Gin &#8211; Original 100 cl. 44%"},"content":{"rendered":"<p>Citadelle Gin inneh\u00e5ller 19 olika ingredienser fr\u00e5n hela v\u00e4rlden. Det \u00e4r v\u00e4ldigt mjukt, p\u00e5 grund av att det destilleras 3 g\u00e5nger.<\/p>\n<p>Den har en k\u00e4nslig doft av f\u00e4rska blommor, jasmin, honung och kanel, liksom starkare, \u00f6rth\u00e5riga nyanser av anis och b\u00e4r. Smaken \u00e4r komplex med tippar av enb\u00e4r och f\u00e4rska blommor som leder till en elegant, rund och raffinerad eftersmak. Motsatt till Gin och Tonic!<\/p>\n<p>Maison Ferrand grundades av Alexandre Gabriel 1989 med ett uppdrag f\u00f6r att bevara traditionella hantverksmetoder, f\u00e5nga det sanna uttrycket av andan och fr\u00e4mja innovation. Sedan 1989 har Alexandre utvecklat stora andar som uttrycker sin passion f\u00f6r \u00e4mnet och respekterar omgivningen och tiden.<\/p>\n<p>M\u00e4nniskor \u00f6verklagar f\u00f6retagets utm\u00e4rkta andliga varum\u00e4rken som distribueras i mer \u00e4n 68 l\u00e4nder i n\u00e5gra av de mest prestigefyllda verksamheten.<\/p>\n","protected":false},"excerpt":{"rendered":"<p>Premium Gin de France<\/p>\n","protected":false},"featured_media":122296,"template":"","meta":{"_acf_changed":false,"rs_blank_template":"","rs_page_bg_color":"","slide_template_v7":""},"product_brand":[],"product_cat":[4711,2404,8359,2402],"product_tag":[],"class_list":{"0":"post-122283","1":"product","2":"type-product","3":"status-publish","4":"has-post-thumbnail","6":"product_cat-andra-gins","7":"product_cat-gin-sv","8":"product_cat-planteray-sv","9":"product_cat-sprit-sv","10":"pa_land-frankrike","11":"pa_procent-44-sv","12":"pa_producent-maison-ferrand-sv","13":"pa_volume-100-sv","15":"first","16":"instock","17":"sale","18":"taxable","19":"shipping-taxable","20":"purchasable","21":"product-type-simple"},"bundled_by":[],"bundle_stock_status":"instock","bundle_stock_quantity":null,"bundle_virtual":false,"bundle_layout":"","bundle_add_to_cart_form_location":"","bundle_editable_in_cart":false,"bundle_sold_individually_context":"","bundle_item_grouping":"","bundle_min_size":"","bundle_max_size":"","bundle_price":[],"bundled_items":[],"bundle_sell_ids":[],"acf":[],"_links":{"self":[{"href":"https:\/\/www.raschvin.com\/sv\/wp-json\/wp\/v2\/product\/122283","targetHints":{"allow":["GET"]}}],"collection":[{"href":"https:\/\/www.raschvin.com\/sv\/wp-json\/wp\/v2\/product"}],"about":[{"href":"https:\/\/www.raschvin.com\/sv\/wp-json\/wp\/v2\/types\/product"}],"wp:featuredmedia":[{"embeddable":true,"href":"https:\/\/www.raschvin.com\/sv\/wp-json\/wp\/v2\/media\/122296"}],"wp:attachment":[{"href":"https:\/\/www.raschvin.com\/sv\/wp-json\/wp\/v2\/media?parent=122283"}],"wp:term":[{"taxonomy":"product_brand","embeddable":true,"href":"https:\/\/www.raschvin.com\/sv\/wp-json\/wp\/v2\/product_brand?post=122283"},{"taxonomy":"product_cat","embeddable":true,"href":"https:\/\/www.raschvin.com\/sv\/wp-json\/wp\/v2\/product_cat?post=122283"},{"taxonomy":"product_tag","embeddable":true,"href":"https:\/\/www.raschvin.com\/sv\/wp-json\/wp\/v2\/product_tag?post=122283"}],"curies":[{"name":"wp","href":"https:\/\/api.w.org\/{rel}","templated":true}]}}