{"id":122251,"date":"2026-04-22T10:46:42","date_gmt":"2026-04-22T08:46:42","guid":{"rendered":"https:\/\/www.raschvin.com\/?post_type=product&#038;p=122251"},"modified":"2026-04-22T10:55:22","modified_gmt":"2026-04-22T08:55:22","slug":"speyburn-12-years-connoisseurs-choice-2008-gm-70-cl-603-kopier","status":"publish","type":"product","link":"https:\/\/www.raschvin.com\/sv\/produkt\/speyburn-12-years-connoisseurs-choice-2008-gm-70-cl-603-kopier\/","title":{"rendered":"Caol Ila 21 Years Connoisseurs Choice 2005 G&#038;M Refill Sherry Single Cask Juuls 100th Anniversary 70 cl. 54%"},"content":{"rendered":"<p data-start=\"60\" data-end=\"517\">Det finns n\u00e5got magiskt \u00f6ver gammal Islay-whisky. Den tidigare s\u00e5 v\u00e5ldsamma och ot\u00e4mjda spriten f\u00f6rvandlas av m\u00e5nga \u00e5rs fatlagring till n\u00e5got alldeles s\u00e4rskilt, och n\u00e4r vi fick m\u00f6jlighet att v\u00e4lja denna mogna Caol Ila till v\u00e5rt 100-\u00e5rsjubileum k\u00e4ndes den sj\u00e4lvklar. Provningen bekr\u00e4ftade misstanken: tillsammans med en l\u00e4tt s\u00f6tma fr\u00e5n sherryfatet har tid, torv och tr\u00e4 skapat en f\u00f6rtrollande elixir som mycket v\u00e4l skulle kunna vara sj\u00e4lva essensen av Islay.<\/p>\n<p data-start=\"519\" data-end=\"716\">Whiskyn \u00e4r destillerad 2005 och har lagrats p\u00e5 ett refill sherry hogshead fram till den 2\/2 2026, d\u00e5 den buteljerades av Gordon &amp; MacPhail, sj\u00e4lvklart vid fatstyrka: 54 %. Totalt finns 198 flaskor.<\/p>\n<p data-start=\"718\" data-end=\"994\"><strong data-start=\"718\" data-end=\"727\">F\u00e4rg:<\/strong> Gammalt guld.<br data-start=\"741\" data-end=\"744\" \/><strong data-start=\"744\" data-end=\"753\">Doft:<\/strong> En \u00e4kta Islay-doft med salt vind, mild r\u00f6k, gammalt apotek, ljunghed och saltcitron.<br data-start=\"838\" data-end=\"841\" \/><strong data-start=\"841\" data-end=\"850\">Smak:<\/strong> L\u00e4gger sig med pondus p\u00e5 tungan med torv och lagrad citrus, torr kakao, gl\u00f6dande kol och en mild s\u00f6tma, men torkar upp i den l\u00e5nga eftersmaken.<\/p>\n","protected":false},"excerpt":{"rendered":"<p>Single Malt Scotch Whisky<\/p>\n","protected":false},"featured_media":122260,"template":"","meta":{"_acf_changed":false,"rs_blank_template":"","rs_page_bg_color":"","slide_template_v7":""},"product_brand":[],"product_cat":[2387,4651,2392],"product_tag":[],"class_list":{"0":"post-122251","1":"product","2":"type-product","3":"status-publish","4":"has-post-thumbnail","6":"product_cat-avec-sv","7":"product_cat-single-malt-sv","8":"product_cat-whisky-sv","9":"pa_champagne-type-single-cask-sv","10":"pa_land-skottland","11":"pa_procent-54-sv","12":"pa_producent-caol-ila-sv","13":"pa_region-islay-sv","14":"pa_traefad-refill-sherry-sv","15":"pa_vintage-2005-sv","16":"pa_volume-70-sv-2","18":"first","19":"instock","20":"taxable","21":"shipping-taxable","22":"purchasable","23":"product-type-simple"},"bundled_by":[],"bundle_stock_status":"instock","bundle_stock_quantity":null,"bundle_virtual":false,"bundle_layout":"","bundle_add_to_cart_form_location":"","bundle_editable_in_cart":false,"bundle_sold_individually_context":"","bundle_item_grouping":"","bundle_min_size":"","bundle_max_size":"","bundle_price":[],"bundled_items":[],"bundle_sell_ids":[],"acf":[],"_links":{"self":[{"href":"https:\/\/www.raschvin.com\/sv\/wp-json\/wp\/v2\/product\/122251","targetHints":{"allow":["GET"]}}],"collection":[{"href":"https:\/\/www.raschvin.com\/sv\/wp-json\/wp\/v2\/product"}],"about":[{"href":"https:\/\/www.raschvin.com\/sv\/wp-json\/wp\/v2\/types\/product"}],"wp:featuredmedia":[{"embeddable":true,"href":"https:\/\/www.raschvin.com\/sv\/wp-json\/wp\/v2\/media\/122260"}],"wp:attachment":[{"href":"https:\/\/www.raschvin.com\/sv\/wp-json\/wp\/v2\/media?parent=122251"}],"wp:term":[{"taxonomy":"product_brand","embeddable":true,"href":"https:\/\/www.raschvin.com\/sv\/wp-json\/wp\/v2\/product_brand?post=122251"},{"taxonomy":"product_cat","embeddable":true,"href":"https:\/\/www.raschvin.com\/sv\/wp-json\/wp\/v2\/product_cat?post=122251"},{"taxonomy":"product_tag","embeddable":true,"href":"https:\/\/www.raschvin.com\/sv\/wp-json\/wp\/v2\/product_tag?post=122251"}],"curies":[{"name":"wp","href":"https:\/\/api.w.org\/{rel}","templated":true}]}}