{"id":122237,"date":"2026-04-22T10:09:15","date_gmt":"2026-04-22T08:09:15","guid":{"rendered":"https:\/\/www.raschvin.com\/?post_type=product&#038;p=122237"},"modified":"2026-04-22T10:17:44","modified_gmt":"2026-04-22T08:17:44","slug":"velier-foursquare-sassafras-70-cl-61-kopier","status":"publish","type":"product","link":"https:\/\/www.raschvin.com\/sv\/produkt\/velier-foursquare-sassafras-70-cl-61-kopier\/","title":{"rendered":"Velier FOURSQUARE Indomitas 70 cl. 62%"},"content":{"rendered":"<p data-start=\"118\" data-end=\"442\"><strong data-start=\"118\" data-end=\"131\">Indomitas<\/strong> \u00e4r den elfte utg\u00e5van i samarbetet mellan Luca Gargano fr\u00e5n legendariska Velier och Richard Seale, \u00e4gare till Foursquare Distillery p\u00e5 Barbados. Sedan partnerskapet inleddes 2016 har deras gemensamma buteljeringar fascinerat rom\u00e4lskare och samlare v\u00e4rlden \u00f6ver, och Indomitas \u00e4r \u00e4nnu ett starkt bevis p\u00e5 varf\u00f6r.<\/p>\n<p data-start=\"444\" data-end=\"898\">Rommen \u00e4r en single blended rum skapad av tv\u00e5 romsorter destillerade 2010 \u2013 en i pot still och en i Coffey column still \u2013 som sedan har gift sig till en imponerande helhet. Den f\u00f6rsta delen har lagrats i 15 \u00e5r p\u00e5 ex-bourbonfat, medan den andra f\u00f6rst har tillbringat 6 \u00e5r p\u00e5 ex-bourbonfat och d\u00e4refter 9 \u00e5r p\u00e5 ex-cognacfat. B\u00e5da romsorterna har lagrats fullt ut i tropiskt klimat, vilket ger Indomitas dess djupa, strukturerade och uttrycksfulla karakt\u00e4r.<\/p>\n<p data-start=\"900\" data-end=\"1281\">Doften bjuder p\u00e5 torkad frukt och n\u00f6tter, citrusskal, rostade toner och elegant ek, tillsammans med inslag av karamell och mogen stenfrukt. I smaken m\u00f6ts vanilj och kokos fr\u00e5n bourbonfaten av rundare nyanser av kanderad frukt, kryddig karamell och fin ek fr\u00e5n cognacsfaten. Avslutningen \u00e4r l\u00e5ng och precis, med torra kryddor, peppar, kakao, \u00e4dla tr\u00e4slag och diskreta rostade toner.<\/p>\n<p data-start=\"1283\" data-end=\"1345\">En komplex och nyanserad rom med b\u00e5de kraft, elegans och djup.<\/p>\n","protected":false},"excerpt":{"rendered":"<p>Single Blended Rum \u2013 Barbados<\/p>\n","protected":false},"featured_media":122240,"template":"","meta":{"_acf_changed":false,"rs_blank_template":"","rs_page_bg_color":"","slide_template_v7":""},"product_brand":[],"product_cat":[2387,4634,2391],"product_tag":[],"class_list":{"0":"post-122237","1":"product","2":"type-product","3":"status-publish","4":"has-post-thumbnail","6":"product_cat-avec-sv","7":"product_cat-premium-aged-sv","8":"product_cat-rom-sv","9":"pa_land-barbados-sv","10":"pa_procent-62-sv","11":"pa_producent-foursquare-sv","12":"pa_traefad-bourbon-sv","13":"pa_volume-70-sv-2","15":"first","16":"instock","17":"taxable","18":"shipping-taxable","19":"purchasable","20":"product-type-simple"},"bundled_by":[],"bundle_stock_status":"instock","bundle_stock_quantity":2,"bundle_virtual":false,"bundle_layout":"","bundle_add_to_cart_form_location":"","bundle_editable_in_cart":false,"bundle_sold_individually_context":"","bundle_item_grouping":"","bundle_min_size":"","bundle_max_size":"","bundle_price":[],"bundled_items":[],"bundle_sell_ids":[],"acf":[],"_links":{"self":[{"href":"https:\/\/www.raschvin.com\/sv\/wp-json\/wp\/v2\/product\/122237","targetHints":{"allow":["GET"]}}],"collection":[{"href":"https:\/\/www.raschvin.com\/sv\/wp-json\/wp\/v2\/product"}],"about":[{"href":"https:\/\/www.raschvin.com\/sv\/wp-json\/wp\/v2\/types\/product"}],"wp:featuredmedia":[{"embeddable":true,"href":"https:\/\/www.raschvin.com\/sv\/wp-json\/wp\/v2\/media\/122240"}],"wp:attachment":[{"href":"https:\/\/www.raschvin.com\/sv\/wp-json\/wp\/v2\/media?parent=122237"}],"wp:term":[{"taxonomy":"product_brand","embeddable":true,"href":"https:\/\/www.raschvin.com\/sv\/wp-json\/wp\/v2\/product_brand?post=122237"},{"taxonomy":"product_cat","embeddable":true,"href":"https:\/\/www.raschvin.com\/sv\/wp-json\/wp\/v2\/product_cat?post=122237"},{"taxonomy":"product_tag","embeddable":true,"href":"https:\/\/www.raschvin.com\/sv\/wp-json\/wp\/v2\/product_tag?post=122237"}],"curies":[{"name":"wp","href":"https:\/\/api.w.org\/{rel}","templated":true}]}}