{"id":122233,"date":"2026-04-22T09:52:22","date_gmt":"2026-04-22T07:52:22","guid":{"rendered":"https:\/\/www.raschvin.com\/produkt\/terra-blanca-signature-series-block-8-syrah-2017-75-cl\/"},"modified":"2026-04-22T09:52:22","modified_gmt":"2026-04-22T07:52:22","slug":"terra-blanca-signature-series-block-8-syrah-2017-75-cl","status":"publish","type":"product","link":"https:\/\/www.raschvin.com\/sv\/produkt\/terra-blanca-signature-series-block-8-syrah-2017-75-cl\/","title":{"rendered":"Terra Blanca Signature Series Block 8 Syrah 2017 75 cl."},"content":{"rendered":"<p data-start=\"60\" data-end=\"519\">Det \u00e4r sv\u00e5rt att inte imponeras av den n\u00e4rmast nordrh\u00f4nska charmen i <strong data-start=\"129\" data-end=\"160\">Terra Blancas Block 8 Syrah<\/strong>. H\u00e4r finns gott om bacon och r\u00f6k, m\u00f6rka b\u00e4r, tobak och l\u00e4der \u2013 och intensiteten \u00e4r uppskruvad till max, men \u00e4nd\u00e5 med en finess som man s\u00e4llan hittar i Nya v\u00e4rlden. Druvorna kommer fr\u00e5n Terra Blancas ving\u00e5rd i <strong data-start=\"370\" data-end=\"386\">Red Mountain<\/strong>. Rankorna \u00e4r planterade med egenimporterade Syrah-sticklingar fr\u00e5n norra Rh\u00f4ne. Vinet har lagrats 18\u201332 m\u00e5nader p\u00e5 fat av fransk ek.<\/p>\n<p data-start=\"521\" data-end=\"858\"><strong data-start=\"521\" data-end=\"530\">F\u00e4rg:<\/strong> T\u00e4t m\u00f6rklila.<br data-start=\"544\" data-end=\"547\" \/><strong data-start=\"547\" data-end=\"556\">Doft:<\/strong> En explosion av bl\u00e5b\u00e4r, bj\u00f6rnb\u00e4r, r\u00f6k, tallbarr, bacon, kryddnejlika och peppar.<br data-start=\"637\" data-end=\"640\" \/><strong data-start=\"640\" data-end=\"649\">Smak:<\/strong> T\u00e4t och kraftfull, men samtidigt sofistikerad och med fin syra. Visar tydligt en fransk inspiration med en fyllig och mjuk, amerikansk personlighet. Nyanserna fr\u00e5n doften \u00e5terkommer i den l\u00e5nga eftersmaken.<\/p>\n<p data-start=\"860\" data-end=\"990\"><strong data-start=\"860\" data-end=\"882\">Serveringsf\u00f6rslag:<\/strong> Njut den l\u00e4tt kyld och ge den g\u00e4rna gott om tid i karaff om den dricks ung. Prova den till boeuf b\u00e9arnaise!<\/p>\n","protected":false},"excerpt":{"rendered":"<p>Washington &#8211; USA<\/p>\n","protected":false},"featured_media":122231,"template":"","meta":{"_acf_changed":false,"rs_blank_template":"","rs_page_bg_color":"","slide_template_v7":""},"product_brand":[],"product_cat":[2788,2798],"product_tag":[],"class_list":{"0":"post-122233","1":"product","2":"type-product","3":"status-publish","4":"has-post-thumbnail","6":"product_cat-vin-sv","7":"product_cat-roedvin-sv","8":"pa_aargang-2017-sv","9":"pa_drue-syrah-sv","10":"pa_drue-viognier-sv","11":"pa_land-usa-sv","12":"pa_procent-14-5-sv","13":"pa_producent-terra-blanca-winery-estate-vineyard","14":"pa_region-washington-state-sv","15":"pa_serveringstemperatur-16-18-sv","16":"pa_volume-75-sv","18":"first","19":"instock","20":"sale","21":"taxable","22":"shipping-taxable","23":"purchasable","24":"product-type-simple"},"bundled_by":[],"bundle_stock_status":"instock","bundle_stock_quantity":null,"bundle_virtual":false,"bundle_layout":"","bundle_add_to_cart_form_location":"","bundle_editable_in_cart":false,"bundle_sold_individually_context":"","bundle_item_grouping":"","bundle_min_size":"","bundle_max_size":"","bundle_price":[],"bundled_items":[],"bundle_sell_ids":[],"acf":[],"_links":{"self":[{"href":"https:\/\/www.raschvin.com\/sv\/wp-json\/wp\/v2\/product\/122233","targetHints":{"allow":["GET"]}}],"collection":[{"href":"https:\/\/www.raschvin.com\/sv\/wp-json\/wp\/v2\/product"}],"about":[{"href":"https:\/\/www.raschvin.com\/sv\/wp-json\/wp\/v2\/types\/product"}],"wp:featuredmedia":[{"embeddable":true,"href":"https:\/\/www.raschvin.com\/sv\/wp-json\/wp\/v2\/media\/122231"}],"wp:attachment":[{"href":"https:\/\/www.raschvin.com\/sv\/wp-json\/wp\/v2\/media?parent=122233"}],"wp:term":[{"taxonomy":"product_brand","embeddable":true,"href":"https:\/\/www.raschvin.com\/sv\/wp-json\/wp\/v2\/product_brand?post=122233"},{"taxonomy":"product_cat","embeddable":true,"href":"https:\/\/www.raschvin.com\/sv\/wp-json\/wp\/v2\/product_cat?post=122233"},{"taxonomy":"product_tag","embeddable":true,"href":"https:\/\/www.raschvin.com\/sv\/wp-json\/wp\/v2\/product_tag?post=122233"}],"curies":[{"name":"wp","href":"https:\/\/api.w.org\/{rel}","templated":true}]}}