{"id":122221,"date":"2026-04-22T09:17:11","date_gmt":"2026-04-22T07:17:11","guid":{"rendered":"https:\/\/www.raschvin.com\/?post_type=product&#038;p=122221"},"modified":"2026-04-22T09:42:11","modified_gmt":"2026-04-22T07:42:11","slug":"mortlach-15-years-gm-distillery-labels-70-cl-46-kopier-2","status":"publish","type":"product","link":"https:\/\/www.raschvin.com\/sv\/produkt\/mortlach-15-years-gm-distillery-labels-70-cl-46-kopier-2\/","title":{"rendered":"Longmorn Vintage 2008 G&#038;M Distillery Labels 70 cl. 46%"},"content":{"rendered":"<p data-start=\"60\" data-end=\"534\"><strong data-start=\"60\" data-end=\"95\">Longmorn Distillery Labels 2008<\/strong> \u00e4r en skotsk single malt whisky, buteljerad av Gordon &amp; MacPhail f\u00f6r deras serie kallad <strong data-start=\"184\" data-end=\"207\">\u201dDistillery Labels\u201d<\/strong>. Under det namnet buteljeras single malt fr\u00e5n de producenter som Gordon &amp; MacPhail har samarbetat l\u00e4ngst med \u2013 f\u00f6r vissa destilleriers del i mer \u00e4n 100 \u00e5r. De betraktas ibland som halv-officiella buteljeringar och g\u00e5r \u00e4ven under namnet <strong data-start=\"444\" data-end=\"468\">\u201dLicensed Bottlings\u201d<\/strong>. Denna Longmorn \u00e4r destillerad 2008 och buteljerad 2023 vid 46 %.<\/p>\n<p data-start=\"536\" data-end=\"738\"><strong data-start=\"536\" data-end=\"545\">F\u00e4rg:<\/strong> Gyllene orange.<br data-start=\"561\" data-end=\"564\" \/><strong data-start=\"564\" data-end=\"573\">Doft:<\/strong> Friska toner av sommar\u00e4ng: blommor, h\u00f6 och frukt. En aning persika, rostad malt och karamell.<br data-start=\"667\" data-end=\"670\" \/><strong data-start=\"670\" data-end=\"679\">Smak:<\/strong> Fyllig smak av apelsinblom, choklad, aprikos och honung.<\/p>\n<p data-start=\"740\" data-end=\"781\"><strong data-start=\"740\" data-end=\"762\">Serveringsf\u00f6rslag:<\/strong> B\u00f6r avnjutas rent.<\/p>\n","protected":false},"excerpt":{"rendered":"<p>Single Malt Scotch Whisky<\/p>\n","protected":false},"featured_media":122224,"template":"","meta":{"_acf_changed":false,"rs_blank_template":"","rs_page_bg_color":"","slide_template_v7":""},"product_brand":[],"product_cat":[2387,4651,2392],"product_tag":[],"class_list":{"0":"post-122221","1":"product","2":"type-product","3":"status-publish","4":"has-post-thumbnail","6":"product_cat-avec-sv","7":"product_cat-single-malt-sv","8":"product_cat-whisky-sv","9":"pa_land-skottland","10":"pa_procent-46-sv","11":"pa_producent-longmorn-sv","12":"pa_region-speyside-sv","13":"pa_vintage-2008-sv","14":"pa_volume-70-sv-2","16":"first","17":"instock","18":"sale","19":"taxable","20":"shipping-taxable","21":"purchasable","22":"product-type-simple"},"bundled_by":[],"bundle_stock_status":"instock","bundle_stock_quantity":null,"bundle_virtual":false,"bundle_layout":"","bundle_add_to_cart_form_location":"","bundle_editable_in_cart":false,"bundle_sold_individually_context":"","bundle_item_grouping":"","bundle_min_size":"","bundle_max_size":"","bundle_price":[],"bundled_items":[],"bundle_sell_ids":[],"acf":[],"_links":{"self":[{"href":"https:\/\/www.raschvin.com\/sv\/wp-json\/wp\/v2\/product\/122221","targetHints":{"allow":["GET"]}}],"collection":[{"href":"https:\/\/www.raschvin.com\/sv\/wp-json\/wp\/v2\/product"}],"about":[{"href":"https:\/\/www.raschvin.com\/sv\/wp-json\/wp\/v2\/types\/product"}],"wp:featuredmedia":[{"embeddable":true,"href":"https:\/\/www.raschvin.com\/sv\/wp-json\/wp\/v2\/media\/122224"}],"wp:attachment":[{"href":"https:\/\/www.raschvin.com\/sv\/wp-json\/wp\/v2\/media?parent=122221"}],"wp:term":[{"taxonomy":"product_brand","embeddable":true,"href":"https:\/\/www.raschvin.com\/sv\/wp-json\/wp\/v2\/product_brand?post=122221"},{"taxonomy":"product_cat","embeddable":true,"href":"https:\/\/www.raschvin.com\/sv\/wp-json\/wp\/v2\/product_cat?post=122221"},{"taxonomy":"product_tag","embeddable":true,"href":"https:\/\/www.raschvin.com\/sv\/wp-json\/wp\/v2\/product_tag?post=122221"}],"curies":[{"name":"wp","href":"https:\/\/api.w.org\/{rel}","templated":true}]}}