{"id":122213,"date":"2026-04-22T09:02:03","date_gmt":"2026-04-22T07:02:03","guid":{"rendered":"https:\/\/www.raschvin.com\/?post_type=product&#038;p=122213"},"modified":"2026-04-22T09:10:57","modified_gmt":"2026-04-22T07:10:57","slug":"mortlach-15-years-gm-distillery-labels-70-cl-46-kopier","status":"publish","type":"product","link":"https:\/\/www.raschvin.com\/sv\/produkt\/mortlach-15-years-gm-distillery-labels-70-cl-46-kopier\/","title":{"rendered":"Speymalt Macallan 19 Years Single Cask Vintage 2005 G&#038;M 70 cl. 58,1%"},"content":{"rendered":"<p data-start=\"60\" data-end=\"788\"><strong data-start=\"60\" data-end=\"81\">Gordon &amp; MacPhail<\/strong> \u00e4r en av f\u00e5 oberoende buteljerare som kan prestera n\u00e5got s\u00e5 s\u00e4llsynt som en single cask Macallan \u2013 dessutom buteljerad vid fatstyrka. Det h\u00f6r till ovanligheterna i whiskyv\u00e4rlden. Macallan s\u00e4ljer n\u00e4mligen inte l\u00e4ngre whisky till oberoende buteljerare. Men G&amp;M \u00e4r n\u00e5got alldeles s\u00e4rskilt. Sedan l\u00e5ng tid tillbaka har de f\u00e5tt egna fat fyllda hos destilleriet genom en s\u00e4rskild \u00f6verenskommelse, och det \u00e4r sannolikt ocks\u00e5 vad som skedde 2005 n\u00e4r detta fat fylldes. Det s\u00e4gs att Macallan ibland har k\u00f6pt tillbaka fat fr\u00e5n G&amp;M n\u00e4r de haft behov av s\u00e4rskilt gammal whisky till prestigebuteljeringar. Detta fat valde de goda m\u00e4nniskorna i Elgin dock att beh\u00e5lla sj\u00e4lva \u2013 tills vi fick m\u00f6jlighet att ta \u00f6ver guldet.<\/p>\n<p data-start=\"790\" data-end=\"1064\"><strong data-start=\"790\" data-end=\"799\">F\u00e4rg:<\/strong> B\u00e4rnsten.<br data-start=\"809\" data-end=\"812\" \/><strong data-start=\"812\" data-end=\"821\">Doft:<\/strong> T\u00e4t och koncentrerad doft av bivax, varm malt och torkad frukt.<br data-start=\"885\" data-end=\"888\" \/><strong data-start=\"888\" data-end=\"897\">Smak:<\/strong> Kraftfull och komplex, s\u00e4rskilt efter att den har f\u00e5tt lite luft, s\u00e5 h\u00e4ll g\u00e4rna upp en dram i god tid. Stenfrukt, torkad frukt, rancio och en l\u00e5ng, n\u00f6tig eftersmak.<\/p>\n","protected":false},"excerpt":{"rendered":"<p>Single Malt Scotch Whisky<\/p>\n","protected":false},"featured_media":32345,"template":"","meta":{"_acf_changed":false,"rs_blank_template":"","rs_page_bg_color":"","slide_template_v7":""},"product_brand":[],"product_cat":[2387,4651,2392],"product_tag":[],"class_list":{"0":"post-122213","1":"product","2":"type-product","3":"status-publish","4":"has-post-thumbnail","6":"product_cat-avec-sv","7":"product_cat-single-malt-sv","8":"product_cat-whisky-sv","9":"pa_champagne-type-single-cask-sv","10":"pa_land-skottland","11":"pa_procent-58-1-sv","12":"pa_producent-macallan-sv","13":"pa_region-speyside-sv","14":"pa_vintage-2005-sv","15":"pa_volume-70-sv-2","17":"first","18":"instock","19":"taxable","20":"shipping-taxable","21":"purchasable","22":"product-type-simple"},"bundled_by":[],"bundle_stock_status":"instock","bundle_stock_quantity":null,"bundle_virtual":false,"bundle_layout":"","bundle_add_to_cart_form_location":"","bundle_editable_in_cart":false,"bundle_sold_individually_context":"","bundle_item_grouping":"","bundle_min_size":"","bundle_max_size":"","bundle_price":[],"bundled_items":[],"bundle_sell_ids":[],"acf":[],"_links":{"self":[{"href":"https:\/\/www.raschvin.com\/sv\/wp-json\/wp\/v2\/product\/122213","targetHints":{"allow":["GET"]}}],"collection":[{"href":"https:\/\/www.raschvin.com\/sv\/wp-json\/wp\/v2\/product"}],"about":[{"href":"https:\/\/www.raschvin.com\/sv\/wp-json\/wp\/v2\/types\/product"}],"wp:featuredmedia":[{"embeddable":true,"href":"https:\/\/www.raschvin.com\/sv\/wp-json\/wp\/v2\/media\/32345"}],"wp:attachment":[{"href":"https:\/\/www.raschvin.com\/sv\/wp-json\/wp\/v2\/media?parent=122213"}],"wp:term":[{"taxonomy":"product_brand","embeddable":true,"href":"https:\/\/www.raschvin.com\/sv\/wp-json\/wp\/v2\/product_brand?post=122213"},{"taxonomy":"product_cat","embeddable":true,"href":"https:\/\/www.raschvin.com\/sv\/wp-json\/wp\/v2\/product_cat?post=122213"},{"taxonomy":"product_tag","embeddable":true,"href":"https:\/\/www.raschvin.com\/sv\/wp-json\/wp\/v2\/product_tag?post=122213"}],"curies":[{"name":"wp","href":"https:\/\/api.w.org\/{rel}","templated":true}]}}