{"id":121813,"date":"2026-04-15T08:18:27","date_gmt":"2026-04-15T06:18:27","guid":{"rendered":"https:\/\/www.raschvin.com\/?post_type=product&#038;p=121813"},"modified":"2026-04-15T08:22:25","modified_gmt":"2026-04-15T06:22:25","slug":"terra-verde-chocolate-extra-old-sweet-xos-70-cl-38-kopier","status":"publish","type":"product","link":"https:\/\/www.raschvin.com\/sv\/produkt\/terra-verde-chocolate-extra-old-sweet-xos-70-cl-38-kopier\/","title":{"rendered":"Terra Verde Retro XO 70 cl. 35%"},"content":{"rendered":"<p data-start=\"0\" data-end=\"291\">Terra Verde Retro Spirit Drink \u00e4r en mjuk och aromatisk spritdryck skapad f\u00f6r trevliga stunder och goda upplevelser. Den rundade smaken och l\u00e4tta s\u00f6tman f\u00f6r tankarna till v\u00e4lk\u00e4nda, fruktiga sydstatslik\u00f6rtoner som m\u00e5nga f\u00f6rknippar med varma kryddor och en fyllig, rund karakt\u00e4r.<\/p>\n<p data-start=\"293\" data-end=\"501\">Med sin eleganta XO-stil och en alkoholhalt p\u00e5 35 % passar den perfekt i cocktails, som en mild och behaglig avec \u2013 eller helt enkelt serverad \u00f6ver is, d\u00e4r dess naturliga s\u00f6tma verkligen kommer till sin r\u00e4tt.<\/p>\n<p data-start=\"503\" data-end=\"699\">Terra Verde Retro fungerar ocks\u00e5 utm\u00e4rkt som long drink och kan blandas med exempelvis lemonad, Sprite eller andra friska, l\u00e4tt kolsyrade l\u00e4skedrycker som framh\u00e4ver dess fruktiga och mjuka profil.<\/p>\n<p data-start=\"701\" data-end=\"889\">Den retroinspirerade stilen och fylliga smakupplevelsen g\u00f6r Terra Verde Retro till ett sj\u00e4lvklart val f\u00f6r dig som s\u00f6ker en prisv\u00e4rd, v\u00e4lsmakande och festlig spritdryck f\u00f6r alla tillf\u00e4llen.<\/p>\n","protected":false},"excerpt":{"rendered":"<p>Dominican Republic Premium Aged Spirit Drink<\/p>\n","protected":false},"featured_media":121816,"template":"","meta":{"_acf_changed":false,"rs_blank_template":"","rs_page_bg_color":"","slide_template_v7":""},"product_brand":[],"product_cat":[2387,4634,2391],"product_tag":[],"class_list":{"0":"post-121813","1":"product","2":"type-product","3":"status-publish","4":"has-post-thumbnail","6":"product_cat-avec-sv","7":"product_cat-premium-aged-sv","8":"product_cat-rom-sv","9":"pa_land-dominikanska-republiken","10":"pa_procent-35-sv","11":"pa_producent-a-clean-spirit-sv","12":"pa_volume-70-sv-2","14":"first","15":"instock","16":"sale","17":"taxable","18":"shipping-taxable","19":"purchasable","20":"product-type-simple"},"bundled_by":[],"bundle_stock_status":"instock","bundle_stock_quantity":null,"bundle_virtual":false,"bundle_layout":"","bundle_add_to_cart_form_location":"","bundle_editable_in_cart":false,"bundle_sold_individually_context":"","bundle_item_grouping":"","bundle_min_size":"","bundle_max_size":"","bundle_price":[],"bundled_items":[],"bundle_sell_ids":[],"acf":[],"_links":{"self":[{"href":"https:\/\/www.raschvin.com\/sv\/wp-json\/wp\/v2\/product\/121813","targetHints":{"allow":["GET"]}}],"collection":[{"href":"https:\/\/www.raschvin.com\/sv\/wp-json\/wp\/v2\/product"}],"about":[{"href":"https:\/\/www.raschvin.com\/sv\/wp-json\/wp\/v2\/types\/product"}],"wp:featuredmedia":[{"embeddable":true,"href":"https:\/\/www.raschvin.com\/sv\/wp-json\/wp\/v2\/media\/121816"}],"wp:attachment":[{"href":"https:\/\/www.raschvin.com\/sv\/wp-json\/wp\/v2\/media?parent=121813"}],"wp:term":[{"taxonomy":"product_brand","embeddable":true,"href":"https:\/\/www.raschvin.com\/sv\/wp-json\/wp\/v2\/product_brand?post=121813"},{"taxonomy":"product_cat","embeddable":true,"href":"https:\/\/www.raschvin.com\/sv\/wp-json\/wp\/v2\/product_cat?post=121813"},{"taxonomy":"product_tag","embeddable":true,"href":"https:\/\/www.raschvin.com\/sv\/wp-json\/wp\/v2\/product_tag?post=121813"}],"curies":[{"name":"wp","href":"https:\/\/api.w.org\/{rel}","templated":true}]}}