{"id":121496,"date":"2026-04-10T07:10:58","date_gmt":"2026-04-10T05:10:58","guid":{"rendered":"https:\/\/www.raschvin.com\/?post_type=product&#038;p=121496"},"modified":"2026-04-10T07:18:44","modified_gmt":"2026-04-10T05:18:44","slug":"vina-tondonia-reserva-2012-75-cl-kopier","status":"publish","type":"product","link":"https:\/\/www.raschvin.com\/sv\/produkt\/vina-tondonia-reserva-2012-75-cl-kopier\/","title":{"rendered":"Vi\u00f1a Cubillo Crianza 2017 75 cl"},"content":{"rendered":"<p data-start=\"2502\" data-end=\"2803\">Detta \u00e4r ving\u00e5rdsbetecknad rioja fr\u00e5n den old-school-kultproducent som st\u00e5r \u00f6ver dem alla. Det st\u00e5r visserligen crianza p\u00e5 etiketten, men b\u00e5de lagringen och \u00e5ldern kvalificerar den utan vidare som gran reserva. S\u00e5dant \u00e4r det mycket av hos L\u00f3pez de Heredia \u2013 Vi\u00f1a Tondonia, som inte liknar n\u00e5gon annan.<\/p>\n<p data-start=\"2805\" data-end=\"3190\">Vi\u00f1a Cubillo g\u00f6rs p\u00e5 druvor fr\u00e5n ving\u00e5rden Cubillas, d\u00e4r alla stockar med en genomsnitts\u00e5lder p\u00e5 cirka 50 \u00e5r v\u00e4xer som bush vines. Druvorna \u00e4r tempranillo (65 %) och garnacha (25 %), medan resten utg\u00f6rs av mazuelo och graciano. Druvorna handsk\u00f6rdas varsamt i koniska, axelburna tr\u00e4beh\u00e5llare (hemgjorda, naturligtvis), som skyddar klasarna fr\u00e5n tryck s\u00e5 att de n\u00e5r vineriet i toppskick.<\/p>\n<p data-start=\"3192\" data-end=\"3395\">Vinifiering och lagring sker p\u00e5 fat fr\u00e5n husets eget tunnbinderi. J\u00e4sningen sker med naturj\u00e4st i cirka 130 \u00e5r gamla ekkar p\u00e5 24 000 liter, medan vinet lagras i tre \u00e5r p\u00e5 gamla barriquer av amerikansk ek.<\/p>\n<p data-start=\"3397\" data-end=\"3470\">Ingen filtrering anv\u00e4nds \u2013 endast klarning p\u00e5 gammaldags vis med \u00e4ggvita.<\/p>\n<p data-start=\"3472\" data-end=\"3861\">Vi\u00f1a Cubillo \u00e4r ett intensivt vin men utan \u00f6verdriven tyngd. Den h\u00e4r crianzan osar inte av vaniljaromerad boysenb\u00e4rsyoghurt; detta \u00e4r ett fint, slankt och cisel\u00aderat underverk med r\u00f6d och m\u00f6rk b\u00e4rfrukt, flankerad av kaffe-, vanilj- och kokosaromer fr\u00e5n fatet. D\u00e4rtill m\u00e4rks skogsbotsliknande lagringsaromer i ett vin med personlighet och karakt\u00e4r, vars profil samtidigt \u00e4r frisk och vital.<\/p>\n<p data-start=\"3863\" data-end=\"3926\">Njut av den nu eller om en bra handfull \u00e5r; den lagras utm\u00e4rkt.<\/p>\n<p data-start=\"3928\" data-end=\"3966\">93 po\u00e4ng Robert Parker\u2019s Wine Advocate<\/p>\n<p data-start=\"3968\" data-end=\"4803\">\u201cThe super bargain of the portfolio has to be the red 2017 Vi\u00f1a Cubillo Tinto Crianza, which this year shows more development and faster aging, with more tertiary notes than the other reds from 2013 and 2014 that I tasted next to it. The frost of April 2017 killed 100% of the vegetal mass at Cubillo, and the grapes they picked were exclusively from the second generation, therefore fruit that ripened in a much shorter cycle, as the harvest was also earlier. It has notes of damp earth, mushrooms, truffles and forest floor, dry leaves and decayed flowers and herbs. It has a polished palate and is medium-bodied, with mostly resolved tannins, and it feels a little lighter. But it&#8217;s still worth it. It was produced with a blend of 70% Tempranillo, 20% Garnacha and 5% each Graciano and Mazuelo from vines averaging 53 years of age.\u201d<\/p>\n<p data-start=\"4805\" data-end=\"4839\">TWA, Lu\u00eds Gutierrez, februari 2025<\/p>\n","protected":false},"excerpt":{"rendered":"<p>R. Lopez de Heradia &#8211; Rioja Spain<\/p>\n","protected":false},"featured_media":121499,"template":"","meta":{"_acf_changed":false,"rs_blank_template":"","rs_page_bg_color":"","slide_template_v7":""},"product_brand":[],"product_cat":[2788,2798],"product_tag":[],"class_list":{"0":"post-121496","1":"product","2":"type-product","3":"status-publish","4":"has-post-thumbnail","6":"product_cat-vin-sv","7":"product_cat-roedvin-sv","8":"pa_aargang-2017-sv","9":"pa_drue-graciano-sv","10":"pa_drue-grenache-sv","11":"pa_drue-tempranillo-sv","12":"pa_drue-mazuelo-sv","13":"pa_land-spanien-sv","14":"pa_procent-13-sv","15":"pa_producent-r-lopez-de-heredia-vina-tondonia","16":"pa_region-rioja-sv","17":"pa_serveringstemperatur-18-20-sv","18":"pa_volume-75-sv","20":"first","21":"instock","22":"taxable","23":"shipping-taxable","24":"purchasable","25":"product-type-simple"},"bundled_by":[],"bundle_stock_status":"instock","bundle_stock_quantity":null,"bundle_virtual":false,"bundle_layout":"","bundle_add_to_cart_form_location":"","bundle_editable_in_cart":false,"bundle_sold_individually_context":"","bundle_item_grouping":"","bundle_min_size":"","bundle_max_size":"","bundle_price":[],"bundled_items":[],"bundle_sell_ids":[],"acf":[],"_links":{"self":[{"href":"https:\/\/www.raschvin.com\/sv\/wp-json\/wp\/v2\/product\/121496","targetHints":{"allow":["GET"]}}],"collection":[{"href":"https:\/\/www.raschvin.com\/sv\/wp-json\/wp\/v2\/product"}],"about":[{"href":"https:\/\/www.raschvin.com\/sv\/wp-json\/wp\/v2\/types\/product"}],"wp:featuredmedia":[{"embeddable":true,"href":"https:\/\/www.raschvin.com\/sv\/wp-json\/wp\/v2\/media\/121499"}],"wp:attachment":[{"href":"https:\/\/www.raschvin.com\/sv\/wp-json\/wp\/v2\/media?parent=121496"}],"wp:term":[{"taxonomy":"product_brand","embeddable":true,"href":"https:\/\/www.raschvin.com\/sv\/wp-json\/wp\/v2\/product_brand?post=121496"},{"taxonomy":"product_cat","embeddable":true,"href":"https:\/\/www.raschvin.com\/sv\/wp-json\/wp\/v2\/product_cat?post=121496"},{"taxonomy":"product_tag","embeddable":true,"href":"https:\/\/www.raschvin.com\/sv\/wp-json\/wp\/v2\/product_tag?post=121496"}],"curies":[{"name":"wp","href":"https:\/\/api.w.org\/{rel}","templated":true}]}}