{"id":121029,"date":"2026-04-01T09:39:57","date_gmt":"2026-04-01T07:39:57","guid":{"rendered":"https:\/\/www.raschvin.com\/?post_type=product&#038;p=121029"},"modified":"2026-04-01T09:45:47","modified_gmt":"2026-04-01T07:45:47","slug":"cdi-guyana-14-years-porto-cask-high-proof-dk-release-70-cl-624-kopier","status":"publish","type":"product","link":"https:\/\/www.raschvin.com\/sv\/produkt\/cdi-guyana-14-years-porto-cask-high-proof-dk-release-70-cl-624-kopier\/","title":{"rendered":"CDI &#8211; Fiji 11 Years South Pacific Cask #SF15 DK-Release 70 cl. 66,8%"},"content":{"rendered":"<p data-start=\"93\" data-end=\"660\">CDI Fiji 11 Years South Pacific Cask #SF15 DK-Release \u00e4r en kraftfull och s\u00e4rpr\u00e4glad rom med tydlig Fiji-karakt\u00e4r, d\u00e4r h\u00f6g styrka m\u00f6ter b\u00e5de friskhet och djup. Stilen r\u00f6r sig mellan fruktiga, \u00f6rtiga och l\u00e4tt exotiska toner, med ett uttryck som ibland kan p\u00e5minna om b\u00e5de Jamaica och Saint Lucia, men med en egen, mer distinkt profil. Det h\u00e4r \u00e4r en dansk single cask-release fr\u00e5n \u00e5rg\u00e5ng 2004, buteljerad vid fatstyrka 66,8 %, vilket ger rommen ett intensivt, energifyllt och mycket karakt\u00e4rsfullt uttryck.<\/p>\n<p data-start=\"662\" data-end=\"1039\"><strong data-start=\"662\" data-end=\"680\">Hur den smakar<\/strong><br data-start=\"680\" data-end=\"683\" \/>Doften \u00e4r intensiv och uttrycksfull med toner av citronskal, kanderad apelsin, sesamfr\u00f6, gr\u00f6nt gr\u00e4s och \u00e4pple. I smaken \u00e4r den kr\u00e4mig och fyllig med ovanliga och nyanserade inslag av grekisk yoghurt, gurkmeja, havsvatten, kanel och melass. Helheten \u00e4r torr, kraftfull och komplex, med tydlig struktur snarare \u00e4n s\u00f6tma.<\/p>\n<p data-start=\"1041\" data-end=\"1631\"><strong data-start=\"1041\" data-end=\"1077\">Hur och av vem den \u00e4r producerad<\/strong><br data-start=\"1077\" data-end=\"1080\" \/>Rommen \u00e4r en single cask fr\u00e5n South Pacific Distillery p\u00e5 Fiji, gjord p\u00e5 melass och lagrad p\u00e5 bourbonfat. Dansk \u00e5terf\u00f6rs\u00e4ljarinformation beskriver att den f\u00f6rst f\u00e5tt en inledande lagring p\u00e5 Fiji och d\u00e4refter vidare mognad i Frankrike, innan den buteljerades i april 2016 som cask no. SF15. Upplagan \u00e4r 234 flaskor f\u00f6r Danmark. Den buteljeras av Compagnie des Indes, ett franskt independent bottler-hus grundat 2015 av Florent Beuchet, med fokus p\u00e5 att v\u00e4lja ut rom fr\u00e5n olika ursprung och f\u00f6r\u00e4dla dem i Frankrike.<\/p>\n","protected":false},"excerpt":{"rendered":"<p>Fiji Single Cask Aged Rum<\/p>\n","protected":false},"featured_media":121032,"template":"","meta":{"_acf_changed":false,"rs_blank_template":"","rs_page_bg_color":"","slide_template_v7":""},"product_brand":[],"product_cat":[2391,4634],"product_tag":[],"class_list":{"0":"post-121029","1":"product","2":"type-product","3":"status-publish","4":"has-post-thumbnail","6":"product_cat-rom-sv","7":"product_cat-premium-aged-sv","8":"pa_champagne-type-single-cask-sv","9":"pa_land-fiji-sv","10":"pa_procent-66-8-sv","11":"pa_producent-compagnie-des-indes-sv","12":"pa_volume-70-sv-2","14":"first","15":"instock","16":"taxable","17":"shipping-taxable","18":"purchasable","19":"product-type-simple"},"bundled_by":[],"bundle_stock_status":"instock","bundle_stock_quantity":null,"bundle_virtual":false,"bundle_layout":"","bundle_add_to_cart_form_location":"","bundle_editable_in_cart":false,"bundle_sold_individually_context":"","bundle_item_grouping":"","bundle_min_size":"","bundle_max_size":"","bundle_price":[],"bundled_items":[],"bundle_sell_ids":[],"acf":[],"_links":{"self":[{"href":"https:\/\/www.raschvin.com\/sv\/wp-json\/wp\/v2\/product\/121029","targetHints":{"allow":["GET"]}}],"collection":[{"href":"https:\/\/www.raschvin.com\/sv\/wp-json\/wp\/v2\/product"}],"about":[{"href":"https:\/\/www.raschvin.com\/sv\/wp-json\/wp\/v2\/types\/product"}],"wp:featuredmedia":[{"embeddable":true,"href":"https:\/\/www.raschvin.com\/sv\/wp-json\/wp\/v2\/media\/121032"}],"wp:attachment":[{"href":"https:\/\/www.raschvin.com\/sv\/wp-json\/wp\/v2\/media?parent=121029"}],"wp:term":[{"taxonomy":"product_brand","embeddable":true,"href":"https:\/\/www.raschvin.com\/sv\/wp-json\/wp\/v2\/product_brand?post=121029"},{"taxonomy":"product_cat","embeddable":true,"href":"https:\/\/www.raschvin.com\/sv\/wp-json\/wp\/v2\/product_cat?post=121029"},{"taxonomy":"product_tag","embeddable":true,"href":"https:\/\/www.raschvin.com\/sv\/wp-json\/wp\/v2\/product_tag?post=121029"}],"curies":[{"name":"wp","href":"https:\/\/api.w.org\/{rel}","templated":true}]}}