{"id":121000,"date":"2026-04-01T09:02:12","date_gmt":"2026-04-01T07:02:12","guid":{"rendered":"https:\/\/www.raschvin.com\/?post_type=product&#038;p=121000"},"modified":"2026-04-01T09:09:32","modified_gmt":"2026-04-01T07:09:32","slug":"cdi-pacifico-6-years-old-rum-70-cl-425-kopier","status":"publish","type":"product","link":"https:\/\/www.raschvin.com\/sv\/produkt\/cdi-pacifico-6-years-old-rum-70-cl-425-kopier\/","title":{"rendered":"CDI &#8211; Jamaica Navy Strength 4 Years Old Rum 70 cl. 57%"},"content":{"rendered":"<p data-start=\"471\" data-end=\"933\">CDI Jamaica Navy Strength 4 Years Old Rum \u00e4r en kraftfull, intensiv och uttrycksfull jamaicansk rom med tydlig karakt\u00e4r och klassisk navy strength-stil. Den \u00e4r buteljerad vid 57 %, vilket ger extra tryck, djup och energi, men utan att tappa balansen. Stilen \u00e4r gener\u00f6s och aromatisk, d\u00e4r mogen frukt, sockerr\u00f6r och m\u00f6rkare gourmandtoner m\u00f6ts i ett varmt och fylligt uttryck som passar den som s\u00f6ker en mer autentisk jamaicansk romprofil.<\/p>\n<p data-start=\"935\" data-end=\"1331\"><strong data-start=\"935\" data-end=\"953\">Hur den smakar<\/strong><br data-start=\"953\" data-end=\"956\" \/>Doften \u00e4r explosiv och inbjudande med toner av mogen banan, f\u00e4rsk sockerr\u00f6rsjuice, kanderad frukt och en l\u00e4tt nyans av pralin. I smaken \u00e4r den bred, kraftfull och fyllig med tydliga fruktiga och n\u00e4stan bakverksliknande toner av flamberad banan och ananas, fint avrundade av en diskret ton av choklad. Avslutningen \u00e4r l\u00e5ng, varm och gener\u00f6s med tydlig jamaicansk personlighet.<\/p>\n<p data-start=\"1333\" data-end=\"1745\"><strong data-start=\"1333\" data-end=\"1369\">Hur och av vem den \u00e4r producerad<\/strong><br data-start=\"1369\" data-end=\"1372\" \/>Rommen \u00e4r en blend av jamaicansk rom som f\u00f6renar tv\u00e5 destillationsstilar, kopparpanna och kolonnpanna, vilket ger b\u00e5de struktur och komplexitet. Den j\u00e4ser i 24 till 72 timmar och lagras d\u00e4refter i fyra \u00e5r p\u00e5 amerikanska ex-bourbonfat. Den buteljeras i Frankrike utan kylfiltrering av Compagnie des Indes, ett franskt independent bottler-hus grundat 2015 av Florent Beuchet.<\/p>\n","protected":false},"excerpt":{"rendered":"<p>Jamaica Aged Rum<\/p>\n","protected":false},"featured_media":121003,"template":"","meta":{"_acf_changed":false,"rs_blank_template":"","rs_page_bg_color":"","slide_template_v7":""},"product_brand":[],"product_cat":[2391,4634],"product_tag":[],"class_list":{"0":"post-121000","1":"product","2":"type-product","3":"status-publish","4":"has-post-thumbnail","6":"product_cat-rom-sv","7":"product_cat-premium-aged-sv","8":"pa_land-panama-sv","9":"pa_land-thailand-sv","10":"pa_procent-57-sv","11":"pa_producent-compagnie-des-indes-sv","12":"pa_volume-70-sv-2","14":"first","15":"instock","16":"taxable","17":"shipping-taxable","18":"purchasable","19":"product-type-simple"},"bundled_by":[],"bundle_stock_status":"instock","bundle_stock_quantity":null,"bundle_virtual":false,"bundle_layout":"","bundle_add_to_cart_form_location":"","bundle_editable_in_cart":false,"bundle_sold_individually_context":"","bundle_item_grouping":"","bundle_min_size":"","bundle_max_size":"","bundle_price":[],"bundled_items":[],"bundle_sell_ids":[],"acf":[],"_links":{"self":[{"href":"https:\/\/www.raschvin.com\/sv\/wp-json\/wp\/v2\/product\/121000","targetHints":{"allow":["GET"]}}],"collection":[{"href":"https:\/\/www.raschvin.com\/sv\/wp-json\/wp\/v2\/product"}],"about":[{"href":"https:\/\/www.raschvin.com\/sv\/wp-json\/wp\/v2\/types\/product"}],"wp:featuredmedia":[{"embeddable":true,"href":"https:\/\/www.raschvin.com\/sv\/wp-json\/wp\/v2\/media\/121003"}],"wp:attachment":[{"href":"https:\/\/www.raschvin.com\/sv\/wp-json\/wp\/v2\/media?parent=121000"}],"wp:term":[{"taxonomy":"product_brand","embeddable":true,"href":"https:\/\/www.raschvin.com\/sv\/wp-json\/wp\/v2\/product_brand?post=121000"},{"taxonomy":"product_cat","embeddable":true,"href":"https:\/\/www.raschvin.com\/sv\/wp-json\/wp\/v2\/product_cat?post=121000"},{"taxonomy":"product_tag","embeddable":true,"href":"https:\/\/www.raschvin.com\/sv\/wp-json\/wp\/v2\/product_tag?post=121000"}],"curies":[{"name":"wp","href":"https:\/\/api.w.org\/{rel}","templated":true}]}}