{"id":120493,"date":"2026-03-26T08:31:36","date_gmt":"2026-03-26T07:31:36","guid":{"rendered":"https:\/\/www.raschvin.com\/?post_type=product&#038;p=120493"},"modified":"2026-03-26T08:37:57","modified_gmt":"2026-03-26T07:37:57","slug":"the-glenallachie-sinteis-part-3-french-virgin-oak-oloroso-cask-matured-2014-70-cl-574-kopier","status":"publish","type":"product","link":"https:\/\/www.raschvin.com\/sv\/produkt\/the-glenallachie-sinteis-part-3-french-virgin-oak-oloroso-cask-matured-2014-70-cl-574-kopier\/","title":{"rendered":"The Glenallachie 1990 35 Years Cask Strength 70 cl. 50,2%"},"content":{"rendered":"<h3 data-section-id=\"huu2j5\" data-start=\"3558\" data-end=\"3583\">ETT TIDENS M\u00c4STERVERK<\/h3>\n<p data-start=\"3585\" data-end=\"3970\">En whisky av exceptionell s\u00e4llsynthet och finess, <strong data-start=\"3635\" data-end=\"3672\">The GlenAllachie 1990 35-Year-Old<\/strong>, \u00e4r resultatet av decennier av t\u00e5lamod, noggrann lagring och minuti\u00f6st faturval. F\u00f6r denna anm\u00e4rkningsv\u00e4rda lansering har Master Distiller <strong data-start=\"3812\" data-end=\"3828\">Billy Walker<\/strong> valt ut fyra unika fattyper fr\u00e5n ett enast\u00e5ende lager: <strong data-start=\"3884\" data-end=\"3969\">Mizunara virgin oak, American virgin oak, Oloroso Sherry och Pedro Xim\u00e9nez Sherry<\/strong>.<\/p>\n<p data-start=\"3972\" data-end=\"4436\">I hj\u00e4rtat av denna single malt finns det s\u00e4llsynta inflytandet fr\u00e5n <strong data-start=\"4040\" data-end=\"4063\">Mizunara virgin oak<\/strong> \u2013 ett h\u00f6gt v\u00e4rderat japanskt ektr\u00e4 fr\u00e5n tr\u00e4d som kan vara upp till 200 \u00e5r gamla. Mizunara \u00e4r k\u00e4nt f\u00f6r sin s\u00e4llsynthet och komplexitet och ger whiskyn en helt egen karakt\u00e4r. Tillsammans med tre klassiska och tidl\u00f6sa fattyper skapas ett elegant och m\u00e5ngbottnat uttryck d\u00e4r varm kryddighet, gener\u00f6sa toner av torkad frukt, kr\u00e4mig vanilj och rik melass m\u00f6ts i perfekt harmoni.<\/p>\n<p data-start=\"4438\" data-end=\"4535\">Resultatet \u00e4r en single malt med djup, elegans och stark n\u00e4rvaro \u2013 fyllig, lyxig och of\u00f6rgl\u00f6mlig.<\/p>\n<h2 data-section-id=\"x9btul\" data-start=\"4537\" data-end=\"4545\">FATEN<\/h2>\n<p data-start=\"4547\" data-end=\"4786\"><strong data-start=\"4547\" data-end=\"4570\">Mizunara Virgin Oak<\/strong><br data-start=\"4570\" data-end=\"4573\" \/>Exceptionellt s\u00e4llsynt och \u00f6k\u00e4nt sv\u00e5r att arbeta med. Mizunara kr\u00e4ver b\u00e5de t\u00e5lamod och stor hantverksskicklighet, men bel\u00f6ningen \u00e4r en whisky med anm\u00e4rkningsv\u00e4rd komplexitet, exotisk kryddighet, djup och karakt\u00e4r.<\/p>\n<p data-start=\"4788\" data-end=\"4971\"><strong data-start=\"4788\" data-end=\"4812\">Pedro Xim\u00e9nez Sherry<\/strong><br data-start=\"4812\" data-end=\"4815\" \/>Fyllig, sammetslen och intensivt s\u00f6t. Pedro Xim\u00e9nez-fat bidrar med lager av fikon, russin och m\u00f6rk melass, vilket ger destillatet tyngd och gener\u00f6s rikedom.<\/p>\n<p data-start=\"4973\" data-end=\"5155\"><strong data-start=\"4973\" data-end=\"4991\">Oloroso Sherry<\/strong><br data-start=\"4991\" data-end=\"4994\" \/>Den m\u00f6rkaste av de torra sherrystilarna. Oloroso-fat \u00e4r k\u00e4nda f\u00f6r att tillf\u00f6ra rika n\u00f6tiga toner och koncentrerad torkad frukt som ger whiskyn struktur och djup.<\/p>\n<p data-start=\"5157\" data-end=\"5363\"><strong data-start=\"5157\" data-end=\"5180\">American Virgin Oak<\/strong><br data-start=\"5180\" data-end=\"5183\" \/>En grundpelare inom whiskylagring. Amerikanska virgin oak-fat rostas och f\u00f6rkolas f\u00f6r att frig\u00f6ra varma toner av vanilj, karamell och kokos, vilket sk\u00e4nker s\u00f6tma, v\u00e4rme och balans.<\/p>\n<h2 data-section-id=\"6d0ymr\" data-start=\"5365\" data-end=\"5380\">PRESENTATION<\/h2>\n<p data-start=\"5382\" data-end=\"5535\">Skapad f\u00f6r att spegla s\u00e4llsyntheten och komplexiteten i <strong data-start=\"5438\" data-end=\"5470\">The GlenAllachie 35-Year-Old<\/strong>, \u00e4r f\u00f6rpackningen en hyllning till hantverk, arv och innovation.<\/p>\n<p data-start=\"5537\" data-end=\"5991\">Den <strong data-start=\"5541\" data-end=\"5559\">yttre tr\u00e4l\u00e5dan<\/strong> har inspirerats av <strong data-start=\"5579\" data-end=\"5602\">Mizunara virgin oak<\/strong>, det signaturfat som definierar denna lansering, och inneh\u00e5ller referenser till <strong data-start=\"5683\" data-end=\"5693\">Kumiko<\/strong> \u2013 den japanska konsten att sammanfoga tr\u00e4 i intrikata m\u00f6nster utan spik. Denna eleganta design symboliserar t\u00e5lamod, precision och m\u00e4sterskap. Fyra geometriska motiv representerar de fyra fattyper som format whiskyn, medan destilleriets gavelform knyter designen till GlenAllachies hem i Speyside.<\/p>\n<p data-start=\"5993\" data-end=\"6246\">Inuti hyllar <strong data-start=\"6006\" data-end=\"6020\">innerboxen<\/strong> namnet <em data-start=\"6028\" data-end=\"6042\">GlenAllachie<\/em>, som betyder <strong data-start=\"6056\" data-end=\"6081\">\u201cValley of the Rocks\u201d<\/strong> p\u00e5 skotsk gaeliska. Texturer av sten och skiffer f\u00f6r tankarna till det robusta skotska landskapet och skapar en vacker kontrast till den varma yttre presentationen.<\/p>\n<p data-start=\"6248\" data-end=\"6520\">I centrum st\u00e5r en kraftfull, bredaxlad <strong data-start=\"6287\" data-end=\"6299\">dekanter<\/strong>, elegant avsmalnande f\u00f6r att framh\u00e4va whiskyens djupa mahognyf\u00e4rg. Utan etiketter f\u00e5r sj\u00e4lva whiskyn st\u00e5 i fokus, medan <strong data-start=\"6420\" data-end=\"6446\">Billy Walkers signatur<\/strong> fungerar som en avslutande kvalitetsst\u00e4mpel och garanti f\u00f6r autenticitet.<\/p>\n<h2 data-section-id=\"cql7cv\" data-start=\"6522\" data-end=\"6535\">SMAKPROFIL<\/h2>\n<p data-start=\"6537\" data-end=\"6571\"><strong data-start=\"6537\" data-end=\"6545\">F\u00e4rg<\/strong><br data-start=\"6545\" data-end=\"6548\" \/>Intensivt djup mahogny.<\/p>\n<p data-start=\"6573\" data-end=\"6718\"><strong data-start=\"6573\" data-end=\"6581\">Doft<\/strong><br data-start=\"6581\" data-end=\"6584\" \/>Mocka, kanderad kanel och treacle tart, f\u00f6ljt av kakao, rostade hasseln\u00f6tter och ananas, med mjuka inslag av ingef\u00e4ra och ljunghonung.<\/p>\n<p data-start=\"6720\" data-end=\"6904\"><strong data-start=\"6720\" data-end=\"6728\">Smak<\/strong><br data-start=\"6728\" data-end=\"6731\" \/>Kakao, bakningskryddor och chokladt\u00e4ckta russin f\u00f6ljs av kokos, spritindr\u00e4nkta frukttoner och sandeltr\u00e4, innan avslutet \u00f6verg\u00e5r i vanilj, torkade r\u00f6da frukter och honeycomb.<\/p>\n","protected":false},"excerpt":{"rendered":"<p>Speyside Single Malt Scotch Whisky<\/p>\n","protected":false},"featured_media":120508,"template":"","meta":{"_acf_changed":false,"rs_blank_template":"","rs_page_bg_color":"","slide_template_v7":""},"product_brand":[],"product_cat":[2387,2392,4651],"product_tag":[],"class_list":{"0":"post-120493","1":"product","2":"type-product","3":"status-publish","4":"has-post-thumbnail","6":"product_cat-avec-sv","7":"product_cat-whisky-sv","8":"product_cat-single-malt-sv","9":"pa_land-skottland","10":"pa_procent-50-2-sv","11":"pa_producent-the-glenallachie-sv","12":"pa_region-speyside-sv","13":"pa_vintage-1990-sv","14":"pa_volume-70-sv-2","16":"first","17":"instock","18":"sale","19":"featured","20":"taxable","21":"shipping-taxable","22":"purchasable","23":"product-type-simple"},"bundled_by":[],"bundle_stock_status":"instock","bundle_stock_quantity":null,"bundle_virtual":false,"bundle_layout":"","bundle_add_to_cart_form_location":"","bundle_editable_in_cart":false,"bundle_sold_individually_context":"","bundle_item_grouping":"","bundle_min_size":"","bundle_max_size":"","bundle_price":[],"bundled_items":[],"bundle_sell_ids":[],"acf":[],"_links":{"self":[{"href":"https:\/\/www.raschvin.com\/sv\/wp-json\/wp\/v2\/product\/120493","targetHints":{"allow":["GET"]}}],"collection":[{"href":"https:\/\/www.raschvin.com\/sv\/wp-json\/wp\/v2\/product"}],"about":[{"href":"https:\/\/www.raschvin.com\/sv\/wp-json\/wp\/v2\/types\/product"}],"wp:featuredmedia":[{"embeddable":true,"href":"https:\/\/www.raschvin.com\/sv\/wp-json\/wp\/v2\/media\/120508"}],"wp:attachment":[{"href":"https:\/\/www.raschvin.com\/sv\/wp-json\/wp\/v2\/media?parent=120493"}],"wp:term":[{"taxonomy":"product_brand","embeddable":true,"href":"https:\/\/www.raschvin.com\/sv\/wp-json\/wp\/v2\/product_brand?post=120493"},{"taxonomy":"product_cat","embeddable":true,"href":"https:\/\/www.raschvin.com\/sv\/wp-json\/wp\/v2\/product_cat?post=120493"},{"taxonomy":"product_tag","embeddable":true,"href":"https:\/\/www.raschvin.com\/sv\/wp-json\/wp\/v2\/product_tag?post=120493"}],"curies":[{"name":"wp","href":"https:\/\/api.w.org\/{rel}","templated":true}]}}