{"id":120134,"date":"2026-03-21T17:34:51","date_gmt":"2026-03-21T16:34:51","guid":{"rendered":"https:\/\/www.raschvin.com\/produkt\/muac-mallorca-2022-75-cl\/"},"modified":"2026-03-21T17:34:51","modified_gmt":"2026-03-21T16:34:51","slug":"muac-mallorca-2022-75-cl","status":"publish","type":"product","link":"https:\/\/www.raschvin.com\/sv\/produkt\/muac-mallorca-2022-75-cl\/","title":{"rendered":"MUAC! Mallorca 2022 75 cl."},"content":{"rendered":"<p data-start=\"81\" data-end=\"630\"><strong data-start=\"81\" data-end=\"95\">MUAC! 2022<\/strong> fr\u00e5n Terra de Falanis \u00e4r ett autentiskt r\u00f6dvin fr\u00e5n Mallorca som f\u00e5ngar \u00f6ns medelhavssj\u00e4l. Vinet \u00e4r skapat p\u00e5 en harmonisk blandning av de lokala druvorna Callet och Mantonegro samt Cabernet Sauvignon, vilket ger ett vin med b\u00e5de tradition och modern struktur. Det lagras p\u00e5 ekfat, vilket tillf\u00f6r komplexitet och djup. MUAC! \u00e4r ett uttryck f\u00f6r terroirets karakt\u00e4r, d\u00e4r havsbrisen och solens v\u00e4rme pr\u00e4glar vinets fruktiga och kryddiga profil. Namnet, inspirerat av ljudet av en kyss, understryker vinets passionerade och livliga natur.<\/p>\n<p data-start=\"632\" data-end=\"1027\">Druvorna Callet, Mantonegro och Cabernet Sauvignon sk\u00f6rdas fr\u00e5n utvalda ving\u00e5rdar p\u00e5 Mallorca. Efter j\u00e4sningen lagras vinet p\u00e5 ekfat f\u00f6r att uppn\u00e5 struktur och komplexitet. Denna process lyfter fram vinets fruktiga karakt\u00e4r och tillf\u00f6r subtila kryddiga toner. Terra de Falanis, grundat av Miquel \u00c0ngel Cerd\u00e0 och Pere Obrador, arbetar f\u00f6r att bevara \u00f6ns vintraditioner och terroir i varje flaska.<\/p>\n<p data-start=\"1029\" data-end=\"1196\">Granatr\u00f6d f\u00e4rg med aromer av svarta och r\u00f6da b\u00e4r, kryddor och medelhavs\u00f6rter. Smaken \u00e4r frisk, fyllig och rund med integrerade tanniner och en touch av kanderad frukt.<\/p>\n<p data-start=\"1198\" data-end=\"1762\">Om man inte k\u00e4nner till Terra de Falanis sedan tidigare, kommer man snabbt att l\u00e4gga dem p\u00e5 minnet bara genom deras vilda etiketter. Men vinet i flaskan \u00e4r verkligen tillr\u00e4ckligt seri\u00f6st. Terra de Falanis \u00e4r ett omr\u00e5de p\u00e5 Mallorca d\u00e4r den v\u00e4rldsber\u00f6mda ving\u00e5rden Anima Negra ligger. Killarna bakom Anima Negra st\u00e5r ocks\u00e5 bakom detta projekt, d\u00e4r de har samlat ett antal sm\u00e5 vinb\u00f6nder i Katalonien och p\u00e5 Mallorca f\u00f6r att odla druvorna till dessa viner, med ambitionen att skapa viner som \u00e4r lika unika och omr\u00e5destypiska som dem Anima Negra sj\u00e4lva g\u00f6r p\u00e5 Mallorca.<\/p>\n<p data-start=\"1764\" data-end=\"2125\">Magin sker p\u00e5 den gamla herrg\u00e5rden Son Burguera, n\u00e4ra staden Felanitx, d\u00e4r byggnaderna kan dateras tillbaka till 1200-talet. Precis som med Anima Negras egna viner, s\u00e5som AN\/2, anv\u00e4nds endast den b\u00e4sta frukten i produktionen. Efter vinifieringen lagras vinerna p\u00e5 en kombination av anv\u00e4nda fat och st\u00e5l, s\u00e5 att vinets naturliga terroir verkligen f\u00e5r tr\u00e4da fram.<\/p>\n<p data-start=\"2127\" data-end=\"2755\"><strong data-start=\"2127\" data-end=\"2154\">Jord, klimat och v\u00e4xter<\/strong><br data-start=\"2154\" data-end=\"2157\" \/>Namnet p\u00e5 ving\u00e5rden, Terra de Falanis, var det namn som historikern Miquel Barcel\u00f3 anv\u00e4nde om staden och folket innan Felanitx existerade som s\u00e5dan. Som ett namn som \u00e5terv\u00e4nde till r\u00f6tterna var det d\u00e4rf\u00f6r naturligt att anv\u00e4nda just detta gamla namn. Projektet bygger p\u00e5 tre mycket enkla pelare: jord, klimat och v\u00e4xter. Och \u00e4ven om det l\u00e5ter sj\u00e4lvklart i sig, handlar det f\u00f6r m\u00e4nniskorna bakom ving\u00e5rden om konsten att veta hur och n\u00e4r man ska anv\u00e4nda sj\u00e4lva vinframst\u00e4llningsprocessen i samklang med dessa tre pelare. N\u00e4r detta lyckas uppst\u00e5r harmonin mellan m\u00e4nniska och natur \u2013 och d\u00e4rmed vinet.<\/p>\n<p data-start=\"2757\" data-end=\"3044\"><strong data-start=\"2757\" data-end=\"2795\">Etiketterna \u00e4r ett kapitel f\u00f6r sig<\/strong><br data-start=\"2795\" data-end=\"2798\" \/>Etiketterna \u00e4r verkligen n\u00e5got alldeles eget. De \u00e4r skapade av den talangfulle serietecknaren, och n\u00e4ra v\u00e4n till ving\u00e5rden, Pere Joan. Genom sina teckningar har han lyckats f\u00f6rmedla ett budskap om uppriktighet, kvalitet, \u00e4rlighet och p\u00e5litlighet.<\/p>\n<p data-start=\"3046\" data-end=\"3506\">\u201dN\u00e4r inneh\u00e5llet i flaskan tas s\u00e5 allvarligt beh\u00f6vs ingen avancerad bild som utsmyckning p\u00e5 utsidan\u201d, har Pere Joan f\u00f6rklarat. Det lekfulla uttrycket anv\u00e4nds helt enkelt f\u00f6r att visa att n\u00e4r man \u00e4r tillr\u00e4ckligt seri\u00f6s p\u00e5 insidan, kan man ha lite roligare p\u00e5 utsidan. Dessutom bidrar anv\u00e4ndningen av onomatopoetiska uttryck som \u201dMUAC!\u201d, \u201dPlic plic plic\u201d och \u201dbla bla bla\u201d till att f\u00f6renkla tankarna kring vinerna, s\u00e5 att man bara kan slappna av och njuta av dem.<\/p>\n","protected":false},"excerpt":{"rendered":"<p>Terra de Falanis &#8211; Balearic Islands (Spain)<\/p>\n","protected":false},"featured_media":120138,"template":"","meta":{"_acf_changed":false,"rs_blank_template":"","rs_page_bg_color":"","slide_template_v7":""},"product_brand":[],"product_cat":[2788,2798],"product_tag":[],"class_list":{"0":"post-120134","1":"product","2":"type-product","3":"status-publish","4":"has-post-thumbnail","6":"product_cat-vin-sv","7":"product_cat-roedvin-sv","8":"pa_aargang-2022-sv","9":"pa_drue-cabernet-sauvignon-sv","10":"pa_drue-callet","11":"pa_drue-manto-negro","12":"pa_land-spanien-sv","13":"pa_procent-13-sv","14":"pa_producent-terra-de-falanis","15":"pa_region-balearic-islands-mallorca","16":"pa_serveringstemperatur-16-18-sv","17":"pa_volume-75-sv","19":"first","20":"instock","21":"taxable","22":"shipping-taxable","23":"purchasable","24":"product-type-simple"},"bundled_by":["120157"],"bundle_stock_status":"instock","bundle_stock_quantity":null,"bundle_virtual":false,"bundle_layout":"","bundle_add_to_cart_form_location":"","bundle_editable_in_cart":false,"bundle_sold_individually_context":"","bundle_item_grouping":"","bundle_min_size":"","bundle_max_size":"","bundle_price":[],"bundled_items":[],"bundle_sell_ids":[],"acf":[],"_links":{"self":[{"href":"https:\/\/www.raschvin.com\/sv\/wp-json\/wp\/v2\/product\/120134","targetHints":{"allow":["GET"]}}],"collection":[{"href":"https:\/\/www.raschvin.com\/sv\/wp-json\/wp\/v2\/product"}],"about":[{"href":"https:\/\/www.raschvin.com\/sv\/wp-json\/wp\/v2\/types\/product"}],"wp:featuredmedia":[{"embeddable":true,"href":"https:\/\/www.raschvin.com\/sv\/wp-json\/wp\/v2\/media\/120138"}],"wp:attachment":[{"href":"https:\/\/www.raschvin.com\/sv\/wp-json\/wp\/v2\/media?parent=120134"}],"wp:term":[{"taxonomy":"product_brand","embeddable":true,"href":"https:\/\/www.raschvin.com\/sv\/wp-json\/wp\/v2\/product_brand?post=120134"},{"taxonomy":"product_cat","embeddable":true,"href":"https:\/\/www.raschvin.com\/sv\/wp-json\/wp\/v2\/product_cat?post=120134"},{"taxonomy":"product_tag","embeddable":true,"href":"https:\/\/www.raschvin.com\/sv\/wp-json\/wp\/v2\/product_tag?post=120134"}],"curies":[{"name":"wp","href":"https:\/\/api.w.org\/{rel}","templated":true}]}}