{"id":119776,"date":"2026-03-18T10:03:33","date_gmt":"2026-03-18T09:03:33","guid":{"rendered":"https:\/\/www.raschvin.com\/?post_type=product&#038;p=119776"},"modified":"2026-03-18T10:35:09","modified_gmt":"2026-03-18T09:35:09","slug":"franska-vita-vardagsfavoriter-vinpaket-6x75-cl-1x-cap-royal-1x-le-temps-syrah-1x-boislauzon-villages-1x-perigord-merlot-1x-long-dog-1x-mougeottes-pinot-kopier-2","status":"publish","type":"product","link":"https:\/\/www.raschvin.com\/sv\/produkt\/franska-vita-vardagsfavoriter-vinpaket-6x75-cl-1x-cap-royal-1x-le-temps-syrah-1x-boislauzon-villages-1x-perigord-merlot-1x-long-dog-1x-mougeottes-pinot-kopier-2\/","title":{"rendered":"Pinot Noir Vardagsfavoriter &#8211; Vinpaket 6&#215;75 cl. (1x True Pinot Noir, 1x David Pinot Noir, 1x Mougeottes Pinot, 1x Ehrhart Pinot, 1x Errazuriz Reserve Pinot, 1x Girlan Pinot Noir)"},"content":{"rendered":"<p data-start=\"123\" data-end=\"779\">F\u00f6r mig \u00e4r Pinot Noir druvan man g\u00e4rna \u00e5terv\u00e4nder till n\u00e4r man vill ha r\u00f6tt vin med b\u00e5de charm och finess. Den kan vara saftig och b\u00e4rig, silkeslen och elegant, men ocks\u00e5 \u00f6verraskande smakrik n\u00e4r den kommer fr\u00e5n lite varmare l\u00e4gen. I <strong data-start=\"357\" data-end=\"390\">Pinot Noir Hverdagsfavoritter<\/strong> har du d\u00e4rf\u00f6r ett paket som visar druvans bredd p\u00e5 ett v\u00e4ldigt tillg\u00e4ngligt och njutbart s\u00e4tt \u2013 fr\u00e5n Kalifornien och Chile till Alsace, Languedoc, Alto Adige och Sydafrika. Det h\u00e4r \u00e4r viner som fungerar lika fint till middag som till ett glas i lugn och ro, och som g\u00e5ng p\u00e5 g\u00e5ng p\u00e5minner om varf\u00f6r Pinot Noir \u00e4r en av vinv\u00e4rldens mest \u00e4lskade druvor.<\/p>\n<h3 data-section-id=\"gvcxfr\" data-start=\"781\" data-end=\"815\">MAKE IT BIG! \u2013 True Pinot Noir<\/h3>\n<p data-start=\"816\" data-end=\"1334\">Ett mjukt och gener\u00f6st Pinot Noir-vin med gott om saftig frukt och en tillg\u00e4nglig, silkig stil. Smaken drar \u00e5t k\u00f6rsb\u00e4r, hallon och solmogen r\u00f6d frukt, med mjuka mogna tanniner och en rund avslutning som g\u00f6r vinet l\u00e4tt att tycka om. Det passar fint till viltf\u00e5gel, ljust k\u00f6tt, grillade r\u00e4tter och milda ostar. Vinet g\u00f6rs p\u00e5 Pinot Noir fr\u00e5n utvalda ving\u00e5rdar i Kalifornien, d\u00e4r druvorna enligt producenten hanteras varsamt efter sk\u00f6rd f\u00f6r att bevara b\u00e5de frukt, mjukhet och elegans.<\/p>\n<h3 data-section-id=\"e7b910\" data-start=\"1336\" data-end=\"1372\">Henri Ehrhart Pinot Noir R\u00e9serve<\/h3>\n<p data-start=\"1373\" data-end=\"1889\">En elegant men samtidigt smakrik Pinot Noir med tydlig r\u00f6d frukt, fin harmoni och silkeslena tanniner. H\u00e4r finns en klassisk, l\u00e4tt kryddig och b\u00e4rig stil som k\u00e4nns b\u00e5de matv\u00e4nlig och l\u00e4tt att njuta av. Vinet passar bra till lamm, kalv, marinerat fl\u00e4sk, charkuterier och rustika r\u00e4tter d\u00e4r man vill ha ett r\u00f6tt vin med friskhet och mjuk struktur. Det g\u00f6rs p\u00e5 Pinot Noir fr\u00e5n Henri Ehrharts egna vinmarker i Alsace, d\u00e4r familjen har full kontroll \u00f6ver b\u00e5de odling och buteljering.<\/p>\n<h3 data-section-id=\"b0343j\" data-start=\"1891\" data-end=\"1932\">Errazuriz Estate \u2013 Reserva Pinot Noir<\/h3>\n<p data-start=\"1933\" data-end=\"2499\">Ett friskt och elegant Pinot Noir-vin med r\u00f6da och m\u00f6rka b\u00e4r, k\u00f6rsb\u00e4r, subtil kryddighet och fina nyanser av karamell, bakverk och s\u00f6ta kryddor fr\u00e5n fatlagringen. I smaken \u00e4r det saftigt och livligt med pigg syra, eleganta tanniner och ett l\u00e5ngt, rent avslut. Det passar mycket bra till ljust k\u00f6tt, fet fisk, milda ostar, pasta med ljusa s\u00e5ser och svampr\u00e4tter. Vinet produceras i Aconcagua och lagras i sju m\u00e5nader p\u00e5 fransk och amerikansk ek, d\u00e4r en mindre andel av faten \u00e4r nya, vilket ger extra djup utan att ta \u00f6ver frukten.<\/p>\n<h3 data-section-id=\"1nx8vvq\" data-start=\"2501\" data-end=\"2530\">Les Mougeottes Pinot Noir<\/h3>\n<p data-start=\"2531\" data-end=\"3087\">En publikfriande och charmig Pinot Noir med ren doft av svarta k\u00f6rsb\u00e4r och hallon, saftig r\u00f6d b\u00e4rfrukt och en silkeslen finish. Stilen \u00e4r mjuk, medelfyllig och l\u00e4ttillg\u00e4nglig, med precis lagom rond\u00f6r f\u00f6r att g\u00f6ra vinet b\u00e5de gener\u00f6st och l\u00e4ttdrucket. Det passar utm\u00e4rkt till ankbr\u00f6st, pasta, charkuterier, bacon och milda ostar, och kan g\u00e4rna serveras l\u00e4tt svalt. Druvorna kommer fr\u00e5n soliga och kustn\u00e4ra ving\u00e5rdar i Languedoc, och vinet f\u00e5r en f\u00f6rsiktig ekpr\u00e4gel genom att ekstavar anv\u00e4nds i st\u00e5ltank f\u00f6re buteljering.<\/p>\n<h3 data-section-id=\"1cgqwtk\" data-start=\"3089\" data-end=\"3123\">Girlan \u2013 Pinot Noir \u201cPatricia\u201d<\/h3>\n<p data-start=\"3124\" data-end=\"3753\">Det h\u00e4r \u00e4r ett mer seri\u00f6st och finslipat vin med klassisk Pinot Noir-karakt\u00e4r och tydlig alpinsk fr\u00e4sch\u00f6r. Smaken bjuder p\u00e5 s\u00f6tsyrliga k\u00f6rsb\u00e4r, hallon och en livlig syra som ger vinet energi, medan den sammetslena strukturen ger ett elegant och l\u00e5ngt avslut. Det passar mycket fint till italienska r\u00e4tter, kalv, f\u00e5gel och andra k\u00f6ttr\u00e4tter d\u00e4r man vill ha ett vin med b\u00e5de friskhet och precision. Druvorna kommer fr\u00e5n de tre cru-l\u00e4gena Girlan, Mazon och Pinzon i Alto Adige, handsk\u00f6rdas, j\u00e4ser 18\u201320 dagar i st\u00e5ltank och lagras d\u00e4refter 12 m\u00e5nader i stora tr\u00e4fat f\u00f6ljt av 6 m\u00e5nader p\u00e5 flaska.<\/p>\n<h3 data-section-id=\"1gusag9\" data-start=\"3755\" data-end=\"3785\">David Finlayson Pinot Noir<\/h3>\n<p data-start=\"3786\" data-end=\"4449\">En modern och mycket charmig sydafrikansk Pinot Noir med mogen hallon- och jordgubbsfrukt, en touch av vanilj samt fina drag av mineralitet och jordighet under den rena frukten. Stilen \u00e4r frisk, medelfyllig och l\u00e4tt p\u00e5 foten, men med tillr\u00e4cklig komplexitet f\u00f6r att k\u00e4nnas riktigt intressant i glaset. Det h\u00e4r \u00e4r ett vin som passar fint till anka, svampr\u00e4tter, fl\u00e4skr\u00e4tter och f\u00e5gel. Vinet g\u00f6rs p\u00e5 handsorterade druvor fr\u00e5n Stellenbosch, med en liten andel hela klasar i j\u00e4sningen, tv\u00e5 veckors skalkontakt och d\u00e4refter lagring i \u00e4ldre stora ekfat och franska ekfat, vilket ger struktur utan att f\u00f6rlora vinets eleganta frukt.<\/p>\n","protected":false},"excerpt":{"rendered":"<p>F\u00f6r mig \u00e4r Pinot Noir druvan man g\u00e4rna \u00e5terv\u00e4nder till n\u00e4r man vill ha r\u00f6tt vin med b\u00e5de charm och finess. Den kan vara saftig och b\u00e4rig, silkeslen och elegant,&#8230;<\/p>\n","protected":false},"featured_media":119780,"template":"","meta":{"_acf_changed":false,"rs_blank_template":"","rs_page_bg_color":"","slide_template_v7":""},"product_brand":[],"product_cat":[8960,4401],"product_tag":[],"class_list":{"0":"post-119776","1":"product","2":"type-product","3":"status-publish","4":"has-post-thumbnail","6":"product_cat-smaklada-rodvin","7":"product_cat-smaka-laador","8":"pa_drue-pinot-noir-sv","9":"pa_volume-450-sv","11":"first","12":"instock","13":"sale","14":"virtual","15":"taxable","16":"purchasable","17":"product-type-bundle"},"bundled_by":[],"bundle_stock_status":"instock","bundle_stock_quantity":"","bundle_virtual":false,"bundle_layout":"tabular","bundle_add_to_cart_form_location":"default","bundle_editable_in_cart":false,"bundle_sold_individually_context":"product","bundle_item_grouping":"noindent","bundle_min_size":"","bundle_max_size":"","bundle_price":{"price":{"min":{"incl_tax":"619","excl_tax":"495.2"},"max":{"incl_tax":"619","excl_tax":"495.2"}},"regular_price":{"min":{"incl_tax":"709","excl_tax":"567.2"},"max":{"incl_tax":"709","excl_tax":"567.2"}}},"bundled_items":[{"bundled_item_id":1521,"product_id":21514,"menu_order":0,"quantity_min":1,"quantity_max":1,"quantity_default":1,"priced_individually":false,"shipped_individually":false,"override_title":false,"title":"Girlan &#8211; Pinot Noir &#8220;Patricia&#8221; 75 cl.","override_description":false,"description":"Girlan &#8211; Pinot Noir &#8220;Patricia&#8221; 75 cl.","optional":false,"hide_thumbnail":false,"discount":"","override_variations":false,"allowed_variations":[""],"override_default_variation_attributes":false,"default_variation_attributes":[],"single_product_visibility":"visible","cart_visibility":"visible","order_visibility":"visible","single_product_price_visibility":"visible","cart_price_visibility":"visible","order_price_visibility":"visible","stock_status":"in_stock"},{"bundled_item_id":1522,"product_id":50232,"menu_order":1,"quantity_min":1,"quantity_max":1,"quantity_default":1,"priced_individually":false,"shipped_individually":false,"override_title":false,"title":"David Finlayson Pinot Noir 2023 75 cl.","override_description":false,"description":"David Finlayson Pinot Noir 2023 75 cl.","optional":false,"hide_thumbnail":false,"discount":"","override_variations":false,"allowed_variations":[""],"override_default_variation_attributes":false,"default_variation_attributes":[],"single_product_visibility":"visible","cart_visibility":"visible","order_visibility":"visible","single_product_price_visibility":"visible","cart_price_visibility":"visible","order_price_visibility":"visible","stock_status":"in_stock"},{"bundled_item_id":1523,"product_id":33725,"menu_order":2,"quantity_min":1,"quantity_max":1,"quantity_default":1,"priced_individually":false,"shipped_individually":false,"override_title":false,"title":"Errazuriz Estate \u2013 Reserva Pinot Noir 75 cl.","override_description":false,"description":"Errazuriz Estate \u2013 Reserva Pinot Noir 75 cl.","optional":false,"hide_thumbnail":false,"discount":"","override_variations":false,"allowed_variations":[""],"override_default_variation_attributes":false,"default_variation_attributes":[],"single_product_visibility":"visible","cart_visibility":"visible","order_visibility":"visible","single_product_price_visibility":"visible","cart_price_visibility":"visible","order_price_visibility":"visible","stock_status":"in_stock"},{"bundled_item_id":1524,"product_id":21770,"menu_order":3,"quantity_min":1,"quantity_max":1,"quantity_default":1,"priced_individually":false,"shipped_individually":false,"override_title":false,"title":"MAKE IT BIG! &#8211; True Pinot Noir 75 cl.","override_description":false,"description":"MAKE IT BIG! &#8211; True Pinot Noir 75 cl.","optional":false,"hide_thumbnail":false,"discount":"","override_variations":false,"allowed_variations":[""],"override_default_variation_attributes":false,"default_variation_attributes":[],"single_product_visibility":"visible","cart_visibility":"visible","order_visibility":"visible","single_product_price_visibility":"visible","cart_price_visibility":"visible","order_price_visibility":"visible","stock_status":"in_stock"},{"bundled_item_id":1525,"product_id":35310,"menu_order":4,"quantity_min":1,"quantity_max":1,"quantity_default":1,"priced_individually":false,"shipped_individually":false,"override_title":false,"title":"Henri Ehrhart Pinot Noir R\u00e9serve 75 cl.","override_description":false,"description":"Henri Ehrhart Pinot Noir R\u00e9serve 75 cl.","optional":false,"hide_thumbnail":false,"discount":"","override_variations":false,"allowed_variations":[""],"override_default_variation_attributes":false,"default_variation_attributes":[],"single_product_visibility":"visible","cart_visibility":"visible","order_visibility":"visible","single_product_price_visibility":"visible","cart_price_visibility":"visible","order_price_visibility":"visible","stock_status":"in_stock"},{"bundled_item_id":1526,"product_id":36453,"menu_order":5,"quantity_min":1,"quantity_max":1,"quantity_default":1,"priced_individually":false,"shipped_individually":false,"override_title":false,"title":"Les Mougeottes Pinot Noir 75 cl.","override_description":false,"description":"Les Mougeottes Pinot Noir 75 cl.","optional":false,"hide_thumbnail":false,"discount":"","override_variations":false,"allowed_variations":[""],"override_default_variation_attributes":false,"default_variation_attributes":[],"single_product_visibility":"visible","cart_visibility":"visible","order_visibility":"visible","single_product_price_visibility":"visible","cart_price_visibility":"visible","order_price_visibility":"visible","stock_status":"in_stock"}],"bundle_sell_ids":[],"acf":[],"_links":{"self":[{"href":"https:\/\/www.raschvin.com\/sv\/wp-json\/wp\/v2\/product\/119776","targetHints":{"allow":["GET"]}}],"collection":[{"href":"https:\/\/www.raschvin.com\/sv\/wp-json\/wp\/v2\/product"}],"about":[{"href":"https:\/\/www.raschvin.com\/sv\/wp-json\/wp\/v2\/types\/product"}],"wp:featuredmedia":[{"embeddable":true,"href":"https:\/\/www.raschvin.com\/sv\/wp-json\/wp\/v2\/media\/119780"}],"wp:attachment":[{"href":"https:\/\/www.raschvin.com\/sv\/wp-json\/wp\/v2\/media?parent=119776"}],"wp:term":[{"taxonomy":"product_brand","embeddable":true,"href":"https:\/\/www.raschvin.com\/sv\/wp-json\/wp\/v2\/product_brand?post=119776"},{"taxonomy":"product_cat","embeddable":true,"href":"https:\/\/www.raschvin.com\/sv\/wp-json\/wp\/v2\/product_cat?post=119776"},{"taxonomy":"product_tag","embeddable":true,"href":"https:\/\/www.raschvin.com\/sv\/wp-json\/wp\/v2\/product_tag?post=119776"}],"curies":[{"name":"wp","href":"https:\/\/api.w.org\/{rel}","templated":true}]}}