{"id":119568,"date":"2026-03-16T16:29:00","date_gmt":"2026-03-16T15:29:00","guid":{"rendered":"https:\/\/www.raschvin.com\/?post_type=product&#038;p=119568"},"modified":"2026-03-16T16:35:41","modified_gmt":"2026-03-16T15:35:41","slug":"kilchoman-16-years-old-70-cl-50-kopier","status":"publish","type":"product","link":"https:\/\/www.raschvin.com\/sv\/produkt\/kilchoman-16-years-old-70-cl-50-kopier\/","title":{"rendered":"Kilchoman 18 Years Old 70 cl. 46%"},"content":{"rendered":"<p data-start=\"65\" data-end=\"540\"><strong data-start=\"65\" data-end=\"103\">Kilchoman 18 Year Old Bourbon Cask<\/strong> \u00e4r en exklusiv single malt fr\u00e5n Islay, utgiven som en del av destilleriets 20-\u00e5rsjubileumsserie. Denna whisky \u00e4r den \u00e4ldsta buteljeringen fr\u00e5n Kilchoman hittills och representerar destilleriets mest raffinerade uttryck. Den \u00e4r fullt lagrad p\u00e5 ex-bourbonfat fr\u00e5n 2006 och buteljerad vid 46 % utan kylfiltrering och utan tillsatt f\u00e4rg. Resultatet \u00e4r en elegant balans mellan s\u00f6tma, fatkarakt\u00e4r och Kilchomans karakteristiska maritima r\u00f6k.<\/p>\n<p data-start=\"542\" data-end=\"715\"><strong data-start=\"542\" data-end=\"551\">Doft:<\/strong> Butterscotch, vanilj och kokos med l\u00e4tt r\u00f6k.<br data-start=\"596\" data-end=\"599\" \/><strong data-start=\"599\" data-end=\"608\">Smak:<\/strong> Karamell, kryddigt \u00e4pple och saltat tr\u00e4.<br data-start=\"649\" data-end=\"652\" \/><strong data-start=\"652\" data-end=\"663\">Finish:<\/strong> L\u00e5ng och v\u00e4rmande med honung, havsbris och s\u00f6t r\u00f6k.<\/p>\n<p data-start=\"717\" data-end=\"952\">Whiskyn har lagrats i 18 \u00e5r p\u00e5 fem noggrant utvalda ex-bourbonfat fr\u00e5n 2006. Den \u00e4r buteljerad som en del av Kilchomans 20th Anniversary Cask Series, non-chill filtered och med naturlig f\u00e4rg f\u00f6r att bevara autenticitet och komplexitet.<\/p>\n<p data-start=\"954\" data-end=\"1246\"><strong data-start=\"954\" data-end=\"981\">Om Kilchoman Distillery<\/strong><br data-start=\"981\" data-end=\"984\" \/>Kilchoman \u00e4r Skottlands enda g\u00e5rdsdestilleri och ligger p\u00e5 Rockside Farm p\u00e5 nordv\u00e4stra Islay. H\u00e4r odlar destilleriet sitt eget korn vid Machir Bay och \u00e4r samtidigt det enda destilleriet p\u00e5 \u00f6n som b\u00e5de odlar och m\u00e4ltar korn fr\u00e5n Islay till destilleriets whiskyer.<\/p>\n<p data-start=\"1248\" data-end=\"1541\">Kilchoman grundades 2005 och lanserade sin f\u00f6rsta whisky 2009. Det \u00e4r klassisk Islay med tydliga, eleganta inslag av den torvr\u00f6k som Islay \u00e4r s\u00e5 \u00e4lskat f\u00f6r. Det unika med Kilchoman \u00e4r dock att destilleriets whiskyer ofta har en liten ton av citrus, som ger ett inslag av friskhet till drammen.<\/p>\n<p data-start=\"1543\" data-end=\"1857\">20 % av malten kommer fr\u00e5n den egna byggen, och man producerar uteslutande single malts \u2013 allts\u00e5 inte whisky till blends. Generellt \u00e4r det whiskyer som kan och b\u00f6r drickas unga och som sj\u00e4lva har en frisk och livlig karakt\u00e4r med en salt pr\u00e4gel. Det beror p\u00e5 att torven i \u00e5rhundraden har sk\u00f6ljts \u00f6ver av saltvatten.<\/p>\n<p data-start=\"1859\" data-end=\"2135\">Whiskyn j\u00e4ser i minst fyra dagar eller 50 timmar. D\u00e4refter d\u00f6r j\u00e4sten, och det \u00e4r vid denna tidpunkt som de flesta destillerier avslutar j\u00e4sningen. Kilchoman forts\u00e4tter l\u00e4ngre, vilket skapar en sekund\u00e4r j\u00e4sning och fler estrar. Man anv\u00e4nder sm\u00e5 pannor och dubbel destillering.<\/p>\n","protected":false},"excerpt":{"rendered":"<p>Islay Single Malt Scotch Whisky<\/p>\n","protected":false},"featured_media":119575,"template":"","meta":{"_acf_changed":false,"rs_blank_template":"","rs_page_bg_color":"","slide_template_v7":""},"product_brand":[],"product_cat":[2387,4651,2392],"product_tag":[],"class_list":{"0":"post-119568","1":"product","2":"type-product","3":"status-publish","4":"has-post-thumbnail","6":"product_cat-avec-sv","7":"product_cat-single-malt-sv","8":"product_cat-whisky-sv","9":"pa_land-skottland","10":"pa_procent-46-sv","11":"pa_producent-kilchoman-distillery-sv","12":"pa_region-islay-sv","13":"pa_traefad-bourbon-sv","14":"pa_volume-70-sv-2","16":"first","17":"instock","18":"sale","19":"taxable","20":"shipping-taxable","21":"purchasable","22":"product-type-simple"},"bundled_by":[],"bundle_stock_status":"instock","bundle_stock_quantity":2,"bundle_virtual":false,"bundle_layout":"","bundle_add_to_cart_form_location":"","bundle_editable_in_cart":false,"bundle_sold_individually_context":"","bundle_item_grouping":"","bundle_min_size":"","bundle_max_size":"","bundle_price":[],"bundled_items":[],"bundle_sell_ids":[],"acf":[],"_links":{"self":[{"href":"https:\/\/www.raschvin.com\/sv\/wp-json\/wp\/v2\/product\/119568","targetHints":{"allow":["GET"]}}],"collection":[{"href":"https:\/\/www.raschvin.com\/sv\/wp-json\/wp\/v2\/product"}],"about":[{"href":"https:\/\/www.raschvin.com\/sv\/wp-json\/wp\/v2\/types\/product"}],"wp:featuredmedia":[{"embeddable":true,"href":"https:\/\/www.raschvin.com\/sv\/wp-json\/wp\/v2\/media\/119575"}],"wp:attachment":[{"href":"https:\/\/www.raschvin.com\/sv\/wp-json\/wp\/v2\/media?parent=119568"}],"wp:term":[{"taxonomy":"product_brand","embeddable":true,"href":"https:\/\/www.raschvin.com\/sv\/wp-json\/wp\/v2\/product_brand?post=119568"},{"taxonomy":"product_cat","embeddable":true,"href":"https:\/\/www.raschvin.com\/sv\/wp-json\/wp\/v2\/product_cat?post=119568"},{"taxonomy":"product_tag","embeddable":true,"href":"https:\/\/www.raschvin.com\/sv\/wp-json\/wp\/v2\/product_tag?post=119568"}],"curies":[{"name":"wp","href":"https:\/\/api.w.org\/{rel}","templated":true}]}}