{"id":119298,"date":"2026-03-13T18:46:09","date_gmt":"2026-03-13T17:46:09","guid":{"rendered":"https:\/\/www.raschvin.com\/?post_type=product&#038;p=119298"},"modified":"2026-03-13T19:18:07","modified_gmt":"2026-03-13T18:18:07","slug":"papalin-haiti-6-years-old-ex-sherry-cask-70-cl-541-kopier","status":"publish","type":"product","link":"https:\/\/www.raschvin.com\/sv\/produkt\/papalin-haiti-6-years-old-ex-sherry-cask-70-cl-541-kopier\/","title":{"rendered":"Pullimut Rum Limited Edition 2026 70 cl. 47,4%"},"content":{"rendered":"<p data-start=\"13\" data-end=\"444\"><strong data-start=\"13\" data-end=\"25\">Pullimut<\/strong> [puli\u2019mud] \u00e4r en o\u00e4ndlig blandning av rom med \u00f6verraskande smakupplevelser. Som romimport\u00f6r och oberoende buteljerare f\u00e5r man ofta stora m\u00e4ngder rom, ibland mer \u00e4n man kan hantera. D\u00e4rf\u00f6r anv\u00e4nder vi ett 600-liters sherryfat som en kreativ bas f\u00f6r att skapa en helt s\u00e4rskild romblend. Endast h\u00e4lften tappas och buteljeras. Resten blir kvar i fatet och fylls l\u00f6pande p\u00e5 med mer rom, vilket g\u00f6r att historien forts\u00e4tter.<\/p>\n<p data-start=\"446\" data-end=\"669\"><strong data-start=\"446\" data-end=\"455\">Doft:<\/strong> M\u00f6rk och t\u00e4t arom med melass, brunt socker och karamelliserat socker. Toner av lakrits, l\u00e4tt br\u00e4nd toffee och m\u00f6rk choklad, avrundat av varma kryddor som kanel, nejlika och muskot samt en aning torr ek och sherry.<\/p>\n<p data-start=\"671\" data-end=\"1012\"><strong data-start=\"671\" data-end=\"680\">Smak:<\/strong> Fyllig och intensiv munk\u00e4nsla med tydlig melass\u00f6tma och mer kraft \u00e4n tidigare utg\u00e5vor. Smaken r\u00f6r sig mot m\u00f6rk sirap och toffee med inslag av br\u00e4nt socker, kryddor och torkad frukt. En l\u00e4tt bitter ton av kakao och torr ek ger struktur, och avslutningen \u00e4r l\u00e5ng, varm och kryddig med m\u00f6rk choklad och en torr, aromatisk fatkarakt\u00e4r.<\/p>\n","protected":false},"excerpt":{"rendered":"<p>Premium Aged Blended Rum<\/p>\n","protected":false},"featured_media":119317,"template":"","meta":{"_acf_changed":false,"rs_blank_template":"","rs_page_bg_color":"","slide_template_v7":""},"product_brand":[],"product_cat":[2387,4634,2391],"product_tag":[],"class_list":{"0":"post-119298","1":"product","2":"type-product","3":"status-publish","4":"has-post-thumbnail","6":"product_cat-avec-sv","7":"product_cat-premium-aged-sv","8":"product_cat-rom-sv","9":"pa_aargang-9080","10":"pa_champagne-type-cask-strength-sv","11":"pa_land-blend","12":"pa_procent-47-4-sv","13":"pa_producent-1423-aps-sv","14":"pa_volume-70-sv-2","16":"first","17":"instock","18":"sale","19":"taxable","20":"shipping-taxable","21":"purchasable","22":"product-type-simple"},"bundled_by":[],"bundle_stock_status":"instock","bundle_stock_quantity":null,"bundle_virtual":false,"bundle_layout":"","bundle_add_to_cart_form_location":"","bundle_editable_in_cart":false,"bundle_sold_individually_context":"","bundle_item_grouping":"","bundle_min_size":"","bundle_max_size":"","bundle_price":[],"bundled_items":[],"bundle_sell_ids":[],"acf":[],"_links":{"self":[{"href":"https:\/\/www.raschvin.com\/sv\/wp-json\/wp\/v2\/product\/119298","targetHints":{"allow":["GET"]}}],"collection":[{"href":"https:\/\/www.raschvin.com\/sv\/wp-json\/wp\/v2\/product"}],"about":[{"href":"https:\/\/www.raschvin.com\/sv\/wp-json\/wp\/v2\/types\/product"}],"wp:featuredmedia":[{"embeddable":true,"href":"https:\/\/www.raschvin.com\/sv\/wp-json\/wp\/v2\/media\/119317"}],"wp:attachment":[{"href":"https:\/\/www.raschvin.com\/sv\/wp-json\/wp\/v2\/media?parent=119298"}],"wp:term":[{"taxonomy":"product_brand","embeddable":true,"href":"https:\/\/www.raschvin.com\/sv\/wp-json\/wp\/v2\/product_brand?post=119298"},{"taxonomy":"product_cat","embeddable":true,"href":"https:\/\/www.raschvin.com\/sv\/wp-json\/wp\/v2\/product_cat?post=119298"},{"taxonomy":"product_tag","embeddable":true,"href":"https:\/\/www.raschvin.com\/sv\/wp-json\/wp\/v2\/product_tag?post=119298"}],"curies":[{"name":"wp","href":"https:\/\/api.w.org\/{rel}","templated":true}]}}