{"id":119294,"date":"2026-03-13T18:19:44","date_gmt":"2026-03-13T17:19:44","guid":{"rendered":"https:\/\/www.raschvin.com\/?post_type=product&#038;p=119294"},"modified":"2026-03-13T18:22:39","modified_gmt":"2026-03-13T17:22:39","slug":"torres-jaime-i-70-cl-38-kopier","status":"publish","type":"product","link":"https:\/\/www.raschvin.com\/sv\/produkt\/torres-jaime-i-70-cl-38-kopier\/","title":{"rendered":"Torres Jaime I 3 cl. (Tasting Sample) 38%"},"content":{"rendered":"<p>Torres 30 YO Brandy Jaime I<\/p>\n<p>Torres 30 YO Brandy Jaime I kommer fr\u00e5n upp till 30 \u00e5r gamla Solera Rums och \u00e4r f\u00f6rfinad med en f\u00f6rstklassig 1972 Eaux de vie fr\u00e5n Folle Blanche.<\/p>\n<p>Redan i n\u00e4san presenterar Torres 30 YO Jaime I sig extremt komplex. Kraftfulla toner av ek och torkad frukt m\u00f6ter n\u00f6taktiga toner av kokos och mandel i denna konjak.<\/p>\n<p>Utg\u00e5ng<\/p>\n<p>Avslutningen \u00e4r ocks\u00e5 \u00f6vertygande. Mycket l\u00e5ng och vackert intensiv, den g\u00e5r ihop och f\u00f6rf\u00f6r med s\u00f6ta accenter av vanilj och ek.<\/p>\n<p>Hyllning<\/p>\n<p>F\u00f6rresten: Detta \u00e4dla br\u00e4nnvin \u00e4r en hyllning till f\u00f6retagets grundare Jaime Torres Vendrell? Den h\u00f6ga kvaliteten och ovanliga formen (designad av den v\u00e4lk\u00e4nde arkitekten Tanaka) skulle s\u00e4kert ha inspirerat honom. Formen \u00e4r inspirerad av ett verk av den ber\u00f6mda konstn\u00e4ren Gaudi, huset i Barcelona, \u200b\u200b\u200b\u200b&#8221;La Pedrera&#8221;.<\/p>\n<p>Torres 30 Jaime I. Spanish Brandy erbjuder en otrolig blandning av n\u00e5gra av deras gamla lager, inklusive n\u00e5gra gjorda av Parellada-druvor (som de anv\u00e4nder i Torres 10) som har lagrats ytterligare f\u00f6r tillf\u00e4llen som detta. Den inneh\u00e5ller \u00e4ven sprit gjord p\u00e5 Folle Blanche-druvor och destillerad 1972. Mycket vackert presenterad, f\u00f6rst\u00e5s.<\/p>\n<p>UTM\u00c4RKELSER<\/p>\n<p>\u2022 Guldmedalj | International Spirits Challenge 2017<br \/>\n\u2022 Guldmedalj | Internationell vin- och spritt\u00e4vling 2017<br \/>\n\u2022 Guldmedalj | Internationell spritt\u00e4vling 2017<br \/>\n\u2022 Guldmedalj | Spritval 2017<br \/>\n\u2022 Dubbel guldmedalj | San Francisco World Spirits Competition 2016<br \/>\n\u2022 B\u00e4sta Brandy Solera | World Brandy Awards 2016<br \/>\n\u2022 V\u00e4rldens b\u00e4sta konjak | World Brandy Awards 2015<br \/>\n\u2022 Guldmedalj | Internationell vin- och spritt\u00e4vling 2015<br \/>\n\u2022 Guldmedalj | Internationell spritt\u00e4vling 2015<br \/>\n\u2022 Dubbel guldmedalj | San Francisco World Spirits Competition 2015<\/p>\n<p>TORRES BRANDY<\/p>\n<p>P\u00e5 1300-talet utvecklade Arnau de Vilanova, en katalansk l\u00e4kare, den f\u00f6rsta &#8221;Aqua Vitae&#8221;, ett vindestillat f\u00f6r medicinska \u00e4ndam\u00e5l. Ordet &#8221;brandy&#8221; \u00e4r av holl\u00e4ndskt ursprung och betyder &#8221;br\u00e4nt vin&#8221;. P\u00e5 1500-talet destillerade holl\u00e4ndska k\u00f6pm\u00e4n vin i destillerade och lagrade det p\u00e5 ekfat f\u00f6r transport.<br \/>\n1928 fortsatte Juan Torres Casals, den andra generationen av familjen Torres, arvet efter Arnau de Vilanova. Juan Torres Casals b\u00f6rjade g\u00f6ra lagrad konjak av de b\u00e4sta vita vinerna fr\u00e5n Pened\u00e8s (Barcelona). Som en del av processen destillerade han vinet och placerade det p\u00e5 ekfat. Juan Torres arbete blev erk\u00e4nt och hans konjak blev synonymt med kvalitet.<br \/>\nFamiljen Torres har varit vinproducenter sedan 1870 och kombinerar tradition och innovation f\u00f6r att producera prestigefyllda viner och konjak. De arbetar alltid med st\u00f6rsta respekt f\u00f6r jorden och milj\u00f6n och har vunnit flera internationella priser.<\/p>\n","protected":false},"excerpt":{"rendered":"<p>Solera Superior Brandy \u2013 Spain<\/p>\n","protected":false},"featured_media":103465,"template":"","meta":{"_acf_changed":false,"rs_blank_template":"","rs_page_bg_color":"","slide_template_v7":""},"product_brand":[],"product_cat":[8816,8625],"product_tag":[],"class_list":{"0":"post-119294","1":"product","2":"type-product","3":"status-publish","4":"has-post-thumbnail","6":"product_cat-brandy-smakprove","7":"product_cat-samples-sv","8":"pa_land-spanien-sv","9":"pa_procent-38-sv","10":"pa_producent-miguel-torres-s-a-sv","11":"pa_region-el-penedes-sv","12":"pa_volume-3-sv","14":"first","15":"instock","16":"taxable","17":"shipping-taxable","18":"purchasable","19":"product-type-simple"},"bundled_by":[],"bundle_stock_status":"instock","bundle_stock_quantity":null,"bundle_virtual":false,"bundle_layout":"","bundle_add_to_cart_form_location":"","bundle_editable_in_cart":false,"bundle_sold_individually_context":"","bundle_item_grouping":"","bundle_min_size":"","bundle_max_size":"","bundle_price":[],"bundled_items":[],"bundle_sell_ids":[],"acf":[],"_links":{"self":[{"href":"https:\/\/www.raschvin.com\/sv\/wp-json\/wp\/v2\/product\/119294","targetHints":{"allow":["GET"]}}],"collection":[{"href":"https:\/\/www.raschvin.com\/sv\/wp-json\/wp\/v2\/product"}],"about":[{"href":"https:\/\/www.raschvin.com\/sv\/wp-json\/wp\/v2\/types\/product"}],"wp:featuredmedia":[{"embeddable":true,"href":"https:\/\/www.raschvin.com\/sv\/wp-json\/wp\/v2\/media\/103465"}],"wp:attachment":[{"href":"https:\/\/www.raschvin.com\/sv\/wp-json\/wp\/v2\/media?parent=119294"}],"wp:term":[{"taxonomy":"product_brand","embeddable":true,"href":"https:\/\/www.raschvin.com\/sv\/wp-json\/wp\/v2\/product_brand?post=119294"},{"taxonomy":"product_cat","embeddable":true,"href":"https:\/\/www.raschvin.com\/sv\/wp-json\/wp\/v2\/product_cat?post=119294"},{"taxonomy":"product_tag","embeddable":true,"href":"https:\/\/www.raschvin.com\/sv\/wp-json\/wp\/v2\/product_tag?post=119294"}],"curies":[{"name":"wp","href":"https:\/\/api.w.org\/{rel}","templated":true}]}}